{"id":2882,"date":"2020-06-22T08:51:37","date_gmt":"2020-06-22T08:51:37","guid":{"rendered":"http:\/\/www.granitsbarbany.com\/?page_id=2882"},"modified":"2020-12-03T10:59:26","modified_gmt":"2020-12-03T10:59:26","slug":"tecnologia","status":"publish","type":"page","link":"http:\/\/www.granitsbarbany.com\/ca\/tecnologia\/","title":{"rendered":"Tecnologia"},"content":{"rendered":"<p>[vc_row][vc_column]\n\t\t\t<!-- START Tecno REVOLUTION SLIDER 6.2.23 --><p class=\"rs-p-wp-fix\"><\/p>\n\t\t\t<rs-module-wrap id=\"rev_slider_16_1_wrapper\" data-source=\"gallery\" style=\"background:#000000;padding:0;margin:0px auto;margin-top:0;margin-bottom:0;\">\n\t\t\t\t<rs-module id=\"rev_slider_16_1\" style=\"\" data-version=\"6.2.23\">\n\t\t\t\t\t<rs-slides>\n\t\t\t\t\t\t<rs-slide data-key=\"rs-33\" data-title=\"Slide\" data-anim=\"ei:d;eo:d;s:1000;r:0;t:fade;sl:0;\">\n\t\t\t\t\t\t\t<img src=\"\/\/www.granitsbarbany.com\/wp-content\/plugins\/revslider\/public\/assets\/assets\/transparent.png\" title=\"Tecnologia\" class=\"rev-slidebg\" data-no-retina>\n\t\t\t\t\t\t\t<rs-bgvideo \n\t\t\t\t\t\t\t\tdata-video=\"w:100%;h:100%;nse:false;l:true;ptimer:false;\"\n\t\t\t\t\t\t\t\tdata-mp4=\"\/\/www.granitsbarbany.com\/wp-content\/uploads\/2019\/09\/ofici.mp4\"\n\t\t\t\t\t\t\t><\/rs-bgvideo>\n<!--\n\t\t\t\t\t\t\t--><h1\n\t\t\t\t\t\t\t\tid=\"slider-16-slide-33-layer-0\" \n\t\t\t\t\t\t\t\tclass=\"rs-layer\"\n\t\t\t\t\t\t\t\tdata-type=\"text\"\n\t\t\t\t\t\t\t\tdata-xy=\"x:c;xo:0,4px,0,0;y:m;yo:-5px,0,-34px,0;\"\n\t\t\t\t\t\t\t\tdata-text=\"w:normal,normal,normal,normal;s:51,55,55,37;l:87,60,75,65;ls:13.2px,10px,11px,11px;a:center;\"\n\t\t\t\t\t\t\t\tdata-dim=\"w:auto,709px,436px,436px;\"\n\t\t\t\t\t\t\t\tdata-rsp_o=\"off\"\n\t\t\t\t\t\t\t\tdata-rsp_bd=\"off\"\n\t\t\t\t\t\t\t\tdata-frame_0=\"y:100%;\"\n\t\t\t\t\t\t\t\tdata-frame_1=\"e:power4.out;st:500;sp:1000;sR:500;\"\n\t\t\t\t\t\t\t\tdata-frame_999=\"o:0;st:w;sR:7500;\"\n\t\t\t\t\t\t\t\tstyle=\"z-index:8;font-family:EB Garamond;text-transform:uppercase;\"\n\t\t\t\t\t\t\t>Tecnologia \n\t\t\t\t\t\t\t<\/h1><!--\n\n\t\t\t\t\t\t\t--><rs-layer\n\t\t\t\t\t\t\t\tid=\"slider-16-slide-33-layer-3\" \n\t\t\t\t\t\t\t\tdata-type=\"image\"\n\t\t\t\t\t\t\t\tdata-xy=\"x:c;xo:-417px,-417px,-287px,-287px;y:m;yo:-4px,0,-34px,-55px;\"\n\t\t\t\t\t\t\t\tdata-text=\"w:normal;\"\n\t\t\t\t\t\t\t\tdata-dim=\"w:147px,147px,100px,100px;h:['1px','1px','1px','1px'];\"\n\t\t\t\t\t\t\t\tdata-rsp_o=\"off\"\n\t\t\t\t\t\t\t\tdata-rsp_bd=\"off\"\n\t\t\t\t\t\t\t\tdata-frame_0=\"x:100%;\"\n\t\t\t\t\t\t\t\tdata-frame_0_mask=\"u:t;\"\n\t\t\t\t\t\t\t\tdata-frame_1=\"st:500;sp:1000;\"\n\t\t\t\t\t\t\t\tdata-frame_1_mask=\"u:t;\"\n\t\t\t\t\t\t\t\tdata-frame_999=\"o:0;st:w;sR:7500;\"\n\t\t\t\t\t\t\t\tstyle=\"z-index:10;\"\n\t\t\t\t\t\t\t><img src=\"\/\/www.granitsbarbany.com\/wp-content\/uploads\/revslider\/main-home\/h1-rev-img-1.png\" width=\"147\" height=\"1\" data-no-retina> \n\t\t\t\t\t\t\t<\/rs-layer><!--\n\n\t\t\t\t\t\t\t--><rs-layer\n\t\t\t\t\t\t\t\tid=\"slider-16-slide-33-layer-4\" \n\t\t\t\t\t\t\t\tdata-type=\"image\"\n\t\t\t\t\t\t\t\tdata-xy=\"x:c;xo:401px,417px,287px,287px;y:m;yo:-4px,0,-34px,-55px;\"\n\t\t\t\t\t\t\t\tdata-text=\"w:normal;\"\n\t\t\t\t\t\t\t\tdata-dim=\"w:147px,147px,100px,100px;h:['1px','1px','1px','1px'];\"\n\t\t\t\t\t\t\t\tdata-rsp_o=\"off\"\n\t\t\t\t\t\t\t\tdata-rsp_bd=\"off\"\n\t\t\t\t\t\t\t\tdata-frame_0=\"x:-100%;\"\n\t\t\t\t\t\t\t\tdata-frame_0_mask=\"u:t;\"\n\t\t\t\t\t\t\t\tdata-frame_1=\"st:500;sp:1000;\"\n\t\t\t\t\t\t\t\tdata-frame_1_mask=\"u:t;\"\n\t\t\t\t\t\t\t\tdata-frame_999=\"o:0;st:w;sR:7500;\"\n\t\t\t\t\t\t\t\tstyle=\"z-index:9;\"\n\t\t\t\t\t\t\t><img src=\"\/\/www.granitsbarbany.com\/wp-content\/uploads\/revslider\/main-home\/h1-rev-img-1.png\" width=\"147\" height=\"1\" data-no-retina> \n\t\t\t\t\t\t\t<\/rs-layer><!--\n-->\t\t\t\t\t\t<\/rs-slide>\n\t\t\t\t\t<\/rs-slides>\n\t\t\t\t<\/rs-module>\n\t\t\t\t<script type=\"text\/javascript\">\n\t\t\t\t\tsetREVStartSize({c: 'rev_slider_16_1',rl:[1240,1024,778,480],el:[550,600,600,500],gw:[1300,1100,600,550],gh:[550,550,600,500],type:'standard',justify:'',layout:'fullwidth',mh:\"0\"});\n\t\t\t\t\tvar\trevapi16,\n\t\t\t\t\t\ttpj;\n\t\t\t\t\tfunction revinit_revslider161() {\n\t\t\t\t\tjQuery(function() {\n\t\t\t\t\t\ttpj = jQuery;\n\t\t\t\t\t\trevapi16 = tpj(\"#rev_slider_16_1\");\n\t\t\t\t\t\tif(revapi16==undefined || revapi16.revolution == undefined){\n\t\t\t\t\t\t\trevslider_showDoubleJqueryError(\"rev_slider_16_1\");\n\t\t\t\t\t\t}else{\n\t\t\t\t\t\t\trevapi16.revolution({\n\t\t\t\t\t\t\t\tsliderLayout:\"fullwidth\",\n\t\t\t\t\t\t\t\tduration:\"6000ms\",\n\t\t\t\t\t\t\t\tvisibilityLevels:\"1240,1024,778,480\",\n\t\t\t\t\t\t\t\tgridwidth:\"1300,1100,600,550\",\n\t\t\t\t\t\t\t\tgridheight:\"550,550,600,500\",\n\t\t\t\t\t\t\t\tperspective:600,\n\t\t\t\t\t\t\t\tperspectiveType:\"local\",\n\t\t\t\t\t\t\t\teditorheight:\"550,600,600,500\",\n\t\t\t\t\t\t\t\tresponsiveLevels:\"1240,1024,778,480\",\n\t\t\t\t\t\t\t\tprogressBar:{disableProgressBar:true},\n\t\t\t\t\t\t\t\tnavigation: {\n\t\t\t\t\t\t\t\t\tonHoverStop:false\n\t\t\t\t\t\t\t\t},\n\t\t\t\t\t\t\t\tfallbacks: {\n\t\t\t\t\t\t\t\t\tpanZoomDisableOnMobile:true,\n\t\t\t\t\t\t\t\t\tallowHTML5AutoPlayOnAndroid:true\n\t\t\t\t\t\t\t\t},\n\t\t\t\t\t\t\t});\n\t\t\t\t\t\t}\n\t\t\t\t\t\t\n\t\t\t\t\t});\n\t\t\t\t\t} \/\/ End of RevInitScript\n\t\t\t\tvar once_revslider161 = false;\n\t\t\t\tif (document.readyState === \"loading\") {document.addEventListener('readystatechange',function() { if((document.readyState === \"interactive\" || document.readyState === \"complete\") && !once_revslider161 ) { once_revslider161 = true; revinit_revslider161();}});} else {once_revslider161 = true; revinit_revslider161();}\n\t\t\t\t<\/script>\n\t\t\t<\/rs-module-wrap>\n\t\t\t<!-- END REVOLUTION SLIDER -->\n[\/vc_column][\/vc_row][vc_row row_content_width=&#8221;grid&#8221; css=&#8221;.vc_custom_1593763097848{padding-top: 145px !important;padding-bottom: 60px !important;}&#8221; el_class=&#8221;mes-picantpedra&#8221;][vc_column offset=&#8221;vc_col-lg-offset-1 vc_col-lg-10 vc_col-md-offset-0 vc_col-md-12 vc_col-sm-offset-0 vc_col-xs-12&#8243;]<div class=\"eltdf-section-title-holder   eltdf-st-decorative-line\" style=\"text-align: center\">\n\t<div class=\"eltdf-st-inner\">\n        \t\t\t\t\t<h2 class=\"eltdf-st-title\" >\n    <span class=\"eltdf-st-title-inner\"><span class=\"eltdf-st-side-line-left\" ><\/span>L'amiga silenciosa que ens ajuda fer-ho possible<span class=\"eltdf-st-side-line-right\" ><\/span><\/span>\n\t\t\t<\/h2>\n\t\t\t\t\t\t\t<\/div>\n<\/div>[vc_empty_space height=&#8221;10px&#8221;][\/vc_column][\/vc_row][vc_row content_placement=&#8221;middle&#8221; row_content_width=&#8221;grid&#8221; css=&#8221;.vc_custom_1603903103887{padding-bottom: 80px !important;}&#8221;][vc_column width=&#8221;1\/2&#8243; el_class=&#8221;imgs-valors&#8221;]<div class=\"eltdf-single-image-holder  eltdf-has-shadow  eltdf-image-animation-horizontal\">\n    <div class=\"eltdf-si-inner\" >\n                                    <img width=\"680\" height=\"680\" src=\"http:\/\/www.granitsbarbany.com\/wp-content\/uploads\/2020\/11\/tecnologia-img1.jpg\" class=\"attachment-full size-full\" alt=\"\" loading=\"lazy\" srcset=\"http:\/\/www.granitsbarbany.com\/wp-content\/uploads\/2020\/11\/tecnologia-img1.jpg 680w, http:\/\/www.granitsbarbany.com\/wp-content\/uploads\/2020\/11\/tecnologia-img1-300x300.jpg 300w, http:\/\/www.granitsbarbany.com\/wp-content\/uploads\/2020\/11\/tecnologia-img1-150x150.jpg 150w, http:\/\/www.granitsbarbany.com\/wp-content\/uploads\/2020\/11\/tecnologia-img1-650x650.jpg 650w\" sizes=\"(max-width: 680px) 100vw, 680px\" \/>                        <\/div>\n<\/div>[\/vc_column][vc_column width=&#8221;1\/2&#8243; css=&#8221;.vc_custom_1603903108214{padding-top: 8% !important;padding-right: 8% !important;padding-bottom: 8% !important;padding-left: 8% !important;}&#8221; el_class=&#8221;block-fullpad&#8221;][vc_column_text]El nostre taller est\u00e0 diferenciat per dos ramals: el mecanitzat i el d\u2019acabats. Aquesta configuraci\u00f3 est\u00e0 pensada per a produir peces \u00faniques i de dif\u00edcil execuci\u00f3.<\/p>\n<p>Dintre de la part de mecanitzat comptem amb maquinaria de darrera generaci\u00f3, com la de tipus CNC i Rob\u00f2tica, que degut al seu elevat cost estan a l\u2019abast de pocs tallers. La optimitzaci\u00f3 d\u2019aquesta part ha sigut fruit d\u2019una conviv\u00e8ncia exitosa entre la nostra feina artesanal i l\u2019ajuda de les m\u00e0quines. Aix\u00f2 ha sigut possible gr\u00e0cies al bagatge acumulat durant tants anys en la professi\u00f3.[\/vc_column_text][\/vc_column][\/vc_row][vc_row content_placement=&#8221;middle&#8221; row_content_width=&#8221;grid&#8221; css=&#8221;.vc_custom_1603903114643{padding-bottom: 80px !important;}&#8221;][vc_column width=&#8221;1\/2&#8243; css=&#8221;.vc_custom_1603903124525{padding-top: 8% !important;padding-right: 8% !important;padding-bottom: 8% !important;padding-left: 8% !important;}&#8221; el_class=&#8221;block-fullpad&#8221;][vc_column_text]En la part d\u2019acabats disposem d\u2019eines que ens han acompanyat des de que tenim \u00fas de ra\u00f3, com la buixarda, el cisell, el martell, la plomada o la ma\u00e7a. \u00c9s en aquesta secci\u00f3 on hi pren molta rellev\u00e0ncia l\u2019ofici dels nostres operaris, que s\u00f3n capa\u00e7os de realitzar les peces m\u00e9s complexes que et puguis imaginar i amb el m\u00e0xim d\u2019exig\u00e8ncia.<\/p>\n<p>L\u2019\u00fas d\u2019eines tradicionals no deixa de banda la formaci\u00f3 tecnol\u00f2gica creixent que s\u2019ha produ\u00eft dintre del taller, impulsada per les noves generacions.[\/vc_column_text][\/vc_column][vc_column width=&#8221;1\/2&#8243; el_class=&#8221;imgs-valors&#8221;]<div class=\"eltdf-single-image-holder  eltdf-has-shadow  eltdf-image-animation-horizontal\">\n    <div class=\"eltdf-si-inner\" >\n                                    <img width=\"680\" height=\"680\" src=\"http:\/\/www.granitsbarbany.com\/wp-content\/uploads\/2020\/07\/tecno2.jpg\" class=\"attachment-full size-full\" alt=\"\" loading=\"lazy\" srcset=\"http:\/\/www.granitsbarbany.com\/wp-content\/uploads\/2020\/07\/tecno2.jpg 680w, http:\/\/www.granitsbarbany.com\/wp-content\/uploads\/2020\/07\/tecno2-300x300.jpg 300w, http:\/\/www.granitsbarbany.com\/wp-content\/uploads\/2020\/07\/tecno2-150x150.jpg 150w, http:\/\/www.granitsbarbany.com\/wp-content\/uploads\/2020\/07\/tecno2-650x650.jpg 650w\" sizes=\"(max-width: 680px) 100vw, 680px\" \/>                        <\/div>\n<\/div>[\/vc_column][\/vc_row][vc_row content_placement=&#8221;middle&#8221; row_content_width=&#8221;grid&#8221; css=&#8221;.vc_custom_1594847569218{padding-bottom: 80px !important;}&#8221;][vc_column width=&#8221;1\/2&#8243; el_class=&#8221;imgs-valors&#8221;]<div class=\"eltdf-single-image-holder  eltdf-has-shadow  eltdf-image-animation-horizontal\">\n    <div class=\"eltdf-si-inner\" >\n                                    <img width=\"680\" height=\"680\" src=\"http:\/\/www.granitsbarbany.com\/wp-content\/uploads\/2020\/11\/tecnologia-img3.jpg\" class=\"attachment-full size-full\" alt=\"\" loading=\"lazy\" srcset=\"http:\/\/www.granitsbarbany.com\/wp-content\/uploads\/2020\/11\/tecnologia-img3.jpg 680w, http:\/\/www.granitsbarbany.com\/wp-content\/uploads\/2020\/11\/tecnologia-img3-300x300.jpg 300w, http:\/\/www.granitsbarbany.com\/wp-content\/uploads\/2020\/11\/tecnologia-img3-150x150.jpg 150w, http:\/\/www.granitsbarbany.com\/wp-content\/uploads\/2020\/11\/tecnologia-img3-650x650.jpg 650w\" sizes=\"(max-width: 680px) 100vw, 680px\" \/>                        <\/div>\n<\/div>[\/vc_column][vc_column width=&#8221;1\/2&#8243; css=&#8221;.vc_custom_1603902906732{padding-top: 8% !important;padding-right: 8% !important;padding-bottom: 8% !important;padding-left: 8% !important;}&#8221; el_class=&#8221;block-fullpad&#8221;][vc_column_text]A part de diversa maquin\u00e0ria est\u00e0ndard, disposem de tecnologia puntera que ens d\u00f3na la capacitat de treballar peces de grans formats.<\/p>\n<p>En primer lloc, comptem amb 5 robots articulats que tenen entre 6 i 7 eixos de mobilitat. Aquests bra\u00e7os mecanitzats treballen en tants eixos cartesians perqu\u00e8 d\u2019aquesta manera poden arribar a posicions de dif\u00edcil acc\u00e9s i imitar el comportament d\u2019un bra\u00e7 hum\u00e0.<\/p>\n<p>Com a fet anecd\u00f2tic, degut a l\u2019estima que els hi tenim i per a diferenciar-los entre ells, hem acabat posant nom a cadascun d\u2019aquests robots: s\u00f3n en Ram\u00f3n, la Maria, l\u2019Eurasi, el Guiver i el Canut.[\/vc_column_text][\/vc_column][\/vc_row][vc_row row_content_width=&#8221;grid&#8221; css=&#8221;.vc_custom_1600683315790{padding-bottom: 80px !important;}&#8221;][vc_column][vc_column_text]En el nostre taller tamb\u00e9 hi tenim 2 m\u00e0quines de tipus CNC (control num\u00e8ric per computadora), que a partir d\u2019una comuni\u00f3 entre software i maquin\u00e0ria, poden seguir instruccions seq\u00fcencials complexes i accelerar processos que s\u2019eternitzarien d\u2019altra forma. Una d\u2019elles, la BEPPO, ens permet treballar peces de grans dimensions; l\u2019altra, la BEPPA, \u00e9s molt pr\u00e0ctica per a realitzar peces m\u00e9s petites.<\/p>\n<p>Per \u00faltim, hem de fer menci\u00f3 tamb\u00e9 als 2 fils motlluradors, de 2 i 5 eixos cartesians, que ens ajuden en la tasca de donar relleu als ornaments.[\/vc_column_text][vc_empty_space height=&#8221;40px&#8221;]\n\t\t\t<!-- START robots REVOLUTION SLIDER 6.2.23 --><p class=\"rs-p-wp-fix\"><\/p>\n\t\t\t<rs-module-wrap id=\"rev_slider_24_2_wrapper\" data-source=\"gallery\" style=\"background:#000000;padding:0;margin:0px auto;margin-top:0;margin-bottom:0;\">\n\t\t\t\t<rs-module id=\"rev_slider_24_2\" style=\"\" data-version=\"6.2.23\">\n\t\t\t\t\t<rs-slides>\n\t\t\t\t\t\t<rs-slide data-key=\"rs-42\" data-title=\"Slide\" data-anim=\"ei:d;eo:d;s:1000;r:0;t:fade;sl:0;\">\n\t\t\t\t\t\t\t<img src=\"\/\/www.granitsbarbany.com\/wp-content\/plugins\/revslider\/public\/assets\/assets\/transparent.png\" title=\"Tecnologia\" class=\"rev-slidebg\" data-no-retina>\n\t\t\t\t\t\t\t<rs-bgvideo \n\t\t\t\t\t\t\t\tdata-video=\"w:100%;h:100%;nse:false;l:true;ptimer:false;\"\n\t\t\t\t\t\t\t\tdata-mp4=\"\/\/www.granitsbarbany.com\/wp-content\/uploads\/2020\/07\/Barbany_tecnologia.mov\"\n\t\t\t\t\t\t\t><\/rs-bgvideo>\n<!--\n\t\t\t\t\t\t\t--><rs-layer\n\t\t\t\t\t\t\t\tid=\"slider-24-slide-42-layer-0\" \n\t\t\t\t\t\t\t\tdata-type=\"text\"\n\t\t\t\t\t\t\t\tdata-xy=\"x:c;xo:0,4px,0,0;y:m;yo:-5px,0,-34px,0;\"\n\t\t\t\t\t\t\t\tdata-text=\"w:normal,normal,normal,normal;s:51,55,55,40;l:87,60,75,65;ls:13.2px,10px,11px,11px;a:center;\"\n\t\t\t\t\t\t\t\tdata-dim=\"w:auto,709px,436px,436px;\"\n\t\t\t\t\t\t\t\tdata-rsp_o=\"off\"\n\t\t\t\t\t\t\t\tdata-rsp_bd=\"off\"\n\t\t\t\t\t\t\t\tdata-frame_0=\"y:100%;\"\n\t\t\t\t\t\t\t\tdata-frame_1=\"e:power4.out;st:500;sp:1000;sR:500;\"\n\t\t\t\t\t\t\t\tdata-frame_999=\"o:0;st:w;sR:7500;\"\n\t\t\t\t\t\t\t\tstyle=\"z-index:8;font-family:EB Garamond;text-transform:uppercase;display:none;\"\n\t\t\t\t\t\t\t>Tecnologia \n\t\t\t\t\t\t\t<\/rs-layer><!--\n\n\t\t\t\t\t\t\t--><rs-layer\n\t\t\t\t\t\t\t\tid=\"slider-24-slide-42-layer-3\" \n\t\t\t\t\t\t\t\tdata-type=\"image\"\n\t\t\t\t\t\t\t\tdata-xy=\"x:c;xo:-417px,-417px,-287px,-287px;y:m;yo:-4px,0,-34px,-55px;\"\n\t\t\t\t\t\t\t\tdata-text=\"w:normal;\"\n\t\t\t\t\t\t\t\tdata-dim=\"w:147px,147px,100px,100px;h:['1px','1px','1px','1px'];\"\n\t\t\t\t\t\t\t\tdata-rsp_o=\"off\"\n\t\t\t\t\t\t\t\tdata-rsp_bd=\"off\"\n\t\t\t\t\t\t\t\tdata-frame_0=\"x:100%;\"\n\t\t\t\t\t\t\t\tdata-frame_0_mask=\"u:t;\"\n\t\t\t\t\t\t\t\tdata-frame_1=\"st:500;sp:1000;\"\n\t\t\t\t\t\t\t\tdata-frame_1_mask=\"u:t;\"\n\t\t\t\t\t\t\t\tdata-frame_999=\"o:0;st:w;sR:7500;\"\n\t\t\t\t\t\t\t\tstyle=\"z-index:10;display:none;\"\n\t\t\t\t\t\t\t><img src=\"\/\/www.granitsbarbany.com\/wp-content\/uploads\/revslider\/main-home\/h1-rev-img-1.png\" width=\"147\" height=\"1\" data-no-retina> \n\t\t\t\t\t\t\t<\/rs-layer><!--\n\n\t\t\t\t\t\t\t--><rs-layer\n\t\t\t\t\t\t\t\tid=\"slider-24-slide-42-layer-4\" \n\t\t\t\t\t\t\t\tdata-type=\"image\"\n\t\t\t\t\t\t\t\tdata-xy=\"x:c;xo:401px,417px,287px,287px;y:m;yo:-4px,0,-34px,-55px;\"\n\t\t\t\t\t\t\t\tdata-text=\"w:normal;\"\n\t\t\t\t\t\t\t\tdata-dim=\"w:147px,147px,100px,100px;h:['1px','1px','1px','1px'];\"\n\t\t\t\t\t\t\t\tdata-rsp_o=\"off\"\n\t\t\t\t\t\t\t\tdata-rsp_bd=\"off\"\n\t\t\t\t\t\t\t\tdata-frame_0=\"x:-100%;\"\n\t\t\t\t\t\t\t\tdata-frame_0_mask=\"u:t;\"\n\t\t\t\t\t\t\t\tdata-frame_1=\"st:500;sp:1000;\"\n\t\t\t\t\t\t\t\tdata-frame_1_mask=\"u:t;\"\n\t\t\t\t\t\t\t\tdata-frame_999=\"o:0;st:w;sR:7500;\"\n\t\t\t\t\t\t\t\tstyle=\"z-index:9;display:none;\"\n\t\t\t\t\t\t\t><img src=\"\/\/www.granitsbarbany.com\/wp-content\/uploads\/revslider\/main-home\/h1-rev-img-1.png\" width=\"147\" height=\"1\" data-no-retina> \n\t\t\t\t\t\t\t<\/rs-layer><!--\n-->\t\t\t\t\t\t<\/rs-slide>\n\t\t\t\t\t<\/rs-slides>\n\t\t\t\t\t<rs-static-layers><!--\n\t\t\t\t\t--><\/rs-static-layers>\n\t\t\t\t<\/rs-module>\n\t\t\t\t<script type=\"text\/javascript\">\n\t\t\t\t\tsetREVStartSize({c: 'rev_slider_24_2',rl:[1240,1024,778,480],el:[550,600,600,500],gw:[1300,1100,600,800],gh:[550,550,600,500],type:'standard',justify:'',layout:'fullwidth',mh:\"0\"});\n\t\t\t\t\tvar\trevapi24,\n\t\t\t\t\t\ttpj;\n\t\t\t\t\tfunction revinit_revslider242() {\n\t\t\t\t\tjQuery(function() {\n\t\t\t\t\t\ttpj = jQuery;\n\t\t\t\t\t\trevapi24 = tpj(\"#rev_slider_24_2\");\n\t\t\t\t\t\tif(revapi24==undefined || revapi24.revolution == undefined){\n\t\t\t\t\t\t\trevslider_showDoubleJqueryError(\"rev_slider_24_2\");\n\t\t\t\t\t\t}else{\n\t\t\t\t\t\t\trevapi24.revolution({\n\t\t\t\t\t\t\t\tduration:\"6000ms\",\n\t\t\t\t\t\t\t\tvisibilityLevels:\"1240,1024,778,480\",\n\t\t\t\t\t\t\t\tgridwidth:\"1300,1100,600,800\",\n\t\t\t\t\t\t\t\tgridheight:\"550,550,600,500\",\n\t\t\t\t\t\t\t\tperspective:600,\n\t\t\t\t\t\t\t\tperspectiveType:\"local\",\n\t\t\t\t\t\t\t\teditorheight:\"550,600,600,500\",\n\t\t\t\t\t\t\t\tresponsiveLevels:\"1240,1024,778,480\",\n\t\t\t\t\t\t\t\tprogressBar:{disableProgressBar:true},\n\t\t\t\t\t\t\t\tnavigation: {\n\t\t\t\t\t\t\t\t\tonHoverStop:false\n\t\t\t\t\t\t\t\t},\n\t\t\t\t\t\t\t\tfallbacks: {\n\t\t\t\t\t\t\t\t\tpanZoomDisableOnMobile:true,\n\t\t\t\t\t\t\t\t\tallowHTML5AutoPlayOnAndroid:true\n\t\t\t\t\t\t\t\t},\n\t\t\t\t\t\t\t});\n\t\t\t\t\t\t}\n\t\t\t\t\t\t\n\t\t\t\t\t});\n\t\t\t\t\t} \/\/ End of RevInitScript\n\t\t\t\tvar once_revslider242 = false;\n\t\t\t\tif (document.readyState === \"loading\") {document.addEventListener('readystatechange',function() { if((document.readyState === \"interactive\" || document.readyState === \"complete\") && !once_revslider242 ) { once_revslider242 = true; revinit_revslider242();}});} else {once_revslider242 = true; revinit_revslider242();}\n\t\t\t\t<\/script>\n\t\t\t<\/rs-module-wrap>\n\t\t\t<!-- END REVOLUTION SLIDER -->\n[\/vc_column][\/vc_row][vc_row row_content_width=&#8221;grid&#8221; disable_background_image=&#8221;&#8221; css=&#8221;.vc_custom_1590484665524{padding-top: 40px !important;padding-bottom: 40px !important;}&#8221; simple_background_image=&#8221;2547&#8243;][vc_column]<div class=\"eltdf-elements-holder   eltdf-two-columns  eltdf-responsive-mode-1024 eltdf-one-column-alignment-left\" ><div class=\"eltdf-eh-item    \"  data-item-class=\"eltdf-eh-custom-9679\" data-1400-1600=\"127px 60px 134px 150px\" data-1025-1399=\"127px 60px 134px 100px\" data-769-1024=\"127px 100px 62px 100px\" data-681-768=\"100px 20px 50px 20px\" data-680=\"80px 10px 60px 10px\">\n\t<div class=\"eltdf-eh-item-inner\">\n\t\t<div class=\"eltdf-eh-item-content eltdf-eh-custom-9679\" style=\"padding: 120px 110px 120px 110px\">\n\t\t\t<div class=\"eltdf-section-title-holder   \" style=\"text-align: left\">\n\t<div class=\"eltdf-st-inner\">\n                    <span class=\"eltdf-st-caption\" style=\"color: #ffffff;margin: 0 0 6px 0\">\n                <span class=\"eltdf-st-caption-inner\" >Seguim en contacte<\/span>\n            <\/span>\n        \t\t\t\t\t<h2 class=\"eltdf-st-title\" style=\"color: #ffffff\">\n    <span class=\"eltdf-st-title-inner\"><span class=\"eltdf-st-side-line-left\" ><\/span>Newsletter<span class=\"eltdf-st-side-line-right\" ><\/span><\/span>\n\t\t\t<\/h2>\n\t\t\t\t\t\t\t<\/div>\n<\/div>[vc_empty_space height=&#8221;4px&#8221;][vc_column_text]<\/p>\n<p style=\"color: #fff;\">Si vols rebre les novetats relatives al nostre equip i la nostra feina, deixa\u2019ns les teves dades per a seguir en contacte per e-mail.<\/p>\n<p>[\/vc_column_text][vc_empty_space height=&#8221;24px&#8221;]\t\t<\/div>\n\t<\/div>\n<\/div><div class=\"eltdf-eh-item    \"  data-item-class=\"eltdf-eh-custom-2053\" data-1400-1600=\"32px 150px 40px 50px\" data-1025-1399=\"0 100px 40px 50px\" data-769-1024=\"0 100px 160px 100px\" data-681-768=\"0 20px 100px 20px\" data-680=\"0 10px 100px 10px\">\n\t<div class=\"eltdf-eh-item-inner\">\n\t\t<div class=\"eltdf-eh-item-content eltdf-eh-custom-2053\" style=\"padding: 80px 120px 40px 80px\">\n\t\t\t<div role=\"form\" class=\"wpcf7\" id=\"wpcf7-f232-o1\" lang=\"ca\" dir=\"ltr\">\n<div class=\"screen-reader-response\"><p role=\"status\" aria-live=\"polite\" aria-atomic=\"true\"><\/p> <ul><\/ul><\/div>\n<form action=\"\/ca\/wp-json\/wp\/v2\/pages\/2882#wpcf7-f232-o1\" method=\"post\" class=\"wpcf7-form init\" novalidate=\"novalidate\" data-status=\"init\">\n<div style=\"display: none;\">\n<input type=\"hidden\" name=\"_wpcf7\" value=\"232\" \/>\n<input type=\"hidden\" name=\"_wpcf7_version\" value=\"5.4.2\" \/>\n<input type=\"hidden\" name=\"_wpcf7_locale\" value=\"ca\" \/>\n<input type=\"hidden\" name=\"_wpcf7_unit_tag\" value=\"wpcf7-f232-o1\" \/>\n<input type=\"hidden\" name=\"_wpcf7_container_post\" value=\"0\" \/>\n<input type=\"hidden\" name=\"_wpcf7_posted_data_hash\" value=\"\" \/>\n<input type=\"hidden\" name=\"_wpcf7_recaptcha_response\" value=\"\" \/>\n<\/div>\n<div class=\"eltdf-contact-form-main\">\n<p><label class=\"btnews-lb\"><span class=\"wpcf7-form-control-wrap your-name\"><input type=\"text\" name=\"your-name\" value=\"\" size=\"40\" class=\"wpcf7-form-control wpcf7-text wpcf7-validates-as-required\" aria-required=\"true\" aria-invalid=\"false\" placeholder=\"Nom\" \/><\/span> <\/label><br \/>\n<label class=\"btnews-lb\"><span class=\"wpcf7-form-control-wrap your-email\"><input type=\"email\" name=\"your-email\" value=\"\" size=\"40\" class=\"wpcf7-form-control wpcf7-text wpcf7-email wpcf7-validates-as-required wpcf7-validates-as-email\" aria-required=\"true\" aria-invalid=\"false\" placeholder=\"E-Mail\" \/><\/span> <\/label><\/p>\n<p><button type=\"submit\" class=\"wpcf7-form-control wpcf7-submit eltdf-btn eltdf-btn-medium eltdf-btn-outline-slit btnews eltdf-btn eltdf-btn-medium eltdf-btn-outline\"><span class=\"eltdf-btn-text\">Subscriu-te<\/span><\/button>\n<\/p><\/div>\n<div class=\"wpcf7-response-output\" aria-hidden=\"true\"><\/div><\/form><\/div>\t\t<\/div>\n\t<\/div>\n<\/div><\/div>[\/vc_column][\/vc_row]<\/p>\n","protected":false},"excerpt":{"rendered":"<p>[vc_row][vc_column][\/vc_column][\/vc_row][vc_row row_content_width=&#8221;grid&#8221; css=&#8221;.vc_custom_1593763097848{padding-top: 145px !important;padding-bottom: 60px !important;}&#8221; el_class=&#8221;mes-picantpedra&#8221;][vc_column offset=&#8221;vc_col-lg-offset-1 vc_col-lg-10 vc_col-md-offset-0 vc_col-md-12 vc_col-sm-offset-0 vc_col-xs-12&#8243;][vc_empty_space height=&#8221;10px&#8221;][\/vc_column][\/vc_row][vc_row content_placement=&#8221;middle&#8221; row_content_width=&#8221;grid&#8221; css=&#8221;.vc_custom_1603903103887{padding-bottom: 80px !important;}&#8221;][vc_column width=&#8221;1\/2&#8243; el_class=&#8221;imgs-valors&#8221;][\/vc_column][vc_column width=&#8221;1\/2&#8243; css=&#8221;.vc_custom_1603903108214{padding-top: 8% !important;padding-right: 8% !important;padding-bottom: 8% !important;padding-left: 8% !important;}&#8221; el_class=&#8221;block-fullpad&#8221;][vc_column_text]El nostre taller est\u00e0 diferenciat per dos ramals: [&hellip;]<\/p>\n","protected":false},"author":1,"featured_media":0,"parent":0,"menu_order":0,"comment_status":"closed","ping_status":"closed","template":"full-width.php","meta":{"inline_featured_image":false},"_links":{"self":[{"href":"http:\/\/www.granitsbarbany.com\/ca\/wp-json\/wp\/v2\/pages\/2882"}],"collection":[{"href":"http:\/\/www.granitsbarbany.com\/ca\/wp-json\/wp\/v2\/pages"}],"about":[{"href":"http:\/\/www.granitsbarbany.com\/ca\/wp-json\/wp\/v2\/types\/page"}],"author":[{"embeddable":true,"href":"http:\/\/www.granitsbarbany.com\/ca\/wp-json\/wp\/v2\/users\/1"}],"replies":[{"embeddable":true,"href":"http:\/\/www.granitsbarbany.com\/ca\/wp-json\/wp\/v2\/comments?post=2882"}],"version-history":[{"count":76,"href":"http:\/\/www.granitsbarbany.com\/ca\/wp-json\/wp\/v2\/pages\/2882\/revisions"}],"predecessor-version":[{"id":8067,"href":"http:\/\/www.granitsbarbany.com\/ca\/wp-json\/wp\/v2\/pages\/2882\/revisions\/8067"}],"wp:attachment":[{"href":"http:\/\/www.granitsbarbany.com\/ca\/wp-json\/wp\/v2\/media?parent=2882"}],"curies":[{"name":"wp","href":"https:\/\/api.w.org\/{rel}","templated":true}]}}