{"id":2891,"date":"2020-06-23T06:34:44","date_gmt":"2020-06-23T06:34:44","guid":{"rendered":"http:\/\/www.granitsbarbany.com\/?page_id=2891"},"modified":"2020-12-03T21:22:05","modified_gmt":"2020-12-03T21:22:05","slug":"valors","status":"publish","type":"page","link":"http:\/\/www.granitsbarbany.com\/ca\/valors\/","title":{"rendered":"Valors"},"content":{"rendered":"<p>[vc_row][vc_column]\n\t\t\t<!-- START valors REVOLUTION SLIDER 6.2.23 --><p class=\"rs-p-wp-fix\"><\/p>\n\t\t\t<rs-module-wrap id=\"rev_slider_18_1_wrapper\" data-source=\"gallery\" style=\"background:#000000;padding:0;margin:0px auto;margin-top:0;margin-bottom:0;\">\n\t\t\t\t<rs-module id=\"rev_slider_18_1\" style=\"\" data-version=\"6.2.23\">\n\t\t\t\t\t<rs-slides>\n\t\t\t\t\t\t<rs-slide data-key=\"rs-35\" data-title=\"Slide\" data-anim=\"ei:d;eo:d;s:1000;r:0;t:fade;sl:0;\">\n\t\t\t\t\t\t\t<img src=\"\/\/www.granitsbarbany.com\/wp-content\/plugins\/revslider\/public\/assets\/assets\/transparent.png\" title=\"Valors\" class=\"rev-slidebg\" data-no-retina>\n\t\t\t\t\t\t\t<rs-bgvideo \n\t\t\t\t\t\t\t\tdata-video=\"w:100%;h:100%;nse:false;l:true;ptimer:false;\"\n\t\t\t\t\t\t\t\tdata-mp4=\"\/\/www.granitsbarbany.com\/wp-content\/uploads\/2020\/07\/Barbany_valors.mov\"\n\t\t\t\t\t\t\t><\/rs-bgvideo>\n<!--\n\t\t\t\t\t\t\t--><h1\n\t\t\t\t\t\t\t\tid=\"slider-18-slide-35-layer-0\" \n\t\t\t\t\t\t\t\tclass=\"rs-layer\"\n\t\t\t\t\t\t\t\tdata-type=\"text\"\n\t\t\t\t\t\t\t\tdata-xy=\"x:c;xo:0,4px,0,0;y:m;yo:-5px,0,-34px,0;\"\n\t\t\t\t\t\t\t\tdata-text=\"w:normal,normal,normal,normal;s:51,55,55,40;l:87,60,75,65;ls:13.2px,10px,11px,11px;a:center;\"\n\t\t\t\t\t\t\t\tdata-dim=\"w:auto,709px,436px,436px;\"\n\t\t\t\t\t\t\t\tdata-rsp_o=\"off\"\n\t\t\t\t\t\t\t\tdata-rsp_bd=\"off\"\n\t\t\t\t\t\t\t\tdata-frame_0=\"y:100%;\"\n\t\t\t\t\t\t\t\tdata-frame_1=\"e:power4.out;st:500;sp:1000;sR:500;\"\n\t\t\t\t\t\t\t\tdata-frame_999=\"o:0;st:w;sR:7500;\"\n\t\t\t\t\t\t\t\tstyle=\"z-index:8;font-family:EB Garamond;text-transform:uppercase;\"\n\t\t\t\t\t\t\t>Valors \n\t\t\t\t\t\t\t<\/h1><!--\n\n\t\t\t\t\t\t\t--><rs-layer\n\t\t\t\t\t\t\t\tid=\"slider-18-slide-35-layer-3\" \n\t\t\t\t\t\t\t\tdata-type=\"image\"\n\t\t\t\t\t\t\t\tdata-xy=\"x:c;xo:-317px,-417px,-287px,-287px;y:m;yo:-4px,0,-34px,-55px;\"\n\t\t\t\t\t\t\t\tdata-text=\"w:normal;\"\n\t\t\t\t\t\t\t\tdata-dim=\"w:147px,147px,100px,100px;h:['1px','1px','1px','1px'];\"\n\t\t\t\t\t\t\t\tdata-rsp_o=\"off\"\n\t\t\t\t\t\t\t\tdata-rsp_bd=\"off\"\n\t\t\t\t\t\t\t\tdata-frame_0=\"x:100%;\"\n\t\t\t\t\t\t\t\tdata-frame_0_mask=\"u:t;\"\n\t\t\t\t\t\t\t\tdata-frame_1=\"st:500;sp:1000;\"\n\t\t\t\t\t\t\t\tdata-frame_1_mask=\"u:t;\"\n\t\t\t\t\t\t\t\tdata-frame_999=\"o:0;st:w;sR:7500;\"\n\t\t\t\t\t\t\t\tstyle=\"z-index:10;\"\n\t\t\t\t\t\t\t><img src=\"\/\/www.granitsbarbany.com\/wp-content\/uploads\/revslider\/main-home\/h1-rev-img-1.png\" width=\"147\" height=\"1\" data-no-retina> \n\t\t\t\t\t\t\t<\/rs-layer><!--\n\n\t\t\t\t\t\t\t--><rs-layer\n\t\t\t\t\t\t\t\tid=\"slider-18-slide-35-layer-4\" \n\t\t\t\t\t\t\t\tdata-type=\"image\"\n\t\t\t\t\t\t\t\tdata-xy=\"x:c;xo:301px,417px,287px,287px;y:m;yo:-4px,0,-34px,-55px;\"\n\t\t\t\t\t\t\t\tdata-text=\"w:normal;\"\n\t\t\t\t\t\t\t\tdata-dim=\"w:147px,147px,100px,100px;h:['1px','1px','1px','1px'];\"\n\t\t\t\t\t\t\t\tdata-rsp_o=\"off\"\n\t\t\t\t\t\t\t\tdata-rsp_bd=\"off\"\n\t\t\t\t\t\t\t\tdata-frame_0=\"x:-100%;\"\n\t\t\t\t\t\t\t\tdata-frame_0_mask=\"u:t;\"\n\t\t\t\t\t\t\t\tdata-frame_1=\"st:500;sp:1000;\"\n\t\t\t\t\t\t\t\tdata-frame_1_mask=\"u:t;\"\n\t\t\t\t\t\t\t\tdata-frame_999=\"o:0;st:w;sR:7500;\"\n\t\t\t\t\t\t\t\tstyle=\"z-index:9;\"\n\t\t\t\t\t\t\t><img src=\"\/\/www.granitsbarbany.com\/wp-content\/uploads\/revslider\/main-home\/h1-rev-img-1.png\" width=\"147\" height=\"1\" data-no-retina> \n\t\t\t\t\t\t\t<\/rs-layer><!--\n-->\t\t\t\t\t\t<\/rs-slide>\n\t\t\t\t\t<\/rs-slides>\n\t\t\t\t<\/rs-module>\n\t\t\t\t<script type=\"text\/javascript\">\n\t\t\t\t\tsetREVStartSize({c: 'rev_slider_18_1',rl:[1240,1024,778,480],el:[550,600,600,500],gw:[1300,1100,600,550],gh:[550,550,600,500],type:'standard',justify:'',layout:'fullwidth',mh:\"0\"});\n\t\t\t\t\tvar\trevapi18,\n\t\t\t\t\t\ttpj;\n\t\t\t\t\tfunction revinit_revslider181() {\n\t\t\t\t\tjQuery(function() {\n\t\t\t\t\t\ttpj = jQuery;\n\t\t\t\t\t\trevapi18 = tpj(\"#rev_slider_18_1\");\n\t\t\t\t\t\tif(revapi18==undefined || revapi18.revolution == undefined){\n\t\t\t\t\t\t\trevslider_showDoubleJqueryError(\"rev_slider_18_1\");\n\t\t\t\t\t\t}else{\n\t\t\t\t\t\t\trevapi18.revolution({\n\t\t\t\t\t\t\t\tsliderLayout:\"fullwidth\",\n\t\t\t\t\t\t\t\tduration:\"6000ms\",\n\t\t\t\t\t\t\t\tvisibilityLevels:\"1240,1024,778,480\",\n\t\t\t\t\t\t\t\tgridwidth:\"1300,1100,600,550\",\n\t\t\t\t\t\t\t\tgridheight:\"550,550,600,500\",\n\t\t\t\t\t\t\t\tperspective:600,\n\t\t\t\t\t\t\t\tperspectiveType:\"local\",\n\t\t\t\t\t\t\t\teditorheight:\"550,600,600,500\",\n\t\t\t\t\t\t\t\tresponsiveLevels:\"1240,1024,778,480\",\n\t\t\t\t\t\t\t\tprogressBar:{disableProgressBar:true},\n\t\t\t\t\t\t\t\tnavigation: {\n\t\t\t\t\t\t\t\t\tonHoverStop:false\n\t\t\t\t\t\t\t\t},\n\t\t\t\t\t\t\t\tfallbacks: {\n\t\t\t\t\t\t\t\t\tpanZoomDisableOnMobile:true,\n\t\t\t\t\t\t\t\t\tallowHTML5AutoPlayOnAndroid:true\n\t\t\t\t\t\t\t\t},\n\t\t\t\t\t\t\t});\n\t\t\t\t\t\t}\n\t\t\t\t\t\t\n\t\t\t\t\t});\n\t\t\t\t\t} \/\/ End of RevInitScript\n\t\t\t\tvar once_revslider181 = false;\n\t\t\t\tif (document.readyState === \"loading\") {document.addEventListener('readystatechange',function() { if((document.readyState === \"interactive\" || document.readyState === \"complete\") && !once_revslider181 ) { once_revslider181 = true; revinit_revslider181();}});} else {once_revslider181 = true; revinit_revslider181();}\n\t\t\t\t<\/script>\n\t\t\t<\/rs-module-wrap>\n\t\t\t<!-- END REVOLUTION SLIDER -->\n[\/vc_column][\/vc_row][vc_row row_content_width=&#8221;grid&#8221; css=&#8221;.vc_custom_1592920557280{padding-top: 145px !important;padding-bottom: 80px !important;}&#8221; el_class=&#8221;mes-picantpedra&#8221;][vc_column offset=&#8221;vc_col-lg-offset-1 vc_col-lg-10 vc_col-md-offset-0 vc_col-md-12 vc_col-sm-offset-0 vc_col-xs-12&#8243;]<div class=\"eltdf-section-title-holder   eltdf-st-decorative-line\" style=\"text-align: center\">\n\t<div class=\"eltdf-st-inner\">\n        \t\t\t\t\t<h2 class=\"eltdf-st-title\" >\n    <span class=\"eltdf-st-title-inner\"><span class=\"eltdf-st-side-line-left\" ><\/span>5 PILARS QUE ENS EMPENYEN A SEGUIR ENDAVANT<span class=\"eltdf-st-side-line-right\" ><\/span><\/span>\n\t\t\t<\/h2>\n\t\t\t\t\t\t\t<\/div>\n<\/div>[\/vc_column][\/vc_row][vc_row content_placement=&#8221;middle&#8221; row_content_width=&#8221;grid&#8221; css=&#8221;.vc_custom_1592922354213{padding-bottom: 50px !important;}&#8221;][vc_column width=&#8221;1\/2&#8243; el_class=&#8221;imgs-valors&#8221;]<div class=\"eltdf-single-image-holder  eltdf-has-shadow  eltdf-image-animation-vertical\">\n    <div class=\"eltdf-si-inner\" >\n                                    <img width=\"680\" height=\"680\" src=\"http:\/\/www.granitsbarbany.com\/wp-content\/uploads\/2020\/07\/artesania1.jpg\" class=\"attachment-full size-full\" alt=\"\" loading=\"lazy\" srcset=\"http:\/\/www.granitsbarbany.com\/wp-content\/uploads\/2020\/07\/artesania1.jpg 680w, http:\/\/www.granitsbarbany.com\/wp-content\/uploads\/2020\/07\/artesania1-300x300.jpg 300w, http:\/\/www.granitsbarbany.com\/wp-content\/uploads\/2020\/07\/artesania1-150x150.jpg 150w, http:\/\/www.granitsbarbany.com\/wp-content\/uploads\/2020\/07\/artesania1-650x650.jpg 650w\" sizes=\"(max-width: 680px) 100vw, 680px\" \/>                        <\/div>\n<\/div>[\/vc_column][vc_column width=&#8221;1\/2&#8243; css=&#8221;.vc_custom_1603895325365{padding-top: 8% !important;padding-right: 8% !important;padding-bottom: 8% !important;padding-left: 8% !important;}&#8221; el_class=&#8221;block-fullpad&#8221;]<div class=\"eltdf-section-title-holder   \" style=\"text-align: left\">\n\t<div class=\"eltdf-st-inner\">\n        \t\t\t\t\t<h3 class=\"eltdf-st-title\" style=\"font-size: 28px\">\n    <span class=\"eltdf-st-title-inner\"><span class=\"eltdf-st-side-line-left\" ><\/span>Artesania<span class=\"eltdf-st-side-line-right\" ><\/span><\/span>\n\t\t\t<\/h3>\n\t\t\t\t\t\t\t<\/div>\n<\/div>[vc_empty_space height=&#8221;1px&#8221;][vc_column_text]Ens apassiona l\u2019ofici de la pedra i tenim la sort de con\u00e8ixer-ne molts petits secrets i detalls. Sabies que la pedra quan est\u00e0 gla\u00e7ada no \u201ctrenca b\u00e9\u201d? O que hi ha pedres, com la pedra negra, que canvien molt de temperatura segons l\u2019ambient i en canvi d\u2019altres, com el travert\u00ed, que costen molt d\u2019escalfar?<\/p>\n<p>Tot aix\u00f2 ho hem viscut en carn pr\u00f2pia durant molts anys. Tant \u00e9s aix\u00ed que fins i tot membres com en Jordi i en Pitu han estat acreditats amb el t\u00edtol honor\u00edfic de Mestre Artes\u00e0.[\/vc_column_text][\/vc_column][\/vc_row][vc_row content_placement=&#8221;middle&#8221; row_content_width=&#8221;grid&#8221; css=&#8221;.vc_custom_1592922663401{padding-top: 50px !important;padding-bottom: 50px !important;}&#8221;][vc_column width=&#8221;1\/2&#8243; css=&#8221;.vc_custom_1603895335002{padding-top: 8% !important;padding-right: 8% !important;padding-bottom: 8% !important;padding-left: 8% !important;}&#8221; el_class=&#8221;block-fullpad&#8221;]<div class=\"eltdf-section-title-holder   \" style=\"text-align: left\">\n\t<div class=\"eltdf-st-inner\">\n        \t\t\t\t\t<h3 class=\"eltdf-st-title\" style=\"font-size: 28px\">\n    <span class=\"eltdf-st-title-inner\"><span class=\"eltdf-st-side-line-left\" ><\/span>Hist\u00f2ria<span class=\"eltdf-st-side-line-right\" ><\/span><\/span>\n\t\t\t<\/h3>\n\t\t\t\t\t\t\t<\/div>\n<\/div>[vc_column_text]Portem m\u00e9s de 130 anys de tradici\u00f3 en l\u2019ofici. Com et pots imaginar, s\u00f3n moltes les an\u00e8cdotes que ens acompanyen des dels inicis. Si un dia tenim l&#8217;oportunitat de con\u00e8ixer-nos estarem encantats de compartir-ne alguna.<\/p>\n<p>Ens omple mantenir viva la hist\u00f2ria a trav\u00e9s de les obres de pedra i admirar com aquestes perduren en el temps davant de l\u2019entorn canviant.[\/vc_column_text][\/vc_column][vc_column width=&#8221;1\/2&#8243; el_class=&#8221;imgs-valors&#8221;]<div class=\"eltdf-single-image-holder  eltdf-has-shadow  eltdf-image-animation-vertical\">\n    <div class=\"eltdf-si-inner\" >\n                                    <img width=\"680\" height=\"680\" src=\"http:\/\/www.granitsbarbany.com\/wp-content\/uploads\/2020\/07\/historia1.jpg\" class=\"attachment-full size-full\" alt=\"\" loading=\"lazy\" srcset=\"http:\/\/www.granitsbarbany.com\/wp-content\/uploads\/2020\/07\/historia1.jpg 680w, http:\/\/www.granitsbarbany.com\/wp-content\/uploads\/2020\/07\/historia1-300x300.jpg 300w, http:\/\/www.granitsbarbany.com\/wp-content\/uploads\/2020\/07\/historia1-150x150.jpg 150w, http:\/\/www.granitsbarbany.com\/wp-content\/uploads\/2020\/07\/historia1-650x650.jpg 650w\" sizes=\"(max-width: 680px) 100vw, 680px\" \/>                        <\/div>\n<\/div>[\/vc_column][\/vc_row][vc_row content_placement=&#8221;middle&#8221; row_content_width=&#8221;grid&#8221; css=&#8221;.vc_custom_1592922673789{padding-top: 50px !important;padding-bottom: 50px !important;}&#8221;][vc_column width=&#8221;1\/2&#8243; el_class=&#8221;imgs-valors&#8221;]<div class=\"eltdf-single-image-holder  eltdf-has-shadow  eltdf-image-animation-vertical\">\n    <div class=\"eltdf-si-inner\" >\n                                    <img width=\"680\" height=\"680\" src=\"http:\/\/www.granitsbarbany.com\/wp-content\/uploads\/2020\/10\/fiablitat-barbany.jpg\" class=\"attachment-full size-full\" alt=\"\" loading=\"lazy\" srcset=\"http:\/\/www.granitsbarbany.com\/wp-content\/uploads\/2020\/10\/fiablitat-barbany.jpg 680w, http:\/\/www.granitsbarbany.com\/wp-content\/uploads\/2020\/10\/fiablitat-barbany-300x300.jpg 300w, http:\/\/www.granitsbarbany.com\/wp-content\/uploads\/2020\/10\/fiablitat-barbany-150x150.jpg 150w, http:\/\/www.granitsbarbany.com\/wp-content\/uploads\/2020\/10\/fiablitat-barbany-650x650.jpg 650w\" sizes=\"(max-width: 680px) 100vw, 680px\" \/>                        <\/div>\n<\/div>[\/vc_column][vc_column width=&#8221;1\/2&#8243; css=&#8221;.vc_custom_1603895340619{padding-top: 8% !important;padding-right: 8% !important;padding-bottom: 8% !important;padding-left: 8% !important;}&#8221; el_class=&#8221;block-fullpad&#8221;]<div class=\"eltdf-section-title-holder   \" style=\"text-align: left\">\n\t<div class=\"eltdf-st-inner\">\n        \t\t\t\t\t<h3 class=\"eltdf-st-title\" style=\"font-size: 28px\">\n    <span class=\"eltdf-st-title-inner\"><span class=\"eltdf-st-side-line-left\" ><\/span>Fiabilitat<span class=\"eltdf-st-side-line-right\" ><\/span><\/span>\n\t\t\t<\/h3>\n\t\t\t\t\t\t\t<\/div>\n<\/div>[vc_column_text]Tu demana, nosaltres ens encarregarem de plasmar la teva idea en pedra. Volem que sigui tan simple com aix\u00f2. Et donem la tranquil\u00b7litat d\u2019estar en bones mans i la seguretat de complir amb les teves exig\u00e8ncies. Tenim la maquin\u00e0ria i el coneixement necessari per fer-ho. [\/vc_column_text][\/vc_column][\/vc_row][vc_row content_placement=&#8221;middle&#8221; row_content_width=&#8221;grid&#8221; css=&#8221;.vc_custom_1592922680875{padding-top: 50px !important;padding-bottom: 50px !important;}&#8221;][vc_column width=&#8221;1\/2&#8243; css=&#8221;.vc_custom_1603895345563{padding-top: 8% !important;padding-right: 8% !important;padding-bottom: 8% !important;padding-left: 8% !important;}&#8221; el_class=&#8221;block-fullpad&#8221;]<div class=\"eltdf-section-title-holder   \" style=\"text-align: left\">\n\t<div class=\"eltdf-st-inner\">\n        \t\t\t\t\t<h3 class=\"eltdf-st-title\" style=\"font-size: 28px\">\n    <span class=\"eltdf-st-title-inner\"><span class=\"eltdf-st-side-line-left\" ><\/span>Respecte<span class=\"eltdf-st-side-line-right\" ><\/span><\/span>\n\t\t\t<\/h3>\n\t\t\t\t\t\t\t<\/div>\n<\/div>[vc_column_text]Pels nostres clients, per l\u2019entorn, per als qui observen les escultures de pedra amb deteniment, per als qui simplement les miren de re\u00fcll&#8230; Per a tots i cadascun d\u2019ells, hi dediquem el millor de nosaltres. Sabem que moltes persones gaudeixen d\u2019una obra de pedra ben feta i per aix\u00f2 tractem cada enc\u00e0rrec amb la m\u00e0xima dedicaci\u00f3 i respecte.[\/vc_column_text][\/vc_column][vc_column width=&#8221;1\/2&#8243; el_class=&#8221;imgs-valors&#8221;]<div class=\"eltdf-single-image-holder  eltdf-has-shadow  eltdf-image-animation-vertical\">\n    <div class=\"eltdf-si-inner\" >\n                                    <img width=\"680\" height=\"680\" src=\"http:\/\/www.granitsbarbany.com\/wp-content\/uploads\/2020\/09\/respecte-4.jpg\" class=\"attachment-full size-full\" alt=\"\" loading=\"lazy\" srcset=\"http:\/\/www.granitsbarbany.com\/wp-content\/uploads\/2020\/09\/respecte-4.jpg 680w, http:\/\/www.granitsbarbany.com\/wp-content\/uploads\/2020\/09\/respecte-4-300x300.jpg 300w, http:\/\/www.granitsbarbany.com\/wp-content\/uploads\/2020\/09\/respecte-4-150x150.jpg 150w, http:\/\/www.granitsbarbany.com\/wp-content\/uploads\/2020\/09\/respecte-4-650x650.jpg 650w\" sizes=\"(max-width: 680px) 100vw, 680px\" \/>                        <\/div>\n<\/div>[\/vc_column][\/vc_row][vc_row content_placement=&#8221;middle&#8221; row_content_width=&#8221;grid&#8221; css=&#8221;.vc_custom_1592922690566{padding-top: 50px !important;padding-bottom: 80px !important;}&#8221;][vc_column width=&#8221;1\/2&#8243; el_class=&#8221;imgs-valors&#8221;]<div class=\"eltdf-single-image-holder  eltdf-has-shadow  eltdf-image-animation-vertical\">\n    <div class=\"eltdf-si-inner\" >\n                                    <img width=\"680\" height=\"680\" src=\"http:\/\/www.granitsbarbany.com\/wp-content\/uploads\/2020\/09\/honestedat-1.jpg\" class=\"attachment-full size-full\" alt=\"\" loading=\"lazy\" srcset=\"http:\/\/www.granitsbarbany.com\/wp-content\/uploads\/2020\/09\/honestedat-1.jpg 680w, http:\/\/www.granitsbarbany.com\/wp-content\/uploads\/2020\/09\/honestedat-1-300x300.jpg 300w, http:\/\/www.granitsbarbany.com\/wp-content\/uploads\/2020\/09\/honestedat-1-150x150.jpg 150w, http:\/\/www.granitsbarbany.com\/wp-content\/uploads\/2020\/09\/honestedat-1-650x650.jpg 650w\" sizes=\"(max-width: 680px) 100vw, 680px\" \/>                        <\/div>\n<\/div>[\/vc_column][vc_column width=&#8221;1\/2&#8243; css=&#8221;.vc_custom_1603895349590{padding-top: 8% !important;padding-right: 8% !important;padding-bottom: 8% !important;padding-left: 8% !important;}&#8221; el_class=&#8221;block-fullpad&#8221;]<div class=\"eltdf-section-title-holder   \" style=\"text-align: left\">\n\t<div class=\"eltdf-st-inner\">\n        \t\t\t\t\t<h3 class=\"eltdf-st-title\" style=\"font-size: 28px\">\n    <span class=\"eltdf-st-title-inner\"><span class=\"eltdf-st-side-line-left\" ><\/span>Honestedat<span class=\"eltdf-st-side-line-right\" ><\/span><\/span>\n\t\t\t<\/h3>\n\t\t\t\t\t\t\t<\/div>\n<\/div>[vc_column_text]La veu de l&#8217;experi\u00e8ncia ens diu que els millors resultats sorgeixen d\u2019un alineament total entre picapedrer i client. Per tal de crear relacions satisfact\u00f2ries i de confian\u00e7a amb els nostres clients perseverem en establir una comunicaci\u00f3 propera i compartir les inquietuds de manera honesta i transparent.[\/vc_column_text][\/vc_column][\/vc_row][vc_row row_content_width=&#8221;grid&#8221; disable_background_image=&#8221;&#8221; css=&#8221;.vc_custom_1590484665524{padding-top: 40px !important;padding-bottom: 40px !important;}&#8221; simple_background_image=&#8221;2547&#8243;][vc_column]<div class=\"eltdf-elements-holder   eltdf-two-columns  eltdf-responsive-mode-1024 eltdf-one-column-alignment-left\" ><div class=\"eltdf-eh-item    \"  data-item-class=\"eltdf-eh-custom-1586\" data-1400-1600=\"127px 60px 134px 150px\" data-1025-1399=\"127px 60px 134px 100px\" data-769-1024=\"127px 100px 62px 100px\" data-681-768=\"100px 20px 50px 20px\" data-680=\"80px 10px 60px 10px\">\n\t<div class=\"eltdf-eh-item-inner\">\n\t\t<div class=\"eltdf-eh-item-content eltdf-eh-custom-1586\" style=\"padding: 120px 110px 120px 110px\">\n\t\t\t<div class=\"eltdf-section-title-holder   \" style=\"text-align: left\">\n\t<div class=\"eltdf-st-inner\">\n                    <span class=\"eltdf-st-caption\" style=\"color: #ffffff;margin: 0 0 6px 0\">\n                <span class=\"eltdf-st-caption-inner\" >Seguim en contacte<\/span>\n            <\/span>\n        \t\t\t\t\t<h2 class=\"eltdf-st-title\" style=\"color: #ffffff\">\n    <span class=\"eltdf-st-title-inner\"><span class=\"eltdf-st-side-line-left\" ><\/span>Newsletter<span class=\"eltdf-st-side-line-right\" ><\/span><\/span>\n\t\t\t<\/h2>\n\t\t\t\t\t\t\t<\/div>\n<\/div>[vc_empty_space height=&#8221;4px&#8221;][vc_column_text]<\/p>\n<p style=\"color: #fff;\">Si vols rebre les novetats relatives al nostre equip i la nostra feina, deixa\u2019ns les teves dades per a seguir en contacte per e-mail.<\/p>\n<p>[\/vc_column_text][vc_empty_space height=&#8221;24px&#8221;]\t\t<\/div>\n\t<\/div>\n<\/div><div class=\"eltdf-eh-item    \"  data-item-class=\"eltdf-eh-custom-8900\" data-1400-1600=\"32px 150px 40px 50px\" data-1025-1399=\"0 100px 40px 50px\" data-769-1024=\"0 100px 160px 100px\" data-681-768=\"0 20px 100px 20px\" data-680=\"0 10px 100px 10px\">\n\t<div class=\"eltdf-eh-item-inner\">\n\t\t<div class=\"eltdf-eh-item-content eltdf-eh-custom-8900\" style=\"padding: 80px 120px 40px 80px\">\n\t\t\t<div role=\"form\" class=\"wpcf7\" id=\"wpcf7-f232-o1\" lang=\"ca\" dir=\"ltr\">\n<div class=\"screen-reader-response\"><p role=\"status\" aria-live=\"polite\" aria-atomic=\"true\"><\/p> <ul><\/ul><\/div>\n<form action=\"\/ca\/wp-json\/wp\/v2\/pages\/2891#wpcf7-f232-o1\" method=\"post\" class=\"wpcf7-form init\" novalidate=\"novalidate\" data-status=\"init\">\n<div style=\"display: none;\">\n<input type=\"hidden\" name=\"_wpcf7\" value=\"232\" \/>\n<input type=\"hidden\" name=\"_wpcf7_version\" value=\"5.4.2\" \/>\n<input type=\"hidden\" name=\"_wpcf7_locale\" value=\"ca\" \/>\n<input type=\"hidden\" name=\"_wpcf7_unit_tag\" value=\"wpcf7-f232-o1\" \/>\n<input type=\"hidden\" name=\"_wpcf7_container_post\" value=\"0\" \/>\n<input type=\"hidden\" name=\"_wpcf7_posted_data_hash\" value=\"\" \/>\n<input type=\"hidden\" name=\"_wpcf7_recaptcha_response\" value=\"\" \/>\n<\/div>\n<div class=\"eltdf-contact-form-main\">\n<p><label class=\"btnews-lb\"><span class=\"wpcf7-form-control-wrap your-name\"><input type=\"text\" name=\"your-name\" value=\"\" size=\"40\" class=\"wpcf7-form-control wpcf7-text wpcf7-validates-as-required\" aria-required=\"true\" aria-invalid=\"false\" placeholder=\"Nom\" \/><\/span> <\/label><br \/>\n<label class=\"btnews-lb\"><span class=\"wpcf7-form-control-wrap your-email\"><input type=\"email\" name=\"your-email\" value=\"\" size=\"40\" class=\"wpcf7-form-control wpcf7-text wpcf7-email wpcf7-validates-as-required wpcf7-validates-as-email\" aria-required=\"true\" aria-invalid=\"false\" placeholder=\"E-Mail\" \/><\/span> <\/label><\/p>\n<p><button type=\"submit\" class=\"wpcf7-form-control wpcf7-submit eltdf-btn eltdf-btn-medium eltdf-btn-outline-slit btnews eltdf-btn eltdf-btn-medium eltdf-btn-outline\"><span class=\"eltdf-btn-text\">Subscriu-te<\/span><\/button>\n<\/p><\/div>\n<div class=\"wpcf7-response-output\" aria-hidden=\"true\"><\/div><\/form><\/div>\t\t<\/div>\n\t<\/div>\n<\/div><\/div>[\/vc_column][\/vc_row]<\/p>\n","protected":false},"excerpt":{"rendered":"<p>[vc_row][vc_column][\/vc_column][\/vc_row][vc_row row_content_width=&#8221;grid&#8221; css=&#8221;.vc_custom_1592920557280{padding-top: 145px !important;padding-bottom: 80px !important;}&#8221; el_class=&#8221;mes-picantpedra&#8221;][vc_column offset=&#8221;vc_col-lg-offset-1 vc_col-lg-10 vc_col-md-offset-0 vc_col-md-12 vc_col-sm-offset-0 vc_col-xs-12&#8243;][\/vc_column][\/vc_row][vc_row content_placement=&#8221;middle&#8221; row_content_width=&#8221;grid&#8221; css=&#8221;.vc_custom_1592922354213{padding-bottom: 50px !important;}&#8221;][vc_column width=&#8221;1\/2&#8243; el_class=&#8221;imgs-valors&#8221;][\/vc_column][vc_column width=&#8221;1\/2&#8243; css=&#8221;.vc_custom_1603895325365{padding-top: 8% !important;padding-right: 8% !important;padding-bottom: 8% !important;padding-left: 8% !important;}&#8221; el_class=&#8221;block-fullpad&#8221;][vc_empty_space height=&#8221;1px&#8221;][vc_column_text]Ens apassiona l\u2019ofici de la pedra i tenim [&hellip;]<\/p>\n","protected":false},"author":1,"featured_media":0,"parent":0,"menu_order":0,"comment_status":"closed","ping_status":"closed","template":"full-width.php","meta":{"inline_featured_image":false},"_links":{"self":[{"href":"http:\/\/www.granitsbarbany.com\/ca\/wp-json\/wp\/v2\/pages\/2891"}],"collection":[{"href":"http:\/\/www.granitsbarbany.com\/ca\/wp-json\/wp\/v2\/pages"}],"about":[{"href":"http:\/\/www.granitsbarbany.com\/ca\/wp-json\/wp\/v2\/types\/page"}],"author":[{"embeddable":true,"href":"http:\/\/www.granitsbarbany.com\/ca\/wp-json\/wp\/v2\/users\/1"}],"replies":[{"embeddable":true,"href":"http:\/\/www.granitsbarbany.com\/ca\/wp-json\/wp\/v2\/comments?post=2891"}],"version-history":[{"count":57,"href":"http:\/\/www.granitsbarbany.com\/ca\/wp-json\/wp\/v2\/pages\/2891\/revisions"}],"predecessor-version":[{"id":8097,"href":"http:\/\/www.granitsbarbany.com\/ca\/wp-json\/wp\/v2\/pages\/2891\/revisions\/8097"}],"wp:attachment":[{"href":"http:\/\/www.granitsbarbany.com\/ca\/wp-json\/wp\/v2\/media?parent=2891"}],"curies":[{"name":"wp","href":"https:\/\/api.w.org\/{rel}","templated":true}]}}