{"id":3,"date":"2020-05-21T16:39:40","date_gmt":"2020-05-21T16:39:40","guid":{"rendered":"http:\/\/www.granitsbarbany.com\/?page_id=3"},"modified":"2020-10-30T08:53:20","modified_gmt":"2020-10-30T08:53:20","slug":"politica-de-privacitat","status":"publish","type":"page","link":"http:\/\/www.granitsbarbany.com\/ca\/politica-de-privacitat\/","title":{"rendered":"Pol\u00edtica de privacitat"},"content":{"rendered":"<p>[vc_row css=&#8221;.vc_custom_1603973906510{padding-top: 80px !important;padding-bottom: 80px !important;}&#8221;][vc_column][vc_column_text]<strong>Informaci\u00f3 a l&#8217;usuari<\/strong><\/p>\n<p>El responsable del tractament de les teves dades personals \u00e9s Granits Barbany SL. CIF B62137088. Adre\u00e7a postal: c\/ Horts d&#8217;en Mateu, 10-12, 08450, Llinars del Vall\u00e8s (Barcelona).<\/p>\n<p>Acceptant la Pol\u00edtica de privacitat de Granits Barbany dones el teu consentiment per a enviar-te informaci\u00f3 sobre les novetats del portal granitsbarbany.com i tamb\u00e9 les novetats comercials, comunicacions informatives i\/o noves promocions dels seus serveis.<\/p>\n<p>Disposes del dret a oposici\u00f3, acc\u00e9s, rectificaci\u00f3 o cancel\u00b7laci\u00f3 de les vostres dades. Per a exercir-lo, nom\u00e9s cal que us poseu en contacte amb nosaltres a c\/ Horts d&#8217;en Mateu, 10-12, 08450, Llinars del Vall\u00e8s (Barcelona) o per correu electr\u00f2nic: info@granitsbarbany.com.<\/p>\n<p>Granits Barbany, SL, des d\u2019ara RESPONSABLE, \u00e9s el responsable del tractament de les dades personals de l\u2019usuari i l\u2019informa que aquestes dades seran tractades de conformitat amb el que disposen les normatives vigents en protecci\u00f3 de dades personals, el Reglament (UE) 2016\/679 de 27 d\u2019abril de 2016 (GDPR) relatiu a la protecci\u00f3 de les persones f\u00edsiques pel que fa al tractament de dades personals i a la lliure circulaci\u00f3 d\u2019aquestes dades pel que se li facilita la seg\u00fcent informaci\u00f3 del tractament:<\/p>\n<p>Finalitat del tractament: mantenir una relaci\u00f3 comercial amb l\u2019Usuari.<\/p>\n<p>Les operacions previstes per realitzar el tractament s\u00f3n:<\/p>\n<p>\u2013 Remissi\u00f3 de comunicacions comercials publicit\u00e0ries per email, fax, SMS, MMS, comunitats socials o qualsevol altre mitj\u00e0 electr\u00f2nic o f\u00edsic, present o futur, que possibiliti realitzar comunicacions comercials. Aquestes comunicacions seran realitzades pel RESPONSABLE i relacionades sobre els seus productes i serveis, o dels seus col\u00b7laboradors o prove\u00efdors amb els que aquest hagi arribat a algun acord de promoci\u00f3. En aquest cas, els tercers mai tindran acc\u00e9s a les dades personals.<\/p>\n<p>\u2013 Realitzar estudis estad\u00edstics.<\/p>\n<p>\u2013 Tramitar enc\u00e0rrecs de peticions o qualsevol tipus de petici\u00f3 que sigui realitzada per l\u2019usuari a trav\u00e9s de qualsevol de les formes de contacte que es posen a la seva disposici\u00f3.<\/p>\n<p>\u2013 Remetre el butllet\u00ed de not\u00edcies de la p\u00e0gina web.<\/p>\n<p><strong>Criteris de conservaci\u00f3 de les dades:<\/strong> es conservaran mentre hi hagi un inter\u00e8s mutu per mantenir la fi del tractament i quan ja no sigui necessari per a tal fi, es suprimiran amb mesures de seguretat adequades per garantir la seudonimitzaci\u00f3 de les dades o la destrucci\u00f3 total de les mateixes.<\/p>\n<p><strong>Comunicaci\u00f3 de les dades:<\/strong> No es comunicaran les dades a tercers, excepte per obligaci\u00f3 legal.<\/p>\n<p><strong>Drets que assisteixen a l\u2019usuari:<\/strong><\/p>\n<p>\u2013 Dret a retirar el consentiment en qualsevol moment. \u2013 Dret d\u2019acc\u00e9s, rectificaci\u00f3, portabilitat i supressi\u00f3 de les seves dades i de la limitaci\u00f3 o oposici\u00f3 al seu tractament.<\/p>\n<p>\u2013 Dret a presentar una reclamaci\u00f3 davant l\u2019autoritat de control (agpd.es) si considera que el tractament no s\u2019ajusta a la normativa vigent.<\/p>\n<p><strong>Dades de contacte per exercir els seus drets:<\/strong><\/p>\n<p>Granits Barbany, SL Adre\u00e7a postal: c\/ Horts d&#8217;en Mateu, 10-12, 08450, Llinars del Vall\u00e8s (Barcelona) Correu Electr\u00f2nic: info@granitsbarbany.com<\/p>\n<p>Els Usuaris, mitjan\u00e7ant la marcaci\u00f3 de les caselles corresponents i entrada de dades en els camps, marcats amb un asterisc (*) en el formulari de contacte o presentats en formularis de desc\u00e0rrega, accepten expressament i de forma lliure i inequ\u00edvoca, que les seves dades s\u00f3n necess\u00e0ries per atendre la seva petici\u00f3, per part del prestador, sent volunt\u00e0ria la inclusi\u00f3 de dades en els camps restants.L\u2019Usuari garanteix que les dades personals facilitades al RESPONSABLE s\u00f3n veraces i es fa responsable de comunicar qualsevol modificaci\u00f3 de les mateixes.<\/p>\n<p>El responsable informa i garanteix expressament als usuaris que les seves dades personals no seran cedides en cap cas a tercers, i que sempre que realitz\u00e9s algun tipus de cessi\u00f3 de dades personals, es demanar\u00e0 pr\u00e8viament el consentiment expr\u00e9s, informat i inequ\u00edvoc per part dels Usuaris. Totes les dades sol\u00b7licitades a trav\u00e9s del lloc web s\u00f3n obligatoris, ja que s\u00f3n necessaris per a la prestaci\u00f3 d\u2019un servei \u00f2ptim a l\u2019usuari. En cas que no siguin facilitades totes les dades, no es garanteix que la informaci\u00f3 i serveis facilitats siguin completament ajustats a les seves necessitats.<\/p>\n<p><strong>Pol\u00edtica respecte a les dades personals obtingudes a trav\u00e9s de formularis<\/strong><br \/>\nSense perjudici del que es preveu en tot all\u00f2 que s\u2019indica en cadascun dels formularis del web, quan l\u2019usuari faciliti les seves dades de car\u00e0cter personal, est\u00e0 autoritzant expressament Granits Barbany al tractament de les seves dades personals per a les finalitats que s\u2019hi indiquin i a la seva incorporaci\u00f3 a les bases de dades de la empresa.<\/p>\n<p>Granits Barbany incorporar\u00e0 les dades facilitades per l\u2019usuari en un fitxer degudament legalitzat davant l\u2019Ag\u00e8ncia de Protecci\u00f3 de Dades i establir\u00e0 les mesures de seguretat t\u00e8cniques i organitzatives per protegir la confidencialitat i integritat de la informaci\u00f3 d\u2019acord amb el que estableix la Llei org\u00e0nica 15\/1999, de 13 de desembre, de protecci\u00f3 de dades de car\u00e0cter personal i la legislaci\u00f3 addicional aplicable.<\/p>\n<p>En transmetre informacions a trav\u00e9s d\u2019aquest lloc web:<\/p>\n<p>L\u2019usuari declara el seu consentiment en el processament de les dades relatives a la seva persona, com el seu nom i funci\u00f3, la seva adre\u00e7a, n\u00famero de tel\u00e8fon, detalls per posar-s\u2019hi en contacte i altres dades personals.<\/p>\n<p>Les dades personals no seran donades a con\u00e8ixer per Granits Barbany a subjectes jur\u00eddics i persones que no siguin de l&#8217;empresa sense la seva autoritzaci\u00f3, a excepci\u00f3 dels casos indicats a continuaci\u00f3.<\/p>\n<p>Dades comercials: A l\u2019efecte del que disposa la Llei org\u00e0nica 15\/1999, de 13 de desembre, de protecci\u00f3 de dades de car\u00e0cter personal i la Llei 34\/2002, d\u201911 de juliol, de serveis de la societat de la informaci\u00f3, i de conformitat amb les lleis esmentades, Granits Barbany informa l\u2019usuari de l\u2019exist\u00e8ncia d\u2019un fitxer de dades de car\u00e0cter personal creat amb les dades aportades per l\u2019usuari i, per tant, obtingudes a la web per Granits Barbany, del qual \u00e9s responsable, amb les finalitats d\u2019informaci\u00f3 i prestaci\u00f3 dels serveis oferts al portal, aix\u00ed com la realitzaci\u00f3 d\u2019activitats promocionals i publicit\u00e0ries de productes comercialitzats per Granits Barbany a trav\u00e9s de qualsevol mitj\u00e0, incloent-hi l\u2019enviament de correus electr\u00f2nics i de missatges mitjan\u00e7ant qualsevol sistema \u2013incloent-hi SMS, UMTS, etc.\u2013, que puguin servir per fer ofertes, enviar informaci\u00f3 comercial, d\u2019esdeveniments, etc. Les seves dades i, si escau, opinions, suggeriments, etc. podran ser utilitzats per a estudis comercials i\/o de mercat, tot adequant les nostres ofertes a les seves prefer\u00e8ncies i\/o necessitats, a partir de l\u2019estudi i segmentaci\u00f3 de la informaci\u00f3 personal i comercial que figuri als nostres fitxers com a conseq\u00fc\u00e8ncia del seu acc\u00e9s a la web, aix\u00ed com per permetre una navegaci\u00f3 personalitzada. L\u2019esmentat fitxer es troba degudament inscrit en el Registre General de l\u2019Ag\u00e8ncia de Protecci\u00f3 de Dades.<\/p>\n<p>L\u2019usuari accepta expressament el tractament i la inclusi\u00f3 de les dades recollides durant la navegaci\u00f3 a la web, o proporcionades mitjan\u00e7ant l\u2019emplenament de qualsevol formulari, aix\u00ed com les derivades de la relaci\u00f3 comercial, en el fitxer automatitzat de dades de car\u00e0cter personal referit en l\u2019apartat anterior. Durant el proc\u00e9s de recollida de dades, i en cada lloc de la web en qu\u00e8 se sol\u2022licitin les dades esmentades, l\u2019usuari ser\u00e0 informat, mitjan\u00e7ant un hiperenlla\u00e7 o b\u00e9 la inclusi\u00f3 dels esments oportuns al mateix formulari, del car\u00e0cter obligatori o no de la recollida de les dades per al lliurament dels productes.<\/p>\n<p>L\u2019usuari podr\u00e0 exercir, respecte a les dades recollides, els drets reconeguts en la Llei org\u00e0nica 15\/1999, de 13 de desembre, de protecci\u00f3 de dades de car\u00e0cter personal, i especialment els drets d\u2019acc\u00e9s, rectificaci\u00f3, cancel\u2022laci\u00f3 i oposici\u00f3, sempre que sigui legalment pertinent, aix\u00ed com el de revocaci\u00f3 del consentiment per a la cessi\u00f3 de les seves dades o per a qualsevol dels usos abans esmentats. Els drets referits en el par\u00e0graf precedent es podran exercir mitjan\u00e7ant sol\u2022licitud escrita i signada, enviada per correu postal a l\u2019adre\u00e7a seg\u00fcent: Granits Barbany, SL, c\/ Horts d&#8217;en Mateu, 10-12, 08450, Llinars del Vall\u00e8s (Barcelona), o b\u00e9 a trav\u00e9s de la mateixa p\u00e0gina web.<\/p>\n<p>Granits Barbany es compromet, en la utilitzaci\u00f3 de les dades incloses en els fitxers referits m\u00e9s amunt, a respectar-ne la confidencialitat i a fer-les servir d\u2019acord amb la finalitat del fitxer, aix\u00ed com a complir la seva obligaci\u00f3 de guardar-les i a prendre totes les mesures necess\u00e0ries per evitar-ne l\u2019alteraci\u00f3, p\u00e8rdua, tractament o acc\u00e9s no autoritzat.<\/p>\n<p>Les dades incloses en els fitxers anteriors no seran objecte de cessi\u00f3 a tercers.<\/p>\n<p><strong>Confidencialitat<\/strong><\/p>\n<p>Granits Barbany es compromet a complir la seva obligaci\u00f3 de mantenir en secret les dades de car\u00e0cter personal i el seu deure de guardar-les de forma confidencial, i adoptar\u00e0 les mesures necess\u00e0ries per a evitar-ne l\u2019alteraci\u00f3, la p\u00e8rdua, el tractament o l\u2019acc\u00e9s no autoritzat, tenint en compte a tota hora l\u2019estat de la tecnologia.<\/p>\n<p><strong>Tractament de les dades obtingudes a trav\u00e9s de la navegaci\u00f3<\/strong><\/p>\n<p>Aquesta web fa servir cookies. Si voleu impedir-ne la generaci\u00f3, caldr\u00e0 que desactiveu aquesta acci\u00f3 des del vostre navegador.<\/p>\n<p>Les cookies s\u00f3n un conjunt de dades que un servidor diposita al navegador de l\u2019usuari i que pot sol\u2022licitar posteriorment per recon\u00e8ixer-lo al llarg d\u2019una s\u00e8rie de visites. \u00c9s a dir, es tracta d\u2019un petit fitxer de text que queda emmagatzemat al disc dur de l\u2019ordinador i que serveix per identificar l\u2019usuari quan es connecta novament al lloc web. El seu objectiu \u00e9s registrar la visita de l\u2019usuari i guardar certa informaci\u00f3.<\/p>\n<p>Quins tipus de cookies hi ha?<\/p>\n<p>Prenent com a base la seva durada, les cookies es poden classificar en \u201ccookies de sessi\u00f3\u201d i en \u201ccookies permanents\u201d. Les cookies de sessi\u00f3 s\u2019esborren de l\u2019equip de l\u2019usuari quan aquest abandona el lloc web visitat o tanca el navegador. Normalment s\u2019emmagatzemen en la mem\u00f2ria cau de l\u2019equip. D\u2019altra banda, les cookies permanents es guarden al disc dur de l\u2019equip de l\u2019usuari de forma permanent o prolongada, de manera que el lloc web que les ha llan\u00e7at pot llegir-les cada vegada que l\u2019usuari el visiti de nou. La data de caducitat d\u2019aquest tipus de cookies \u00e9s determinada pel lloc web que les llan\u00e7a.<\/p>\n<p>A m\u00e9s, Granits Barbany utilitza cookies d\u2019anal\u00edtica de Google Analytics. Serveixen per identificar de manera an\u00f2nima el visitant i per comptabilitzar aproximadament el nombre de visitants i la seva tend\u00e8ncia en el temps, aix\u00ed com per descobrir tamb\u00e9 de manera an\u00f2nima quins continguts s\u00f3n m\u00e9s consumits, si \u00e9s la primera vegada que es visita el web o b\u00e9 si es tracta d\u2019un usuari recurrent. Aquestes cookies \u00fanicament es fan servir amb prop\u00f2sits estad\u00edstics per optimitzar l\u2019experi\u00e8ncia dels usuaris al lloc. Es pot trobar m\u00e9s informaci\u00f3 sobre la pol\u00edtica de privacitat d\u2019aquestes eines d\u2019anal\u00edtica a Google Analytics.<\/p>\n<p>L\u2019usuari pot configurar el seu navegador perqu\u00e8 l\u2019avisi de la recepci\u00f3 de cookies i, si ho desitja, impedir-ne la instal\u2022laci\u00f3 al seu equip. Aix\u00ed mateix, l\u2019usuari pot revisar al seu navegador quines cookies t\u00e9 instal\u2022lades i quin \u00e9s el seu termini de caducitat, alhora que pot eliminar-les. Per ampliar aquesta informaci\u00f3, consulteu les instruccions i manuals del vostre navegador.<\/p>\n<p>En el cas que l\u2019usuari no permeti l\u2019\u00fas de cookies durant la seva navegaci\u00f3 per aquest lloc web, Granits Barbany no garanteix que la informaci\u00f3 apareguda durant la navegaci\u00f3 per aquest sigui exacta, completa o, fins i tot, que la navegaci\u00f3 sigui t\u00e8cnicament possible o viable.<\/p>\n<p>Actualment, la majoria de navegadors permeten a l\u2019usuari configurar si desitgen acceptar cookies i quines. Aquests ajustaments normalment es troben a les \u201cOpcions\u201d o \u201cPrefer\u00e8ncies\u201d del men\u00fa del navegador.<\/p>\n<p>Aquestes s\u00f3n les instruccions per configurar les cookies als principals navegadors:<br \/>\nFirefox: Eines -&gt; Opcions -&gt; Privacitat -&gt; Historial -&gt; Configuraci\u00f3 personalitzada. Per a m\u00e9s informaci\u00f3, podeu consultar el suport de Mozilla o l\u2019Ajuda del navegador.<\/p>\n<p>Chrome: Configuraci\u00f3 -&gt; Mostra opcions avan\u00e7ades -&gt; Privacitat -&gt; Configuraci\u00f3 de contingut. Per a m\u00e9s informaci\u00f3, podeu consultar el suport de Google o l\u2019Ajuda del navegador.<\/p>\n<p>Internet Explorer: Eines -&gt; Opcions d\u2019Internet -&gt; Privacitat -&gt; Configuraci\u00f3. Per a m\u00e9s informaci\u00f3, podeu consultar el suport de Microsoft o l\u2019Ajuda del navegador.<\/p>\n<p>Safari: Prefer\u00e8ncies -&gt; Seguretat. Per a m\u00e9s informaci\u00f3, podeu consultar el suport d\u2019Apple o l\u2019Ajuda del navegador.<\/p>\n<p><strong>Observacions de l\u2019usuari i dels col\u00b7laboradors<\/strong><br \/>\nEl col\u00b7laborador garanteix que la informaci\u00f3, el material, els continguts o les observacions que no siguin les seves pr\u00f2pies dades personals i que siguin facilitats a Granits Barbany a trav\u00e9s del web, no infringeixen els drets de propietat intel\u00b7lectual o industrial de tercers, ni cap altra disposici\u00f3 legal. La informaci\u00f3, els materials, els continguts o les observacions de car\u00e0cter no personal que l\u2019usuari faciliti a Granits Barbany, es consideraran no confidencials, i Granits Barbany es reservar\u00e0 el dret a usar-les de la manera que consideri m\u00e9s adequada.<\/p>\n<p><strong>Mesures de seguretat<\/strong><br \/>\nDe conformitat amb el que disposen les normatives vigents en protecci\u00f3 de dades personals, el RESPONSABLE est\u00e0 complint amb totes les disposicions de les normatives GDPR per al tractament de les dades personals de la seva responsabilitat, i manifestament amb els principis descrits a l\u2019article 5 de l\u2019GDPR, pels quals s\u00f3n tractats de manera l\u00edcita, lleial i transparent en relaci\u00f3 amb l\u2019interessat i adequades, pertinents i limitats al que necessari en relaci\u00f3 amb els fins per als quals s\u00f3n tractats.<\/p>\n<p>El RESPONSABLE garanteix que ha implementat pol\u00edtiques t\u00e8cniques i organitzatives apropiades per aplicar les mesures de seguretat que estableixen l\u2019GDPR per tal de protegir els drets i llibertats dels Usuaris i els ha comunicat la informaci\u00f3 adequada perqu\u00e8 puguin exercir-los.[\/vc_column_text][\/vc_column][\/vc_row]<\/p>\n","protected":false},"excerpt":{"rendered":"<p>[vc_row css=&#8221;.vc_custom_1603973906510{padding-top: 80px !important;padding-bottom: 80px !important;}&#8221;][vc_column][vc_column_text]Informaci\u00f3 a l&#8217;usuari El responsable del tractament de les teves dades personals \u00e9s Granits Barbany SL. CIF B62137088. Adre\u00e7a postal: c\/ Horts d&#8217;en Mateu, 10-12, 08450, Llinars del Vall\u00e8s (Barcelona). Acceptant la Pol\u00edtica de privacitat [&hellip;]<\/p>\n","protected":false},"author":1,"featured_media":0,"parent":0,"menu_order":0,"comment_status":"closed","ping_status":"open","template":"","meta":{"inline_featured_image":false},"_links":{"self":[{"href":"http:\/\/www.granitsbarbany.com\/ca\/wp-json\/wp\/v2\/pages\/3"}],"collection":[{"href":"http:\/\/www.granitsbarbany.com\/ca\/wp-json\/wp\/v2\/pages"}],"about":[{"href":"http:\/\/www.granitsbarbany.com\/ca\/wp-json\/wp\/v2\/types\/page"}],"author":[{"embeddable":true,"href":"http:\/\/www.granitsbarbany.com\/ca\/wp-json\/wp\/v2\/users\/1"}],"replies":[{"embeddable":true,"href":"http:\/\/www.granitsbarbany.com\/ca\/wp-json\/wp\/v2\/comments?post=3"}],"version-history":[{"count":7,"href":"http:\/\/www.granitsbarbany.com\/ca\/wp-json\/wp\/v2\/pages\/3\/revisions"}],"predecessor-version":[{"id":5822,"href":"http:\/\/www.granitsbarbany.com\/ca\/wp-json\/wp\/v2\/pages\/3\/revisions\/5822"}],"wp:attachment":[{"href":"http:\/\/www.granitsbarbany.com\/ca\/wp-json\/wp\/v2\/media?parent=3"}],"curies":[{"name":"wp","href":"https:\/\/api.w.org\/{rel}","templated":true}]}}