{"id":5173,"date":"2020-09-22T21:00:31","date_gmt":"2020-09-22T21:00:31","guid":{"rendered":"http:\/\/www.granitsbarbany.com\/?page_id=5173"},"modified":"2020-12-16T10:01:37","modified_gmt":"2020-12-16T10:01:37","slug":"materia","status":"publish","type":"page","link":"http:\/\/www.granitsbarbany.com\/ca\/materia\/","title":{"rendered":"Mat\u00e8ria"},"content":{"rendered":"<p>[vc_row][vc_column]\n\t\t\t<!-- START materia REVOLUTION SLIDER 6.2.23 --><p class=\"rs-p-wp-fix\"><\/p>\n\t\t\t<rs-module-wrap id=\"rev_slider_20_1_wrapper\" data-source=\"gallery\" style=\"background:#000000;padding:0;margin:0px auto;margin-top:0;margin-bottom:0;\">\n\t\t\t\t<rs-module id=\"rev_slider_20_1\" style=\"\" data-version=\"6.2.23\">\n\t\t\t\t\t<rs-slides>\n\t\t\t\t\t\t<rs-slide data-key=\"rs-37\" data-title=\"Slide\" data-anim=\"ei:d;eo:d;s:1000;r:0;t:fade;sl:0;\">\n\t\t\t\t\t\t\t<img src=\"\/\/www.granitsbarbany.com\/wp-content\/plugins\/revslider\/public\/assets\/assets\/transparent.png\" title=\"Mat\u00e8ria\" class=\"rev-slidebg\" data-no-retina>\n\t\t\t\t\t\t\t<rs-bgvideo \n\t\t\t\t\t\t\t\tdata-video=\"w:100%;h:100%;nse:false;l:true;ptimer:false;\"\n\t\t\t\t\t\t\t\tdata-mp4=\"\/\/www.granitsbarbany.com\/wp-content\/uploads\/2020\/07\/Barbany_materia2.mov\"\n\t\t\t\t\t\t\t><\/rs-bgvideo>\n<!--\n\t\t\t\t\t\t\t--><h1\n\t\t\t\t\t\t\t\tid=\"slider-20-slide-37-layer-0\" \n\t\t\t\t\t\t\t\tclass=\"rs-layer\"\n\t\t\t\t\t\t\t\tdata-type=\"text\"\n\t\t\t\t\t\t\t\tdata-xy=\"x:c;xo:0,4px,0,0;y:m;yo:-5px,0,-34px,0;\"\n\t\t\t\t\t\t\t\tdata-text=\"w:normal,normal,normal,normal;s:51,55,55,40;l:87,60,75,65;ls:13.2px,10px,11px,11px;a:center;\"\n\t\t\t\t\t\t\t\tdata-dim=\"w:auto,709px,436px,436px;\"\n\t\t\t\t\t\t\t\tdata-rsp_o=\"off\"\n\t\t\t\t\t\t\t\tdata-rsp_bd=\"off\"\n\t\t\t\t\t\t\t\tdata-frame_0=\"y:100%;\"\n\t\t\t\t\t\t\t\tdata-frame_1=\"e:power4.out;st:500;sp:1000;sR:500;\"\n\t\t\t\t\t\t\t\tdata-frame_999=\"o:0;st:w;sR:7500;\"\n\t\t\t\t\t\t\t\tstyle=\"z-index:8;font-family:EB Garamond;text-transform:uppercase;\"\n\t\t\t\t\t\t\t>Mat\u00e8ria \n\t\t\t\t\t\t\t<\/h1><!--\n\n\t\t\t\t\t\t\t--><rs-layer\n\t\t\t\t\t\t\t\tid=\"slider-20-slide-37-layer-3\" \n\t\t\t\t\t\t\t\tdata-type=\"image\"\n\t\t\t\t\t\t\t\tdata-xy=\"x:c;xo:-317px,-417px,-287px,-287px;y:m;yo:-4px,0,-34px,-55px;\"\n\t\t\t\t\t\t\t\tdata-text=\"w:normal;\"\n\t\t\t\t\t\t\t\tdata-dim=\"w:147px,147px,100px,100px;h:['1px','1px','1px','1px'];\"\n\t\t\t\t\t\t\t\tdata-rsp_o=\"off\"\n\t\t\t\t\t\t\t\tdata-rsp_bd=\"off\"\n\t\t\t\t\t\t\t\tdata-frame_0=\"x:100%;\"\n\t\t\t\t\t\t\t\tdata-frame_0_mask=\"u:t;\"\n\t\t\t\t\t\t\t\tdata-frame_1=\"st:500;sp:1000;\"\n\t\t\t\t\t\t\t\tdata-frame_1_mask=\"u:t;\"\n\t\t\t\t\t\t\t\tdata-frame_999=\"o:0;st:w;sR:7500;\"\n\t\t\t\t\t\t\t\tstyle=\"z-index:10;\"\n\t\t\t\t\t\t\t><img src=\"\/\/www.granitsbarbany.com\/wp-content\/uploads\/revslider\/main-home\/h1-rev-img-1.png\" width=\"147\" height=\"1\" data-no-retina> \n\t\t\t\t\t\t\t<\/rs-layer><!--\n\n\t\t\t\t\t\t\t--><rs-layer\n\t\t\t\t\t\t\t\tid=\"slider-20-slide-37-layer-4\" \n\t\t\t\t\t\t\t\tdata-type=\"image\"\n\t\t\t\t\t\t\t\tdata-xy=\"x:c;xo:301px,417px,287px,287px;y:m;yo:-4px,0,-34px,-55px;\"\n\t\t\t\t\t\t\t\tdata-text=\"w:normal;\"\n\t\t\t\t\t\t\t\tdata-dim=\"w:147px,147px,100px,100px;h:['1px','1px','1px','1px'];\"\n\t\t\t\t\t\t\t\tdata-rsp_o=\"off\"\n\t\t\t\t\t\t\t\tdata-rsp_bd=\"off\"\n\t\t\t\t\t\t\t\tdata-frame_0=\"x:-100%;\"\n\t\t\t\t\t\t\t\tdata-frame_0_mask=\"u:t;\"\n\t\t\t\t\t\t\t\tdata-frame_1=\"st:500;sp:1000;\"\n\t\t\t\t\t\t\t\tdata-frame_1_mask=\"u:t;\"\n\t\t\t\t\t\t\t\tdata-frame_999=\"o:0;st:w;sR:7500;\"\n\t\t\t\t\t\t\t\tstyle=\"z-index:9;\"\n\t\t\t\t\t\t\t><img src=\"\/\/www.granitsbarbany.com\/wp-content\/uploads\/revslider\/main-home\/h1-rev-img-1.png\" width=\"147\" height=\"1\" data-no-retina> \n\t\t\t\t\t\t\t<\/rs-layer><!--\n-->\t\t\t\t\t\t<\/rs-slide>\n\t\t\t\t\t<\/rs-slides>\n\t\t\t\t<\/rs-module>\n\t\t\t\t<script type=\"text\/javascript\">\n\t\t\t\t\tsetREVStartSize({c: 'rev_slider_20_1',rl:[1240,1024,778,480],el:[550,600,600,500],gw:[1300,1100,600,550],gh:[550,550,600,500],type:'standard',justify:'',layout:'fullwidth',mh:\"0\"});\n\t\t\t\t\tvar\trevapi20,\n\t\t\t\t\t\ttpj;\n\t\t\t\t\tfunction revinit_revslider201() {\n\t\t\t\t\tjQuery(function() {\n\t\t\t\t\t\ttpj = jQuery;\n\t\t\t\t\t\trevapi20 = tpj(\"#rev_slider_20_1\");\n\t\t\t\t\t\tif(revapi20==undefined || revapi20.revolution == undefined){\n\t\t\t\t\t\t\trevslider_showDoubleJqueryError(\"rev_slider_20_1\");\n\t\t\t\t\t\t}else{\n\t\t\t\t\t\t\trevapi20.revolution({\n\t\t\t\t\t\t\t\tsliderLayout:\"fullwidth\",\n\t\t\t\t\t\t\t\tduration:\"6000ms\",\n\t\t\t\t\t\t\t\tvisibilityLevels:\"1240,1024,778,480\",\n\t\t\t\t\t\t\t\tgridwidth:\"1300,1100,600,550\",\n\t\t\t\t\t\t\t\tgridheight:\"550,550,600,500\",\n\t\t\t\t\t\t\t\tperspective:600,\n\t\t\t\t\t\t\t\tperspectiveType:\"local\",\n\t\t\t\t\t\t\t\teditorheight:\"550,600,600,500\",\n\t\t\t\t\t\t\t\tresponsiveLevels:\"1240,1024,778,480\",\n\t\t\t\t\t\t\t\tprogressBar:{disableProgressBar:true},\n\t\t\t\t\t\t\t\tnavigation: {\n\t\t\t\t\t\t\t\t\tonHoverStop:false\n\t\t\t\t\t\t\t\t},\n\t\t\t\t\t\t\t\tfallbacks: {\n\t\t\t\t\t\t\t\t\tpanZoomDisableOnMobile:true,\n\t\t\t\t\t\t\t\t\tallowHTML5AutoPlayOnAndroid:true\n\t\t\t\t\t\t\t\t},\n\t\t\t\t\t\t\t});\n\t\t\t\t\t\t}\n\t\t\t\t\t\t\n\t\t\t\t\t});\n\t\t\t\t\t} \/\/ End of RevInitScript\n\t\t\t\tvar once_revslider201 = false;\n\t\t\t\tif (document.readyState === \"loading\") {document.addEventListener('readystatechange',function() { if((document.readyState === \"interactive\" || document.readyState === \"complete\") && !once_revslider201 ) { once_revslider201 = true; revinit_revslider201();}});} else {once_revslider201 = true; revinit_revslider201();}\n\t\t\t\t<\/script>\n\t\t\t<\/rs-module-wrap>\n\t\t\t<!-- END REVOLUTION SLIDER -->\n[\/vc_column][\/vc_row][vc_row row_content_width=&#8221;grid&#8221; css=&#8221;.vc_custom_1593763097848{padding-top: 145px !important;padding-bottom: 60px !important;}&#8221; el_class=&#8221;mes-picantpedra&#8221;][vc_column offset=&#8221;vc_col-lg-offset-1 vc_col-lg-10 vc_col-md-offset-0 vc_col-md-12 vc_col-sm-offset-0 vc_col-xs-12&#8243;]<div class=\"eltdf-section-title-holder   eltdf-st-decorative-line\" style=\"text-align: center\">\n\t<div class=\"eltdf-st-inner\">\n        \t\t\t\t\t<h2 class=\"eltdf-st-title\" >\n    <span class=\"eltdf-st-title-inner\"><span class=\"eltdf-st-side-line-left\" ><\/span>LA PEDRA, SEMPRE LA PROTAGONISTA<span class=\"eltdf-st-side-line-right\" ><\/span><\/span>\n\t\t\t<\/h2>\n\t\t\t\t\t\t\t<\/div>\n<\/div>[\/vc_column][\/vc_row][vc_row content_placement=&#8221;middle&#8221; row_content_width=&#8221;grid&#8221; css=&#8221;.vc_custom_1594847569218{padding-bottom: 80px !important;}&#8221;][vc_column width=&#8221;1\/2&#8243; el_class=&#8221;imgs-valors&#8221;]<div class=\"eltdf-single-image-holder  eltdf-has-shadow  eltdf-image-animation-horizontal\">\n    <div class=\"eltdf-si-inner\" >\n                                    <img width=\"680\" height=\"680\" src=\"http:\/\/www.granitsbarbany.com\/wp-content\/uploads\/2020\/10\/materia-pedra-1.jpg\" class=\"attachment-full size-full\" alt=\"\" loading=\"lazy\" srcset=\"http:\/\/www.granitsbarbany.com\/wp-content\/uploads\/2020\/10\/materia-pedra-1.jpg 680w, http:\/\/www.granitsbarbany.com\/wp-content\/uploads\/2020\/10\/materia-pedra-1-300x300.jpg 300w, http:\/\/www.granitsbarbany.com\/wp-content\/uploads\/2020\/10\/materia-pedra-1-150x150.jpg 150w, http:\/\/www.granitsbarbany.com\/wp-content\/uploads\/2020\/10\/materia-pedra-1-650x650.jpg 650w\" sizes=\"(max-width: 680px) 100vw, 680px\" \/>                        <\/div>\n<\/div>[\/vc_column][vc_column width=&#8221;1\/2&#8243; css=&#8221;.vc_custom_1603896697550{padding-top: 8% !important;padding-right: 8% !important;padding-bottom: 8% !important;padding-left: 8% !important;}&#8221; el_class=&#8221;block-fullpad&#8221;][vc_column_text]El material amb el que treballem, la pedra, no es pot fabricar. Simplement existeix en la natura i els \u00e9ssers humans ens hem encarregat d\u2019extreure-la a trav\u00e9s de les pedreres.<\/p>\n<p>En el transcurs de la hist\u00f2ria els picapedrers treballaven la pedra que tenien m\u00e9s a prop. A Carrara utilitzaven el seu marbre, a Porrinyo el seu granit, a Castellfollit el seu basalt\u2026 A Barcelona, la pedra de Montju\u00efc i el granit del Maresme.[\/vc_column_text][\/vc_column][\/vc_row][vc_row content_placement=&#8221;middle&#8221; row_content_width=&#8221;grid&#8221; css=&#8221;.vc_custom_1593763102867{padding-bottom: 80px !important;}&#8221;][vc_column width=&#8221;1\/2&#8243; css=&#8221;.vc_custom_1603896706458{padding-top: 8% !important;padding-right: 8% !important;padding-bottom: 8% !important;padding-left: 8% !important;}&#8221; el_class=&#8221;block-fullpad&#8221;][vc_column_text]Actualment, en un moment en que el transport \u00e9s m\u00e9s accessible, disposem de materials de tot el m\u00f3n. Esculpim basalt d\u2019Orient (Xina, Vietnam\u2026), de Sud-am\u00e8rica (Brasil) i d\u2019Europa (It\u00e0lia, Fran\u00e7a i Catalunya).<\/p>\n<p>Pel que fa al marbre treballem amb materials d\u2019\u00c0sia (Vietnam i Iran), d\u2019\u00c0frica (Angola) i d\u2019Europa (It\u00e0lia, Fran\u00e7a i Espanya). Els granits que utilitzem provenen d\u2019Europa (Portugal, Espanya, Fran\u00e7a i It\u00e0lia), Am\u00e8rica (Brasil, EEUU&#8230;), \u00c0frica (Sud\u00e0frica, Zimbawe&#8230;) i \u00c0sia (Xina, \u00cdndia&#8230;).[\/vc_column_text][\/vc_column][vc_column width=&#8221;1\/2&#8243; el_class=&#8221;imgs-valors&#8221;]<div class=\"eltdf-single-image-holder  eltdf-has-shadow  eltdf-image-animation-horizontal\">\n    <div class=\"eltdf-si-inner\" >\n                                    <img width=\"680\" height=\"680\" src=\"http:\/\/www.granitsbarbany.com\/wp-content\/uploads\/2020\/09\/materia-4.jpg\" class=\"attachment-full size-full\" alt=\"\" loading=\"lazy\" srcset=\"http:\/\/www.granitsbarbany.com\/wp-content\/uploads\/2020\/09\/materia-4.jpg 680w, http:\/\/www.granitsbarbany.com\/wp-content\/uploads\/2020\/09\/materia-4-300x300.jpg 300w, http:\/\/www.granitsbarbany.com\/wp-content\/uploads\/2020\/09\/materia-4-150x150.jpg 150w, http:\/\/www.granitsbarbany.com\/wp-content\/uploads\/2020\/09\/materia-4-650x650.jpg 650w\" sizes=\"(max-width: 680px) 100vw, 680px\" \/>                        <\/div>\n<\/div>[\/vc_column][\/vc_row][vc_row content_placement=&#8221;middle&#8221; row_content_width=&#8221;grid&#8221; css=&#8221;.vc_custom_1594847569218{padding-bottom: 80px !important;}&#8221;][vc_column width=&#8221;1\/2&#8243; el_class=&#8221;imgs-valors&#8221;]<div class=\"eltdf-single-image-holder  eltdf-has-shadow  eltdf-image-animation-horizontal\">\n    <div class=\"eltdf-si-inner\" >\n                                    <img width=\"680\" height=\"680\" src=\"http:\/\/www.granitsbarbany.com\/wp-content\/uploads\/2020\/10\/materia-pedra-3.jpg\" class=\"attachment-full size-full\" alt=\"\" loading=\"lazy\" srcset=\"http:\/\/www.granitsbarbany.com\/wp-content\/uploads\/2020\/10\/materia-pedra-3.jpg 680w, http:\/\/www.granitsbarbany.com\/wp-content\/uploads\/2020\/10\/materia-pedra-3-300x300.jpg 300w, http:\/\/www.granitsbarbany.com\/wp-content\/uploads\/2020\/10\/materia-pedra-3-150x150.jpg 150w, http:\/\/www.granitsbarbany.com\/wp-content\/uploads\/2020\/10\/materia-pedra-3-650x650.jpg 650w\" sizes=\"(max-width: 680px) 100vw, 680px\" \/>                        <\/div>\n<\/div>[\/vc_column][vc_column width=&#8221;1\/2&#8243; css=&#8221;.vc_custom_1603896710551{padding-top: 8% !important;padding-right: 8% !important;padding-bottom: 8% !important;padding-left: 8% !important;}&#8221; el_class=&#8221;block-fullpad&#8221;][vc_column_text]Tot i que l\u2019ofici de picapedrer est\u00e0 molt dispers pel m\u00f3n \u00e9s interessant comprovar com d\u2018un extrem a l\u2019altre del planeta es treballa la pedra de manera similar.<\/p>\n<p>Com pots imaginar, els diferents tipus de pedra no comparteixen exactament les mateixes propietats. Per exemple, el granit \u00e9s una pedra que es caracteritza per ser dura i recomanable per a paviments, columnes, taules\u2026 El marbre, en canvi, \u00e9s un material m\u00e9s tou i indicat per fer piques, peces de disseny, escultures\u2026[\/vc_column_text][\/vc_column][\/vc_row][vc_row row_content_width=&#8221;grid&#8221; css=&#8221;.vc_custom_1600683315790{padding-bottom: 80px !important;}&#8221;][vc_column][vc_column_text]Segons quin sigui l\u2019enc\u00e0rrec i els desitjos concrets del client, ens adaptem i donem consell de quin \u00e9s el material m\u00e9s adequat per a aconseguir el millor resultat. Els detalls s\u00f3n els que marquen la difer\u00e8ncia i escollir la pedra pertinent \u00e9s essencial per a que tot el treball posterior tingui tot el sentit.[\/vc_column_text][vc_empty_space height=&#8221;40px&#8221;]\n\t\t\t<!-- START Materia  abajo REVOLUTION SLIDER 6.2.23 --><p class=\"rs-p-wp-fix\"><\/p>\n\t\t\t<rs-module-wrap id=\"rev_slider_27_2_wrapper\" data-source=\"gallery\" style=\"background:#000000;padding:0;margin:0px auto;margin-top:0;margin-bottom:0;\">\n\t\t\t\t<rs-module id=\"rev_slider_27_2\" style=\"\" data-version=\"6.2.23\">\n\t\t\t\t\t<rs-slides>\n\t\t\t\t\t\t<rs-slide data-key=\"rs-48\" data-title=\"Slide\" data-anim=\"ei:d;eo:d;s:1000;r:0;t:fade;sl:0;\">\n\t\t\t\t\t\t\t<img src=\"\/\/www.granitsbarbany.com\/wp-content\/plugins\/revslider\/public\/assets\/assets\/transparent.png\" title=\"Mat\u00e8ria\" class=\"rev-slidebg\" data-no-retina>\n\t\t\t\t\t\t\t<rs-bgvideo \n\t\t\t\t\t\t\t\tdata-video=\"w:100%;h:100%;nse:false;l:true;ptimer:false;\"\n\t\t\t\t\t\t\t\tdata-mp4=\"\/\/www.granitsbarbany.com\/wp-content\/uploads\/2020\/07\/Barbany_materia.mov\"\n\t\t\t\t\t\t\t><\/rs-bgvideo>\n<!--\n\t\t\t\t\t\t\t--><rs-layer\n\t\t\t\t\t\t\t\tid=\"slider-27-slide-48-layer-0\" \n\t\t\t\t\t\t\t\tdata-type=\"text\"\n\t\t\t\t\t\t\t\tdata-xy=\"x:c;xo:0,4px,0,0;y:m;yo:-5px,0,-34px,-34px;\"\n\t\t\t\t\t\t\t\tdata-text=\"w:normal,normal,normal,normal;s:51,55,55,40;l:87,60,75,65;ls:13.2px,10px,11px,11px;a:center;\"\n\t\t\t\t\t\t\t\tdata-dim=\"w:auto,709px,436px,436px;\"\n\t\t\t\t\t\t\t\tdata-rsp_o=\"off\"\n\t\t\t\t\t\t\t\tdata-rsp_bd=\"off\"\n\t\t\t\t\t\t\t\tdata-frame_0=\"y:100%;\"\n\t\t\t\t\t\t\t\tdata-frame_1=\"e:power4.out;st:500;sp:1000;sR:500;\"\n\t\t\t\t\t\t\t\tdata-frame_999=\"o:0;st:w;sR:7500;\"\n\t\t\t\t\t\t\t\tstyle=\"z-index:8;font-family:EB Garamond;text-transform:uppercase;display:none;\"\n\t\t\t\t\t\t\t>Tecnologia \n\t\t\t\t\t\t\t<\/rs-layer><!--\n\n\t\t\t\t\t\t\t--><rs-layer\n\t\t\t\t\t\t\t\tid=\"slider-27-slide-48-layer-3\" \n\t\t\t\t\t\t\t\tdata-type=\"image\"\n\t\t\t\t\t\t\t\tdata-xy=\"x:c;xo:-417px,-417px,-287px,-287px;y:m;yo:-4px,0,-34px,-55px;\"\n\t\t\t\t\t\t\t\tdata-text=\"w:normal;\"\n\t\t\t\t\t\t\t\tdata-dim=\"w:147px,147px,100px,100px;h:['1px','1px','1px','1px'];\"\n\t\t\t\t\t\t\t\tdata-rsp_o=\"off\"\n\t\t\t\t\t\t\t\tdata-rsp_bd=\"off\"\n\t\t\t\t\t\t\t\tdata-frame_0=\"x:100%;\"\n\t\t\t\t\t\t\t\tdata-frame_0_mask=\"u:t;\"\n\t\t\t\t\t\t\t\tdata-frame_1=\"st:500;sp:1000;\"\n\t\t\t\t\t\t\t\tdata-frame_1_mask=\"u:t;\"\n\t\t\t\t\t\t\t\tdata-frame_999=\"o:0;st:w;sR:7500;\"\n\t\t\t\t\t\t\t\tstyle=\"z-index:10;display:none;\"\n\t\t\t\t\t\t\t><img src=\"\/\/www.granitsbarbany.com\/wp-content\/uploads\/revslider\/main-home\/h1-rev-img-1.png\" width=\"147\" height=\"1\" data-no-retina> \n\t\t\t\t\t\t\t<\/rs-layer><!--\n\n\t\t\t\t\t\t\t--><rs-layer\n\t\t\t\t\t\t\t\tid=\"slider-27-slide-48-layer-4\" \n\t\t\t\t\t\t\t\tdata-type=\"image\"\n\t\t\t\t\t\t\t\tdata-xy=\"x:c;xo:401px,417px,287px,287px;y:m;yo:-4px,0,-34px,-55px;\"\n\t\t\t\t\t\t\t\tdata-text=\"w:normal;\"\n\t\t\t\t\t\t\t\tdata-dim=\"w:147px,147px,100px,100px;h:['1px','1px','1px','1px'];\"\n\t\t\t\t\t\t\t\tdata-rsp_o=\"off\"\n\t\t\t\t\t\t\t\tdata-rsp_bd=\"off\"\n\t\t\t\t\t\t\t\tdata-frame_0=\"x:-100%;\"\n\t\t\t\t\t\t\t\tdata-frame_0_mask=\"u:t;\"\n\t\t\t\t\t\t\t\tdata-frame_1=\"st:500;sp:1000;\"\n\t\t\t\t\t\t\t\tdata-frame_1_mask=\"u:t;\"\n\t\t\t\t\t\t\t\tdata-frame_999=\"o:0;st:w;sR:7500;\"\n\t\t\t\t\t\t\t\tstyle=\"z-index:9;display:none;\"\n\t\t\t\t\t\t\t><img src=\"\/\/www.granitsbarbany.com\/wp-content\/uploads\/revslider\/main-home\/h1-rev-img-1.png\" width=\"147\" height=\"1\" data-no-retina> \n\t\t\t\t\t\t\t<\/rs-layer><!--\n-->\t\t\t\t\t\t<\/rs-slide>\n\t\t\t\t\t<\/rs-slides>\n\t\t\t\t\t<rs-static-layers><!--\n\t\t\t\t\t--><\/rs-static-layers>\n\t\t\t\t<\/rs-module>\n\t\t\t\t<script type=\"text\/javascript\">\n\t\t\t\t\tsetREVStartSize({c: 'rev_slider_27_2',rl:[1240,1024,778,480],el:[550,600,600,500],gw:[1300,1100,600,800],gh:[550,550,600,500],type:'standard',justify:'',layout:'fullwidth',mh:\"0\"});\n\t\t\t\t\tvar\trevapi27,\n\t\t\t\t\t\ttpj;\n\t\t\t\t\tfunction revinit_revslider272() {\n\t\t\t\t\tjQuery(function() {\n\t\t\t\t\t\ttpj = jQuery;\n\t\t\t\t\t\trevapi27 = tpj(\"#rev_slider_27_2\");\n\t\t\t\t\t\tif(revapi27==undefined || revapi27.revolution == undefined){\n\t\t\t\t\t\t\trevslider_showDoubleJqueryError(\"rev_slider_27_2\");\n\t\t\t\t\t\t}else{\n\t\t\t\t\t\t\trevapi27.revolution({\n\t\t\t\t\t\t\t\tduration:\"6000ms\",\n\t\t\t\t\t\t\t\tvisibilityLevels:\"1240,1024,778,480\",\n\t\t\t\t\t\t\t\tgridwidth:\"1300,1100,600,800\",\n\t\t\t\t\t\t\t\tgridheight:\"550,550,600,500\",\n\t\t\t\t\t\t\t\tperspective:600,\n\t\t\t\t\t\t\t\tperspectiveType:\"local\",\n\t\t\t\t\t\t\t\teditorheight:\"550,600,600,500\",\n\t\t\t\t\t\t\t\tresponsiveLevels:\"1240,1024,778,480\",\n\t\t\t\t\t\t\t\tprogressBar:{disableProgressBar:true},\n\t\t\t\t\t\t\t\tnavigation: {\n\t\t\t\t\t\t\t\t\tonHoverStop:false\n\t\t\t\t\t\t\t\t},\n\t\t\t\t\t\t\t\tfallbacks: {\n\t\t\t\t\t\t\t\t\tpanZoomDisableOnMobile:true,\n\t\t\t\t\t\t\t\t\tallowHTML5AutoPlayOnAndroid:true\n\t\t\t\t\t\t\t\t},\n\t\t\t\t\t\t\t});\n\t\t\t\t\t\t}\n\t\t\t\t\t\t\n\t\t\t\t\t});\n\t\t\t\t\t} \/\/ End of RevInitScript\n\t\t\t\tvar once_revslider272 = false;\n\t\t\t\tif (document.readyState === \"loading\") {document.addEventListener('readystatechange',function() { if((document.readyState === \"interactive\" || document.readyState === \"complete\") && !once_revslider272 ) { once_revslider272 = true; revinit_revslider272();}});} else {once_revslider272 = true; revinit_revslider272();}\n\t\t\t\t<\/script>\n\t\t\t<\/rs-module-wrap>\n\t\t\t<!-- END REVOLUTION SLIDER -->\n[\/vc_column][\/vc_row][vc_row row_content_width=&#8221;grid&#8221; disable_background_image=&#8221;&#8221; css=&#8221;.vc_custom_1590484665524{padding-top: 40px !important;padding-bottom: 40px !important;}&#8221; simple_background_image=&#8221;2547&#8243;][vc_column]<div class=\"eltdf-elements-holder   eltdf-two-columns  eltdf-responsive-mode-1024 eltdf-one-column-alignment-left\" ><div class=\"eltdf-eh-item    \"  data-item-class=\"eltdf-eh-custom-3075\" data-1400-1600=\"127px 60px 134px 150px\" data-1025-1399=\"127px 60px 134px 100px\" data-769-1024=\"127px 100px 62px 100px\" data-681-768=\"100px 20px 50px 20px\" data-680=\"80px 10px 60px 10px\">\n\t<div class=\"eltdf-eh-item-inner\">\n\t\t<div class=\"eltdf-eh-item-content eltdf-eh-custom-3075\" style=\"padding: 120px 110px 120px 110px\">\n\t\t\t<div class=\"eltdf-section-title-holder   \" style=\"text-align: left\">\n\t<div class=\"eltdf-st-inner\">\n                    <span class=\"eltdf-st-caption\" style=\"color: #ffffff;margin: 0 0 6px 0\">\n                <span class=\"eltdf-st-caption-inner\" >Seguim en contacte<\/span>\n            <\/span>\n        \t\t\t\t\t<h2 class=\"eltdf-st-title\" style=\"color: #ffffff\">\n    <span class=\"eltdf-st-title-inner\"><span class=\"eltdf-st-side-line-left\" ><\/span>Newsletter<span class=\"eltdf-st-side-line-right\" ><\/span><\/span>\n\t\t\t<\/h2>\n\t\t\t\t\t\t\t<\/div>\n<\/div>[vc_empty_space height=&#8221;4px&#8221;][vc_column_text]<\/p>\n<p style=\"color: #fff;\">Si vols rebre les novetats relatives al nostre equip i la nostra feina, deixa\u2019ns les teves dades per a seguir en contacte per e-mail.<\/p>\n<p>[\/vc_column_text][vc_empty_space height=&#8221;24px&#8221;]\t\t<\/div>\n\t<\/div>\n<\/div><div class=\"eltdf-eh-item    \"  data-item-class=\"eltdf-eh-custom-5763\" data-1400-1600=\"32px 150px 40px 50px\" data-1025-1399=\"0 100px 40px 50px\" data-769-1024=\"0 100px 160px 100px\" data-681-768=\"0 20px 100px 20px\" data-680=\"0 10px 100px 10px\">\n\t<div class=\"eltdf-eh-item-inner\">\n\t\t<div class=\"eltdf-eh-item-content eltdf-eh-custom-5763\" style=\"padding: 80px 120px 40px 80px\">\n\t\t\t<div role=\"form\" class=\"wpcf7\" id=\"wpcf7-f232-o1\" lang=\"ca\" dir=\"ltr\">\n<div class=\"screen-reader-response\"><p role=\"status\" aria-live=\"polite\" aria-atomic=\"true\"><\/p> <ul><\/ul><\/div>\n<form action=\"\/ca\/wp-json\/wp\/v2\/pages\/5173#wpcf7-f232-o1\" method=\"post\" class=\"wpcf7-form init\" novalidate=\"novalidate\" data-status=\"init\">\n<div style=\"display: none;\">\n<input type=\"hidden\" name=\"_wpcf7\" value=\"232\" \/>\n<input type=\"hidden\" name=\"_wpcf7_version\" value=\"5.4.2\" \/>\n<input type=\"hidden\" name=\"_wpcf7_locale\" value=\"ca\" \/>\n<input type=\"hidden\" name=\"_wpcf7_unit_tag\" value=\"wpcf7-f232-o1\" \/>\n<input type=\"hidden\" name=\"_wpcf7_container_post\" value=\"0\" \/>\n<input type=\"hidden\" name=\"_wpcf7_posted_data_hash\" value=\"\" \/>\n<input type=\"hidden\" name=\"_wpcf7_recaptcha_response\" value=\"\" \/>\n<\/div>\n<div class=\"eltdf-contact-form-main\">\n<p><label class=\"btnews-lb\"><span class=\"wpcf7-form-control-wrap your-name\"><input type=\"text\" name=\"your-name\" value=\"\" size=\"40\" class=\"wpcf7-form-control wpcf7-text wpcf7-validates-as-required\" aria-required=\"true\" aria-invalid=\"false\" placeholder=\"Nom\" \/><\/span> <\/label><br \/>\n<label class=\"btnews-lb\"><span class=\"wpcf7-form-control-wrap your-email\"><input type=\"email\" name=\"your-email\" value=\"\" size=\"40\" class=\"wpcf7-form-control wpcf7-text wpcf7-email wpcf7-validates-as-required wpcf7-validates-as-email\" aria-required=\"true\" aria-invalid=\"false\" placeholder=\"E-Mail\" \/><\/span> <\/label><\/p>\n<p><button type=\"submit\" class=\"wpcf7-form-control wpcf7-submit eltdf-btn eltdf-btn-medium eltdf-btn-outline-slit btnews eltdf-btn eltdf-btn-medium eltdf-btn-outline\"><span class=\"eltdf-btn-text\">Subscriu-te<\/span><\/button>\n<\/p><\/div>\n<div class=\"wpcf7-response-output\" aria-hidden=\"true\"><\/div><\/form><\/div>\t\t<\/div>\n\t<\/div>\n<\/div><\/div>[\/vc_column][\/vc_row]<\/p>\n","protected":false},"excerpt":{"rendered":"<p>[vc_row][vc_column][\/vc_column][\/vc_row][vc_row row_content_width=&#8221;grid&#8221; css=&#8221;.vc_custom_1593763097848{padding-top: 145px !important;padding-bottom: 60px !important;}&#8221; el_class=&#8221;mes-picantpedra&#8221;][vc_column offset=&#8221;vc_col-lg-offset-1 vc_col-lg-10 vc_col-md-offset-0 vc_col-md-12 vc_col-sm-offset-0 vc_col-xs-12&#8243;][\/vc_column][\/vc_row][vc_row content_placement=&#8221;middle&#8221; row_content_width=&#8221;grid&#8221; css=&#8221;.vc_custom_1594847569218{padding-bottom: 80px !important;}&#8221;][vc_column width=&#8221;1\/2&#8243; el_class=&#8221;imgs-valors&#8221;][\/vc_column][vc_column width=&#8221;1\/2&#8243; css=&#8221;.vc_custom_1603896697550{padding-top: 8% !important;padding-right: 8% !important;padding-bottom: 8% !important;padding-left: 8% !important;}&#8221; el_class=&#8221;block-fullpad&#8221;][vc_column_text]El material amb el que treballem, la pedra, no [&hellip;]<\/p>\n","protected":false},"author":1,"featured_media":0,"parent":0,"menu_order":0,"comment_status":"closed","ping_status":"closed","template":"full-width.php","meta":{"inline_featured_image":false},"_links":{"self":[{"href":"http:\/\/www.granitsbarbany.com\/ca\/wp-json\/wp\/v2\/pages\/5173"}],"collection":[{"href":"http:\/\/www.granitsbarbany.com\/ca\/wp-json\/wp\/v2\/pages"}],"about":[{"href":"http:\/\/www.granitsbarbany.com\/ca\/wp-json\/wp\/v2\/types\/page"}],"author":[{"embeddable":true,"href":"http:\/\/www.granitsbarbany.com\/ca\/wp-json\/wp\/v2\/users\/1"}],"replies":[{"embeddable":true,"href":"http:\/\/www.granitsbarbany.com\/ca\/wp-json\/wp\/v2\/comments?post=5173"}],"version-history":[{"count":18,"href":"http:\/\/www.granitsbarbany.com\/ca\/wp-json\/wp\/v2\/pages\/5173\/revisions"}],"predecessor-version":[{"id":9633,"href":"http:\/\/www.granitsbarbany.com\/ca\/wp-json\/wp\/v2\/pages\/5173\/revisions\/9633"}],"wp:attachment":[{"href":"http:\/\/www.granitsbarbany.com\/ca\/wp-json\/wp\/v2\/media?parent=5173"}],"curies":[{"name":"wp","href":"https:\/\/api.w.org\/{rel}","templated":true}]}}