{"id":3297,"date":"2020-07-30T10:18:15","date_gmt":"2020-07-30T10:18:15","guid":{"rendered":"http:\/\/www.granitsbarbany.com\/?page_id=3297"},"modified":"2021-06-10T10:37:08","modified_gmt":"2021-06-10T10:37:08","slug":"manuel-cusachs","status":"publish","type":"page","link":"https:\/\/www.granitsbarbany.com\/ca\/manuel-cusachs\/","title":{"rendered":"Manuel Cusachs"},"content":{"rendered":"<p>[vc_row row_content_width=&#8221;grid&#8221; css=&#8221;.vc_custom_1596104169265{padding-top: 80px !important;}&#8221;][vc_column][vc_column_text]Est\u00e0s a <a class=\"breadcumbs\" href=\"http:\/\/www.granitsbarbany.com\/\">Inici<\/a> \/ <a class=\"breadcumbs\" href=\"http:\/\/www.granitsbarbany.com\/projectes\/\">Projectes<\/a> \/\u00a0<a class=\"breadcumbs\" href=\"http:\/\/www.granitsbarbany.com\/artistes\/\">Artistes<\/a> \/\u00a0<a class=\"breadcumbs active\" href=\"#\">Manuel Cusachs<\/a>[\/vc_column_text][vc_empty_space height=&#8221;1px&#8221;][\/vc_column][\/vc_row][vc_row row_content_width=&#8221;grid&#8221; css=&#8221;.vc_custom_1596104162782{padding-top: 50px !important;padding-bottom: 80px !important;}&#8221;][vc_column]<div class=\"eltdf-show-list-holder eltdf-sl-gallery  eltdf-normal-space eltdf-sl-three-columns eltdf-sl-pag-load-more\"  data-type=gallery data-number-of-columns=3 data-space-between-items=normal data-number-of-items=8 data-category=manuel-cusachs data-title-tag=h5 data-image-proportions=full data-enable-fixed-proportions=no data-show-category=yes data-show-date-range=no data-orderby=date data-order=ASC data-show-single-layout=info-bellow data-show-slider=no data-slider-navigation=no data-slider-pagination=no data-pagination-type=load-more data-slider-autoplay=no data-max-num-pages=1 data-next-page=2>\n\t<div class=\"eltdf-sl-inner eltdf-outer-space \" data-number-of-items=\"3\" data-enable-navigation=\"no\" data-enable-pagination=\"no\" data-enable-autoplay=\"no\">\n\t\t\n<div class=\"eltdf-show eltdf-item-space  show-item has-post-thumbnail hentry show-category-exhibition info-bellow post-3277 type-show-item status-publish hentry show-category-manuel-cusachs info-bellow\">\n\t<div class=\"eltdf-show-inner\">\n\t\t\t\t\t<div class=\"eltdf-show-image\">\n\t\t\t\t<a itemprop=\"url\" href=\"https:\/\/www.granitsbarbany.com\/ca\/obra\/juli-cesar\/\" target=\"_self\">\n\t\t\t\t\t<img width=\"600\" height=\"940\" src=\"https:\/\/www.granitsbarbany.com\/wp-content\/uploads\/2020\/07\/JULI-CESAR.jpg\" class=\"attachment-full size-full\" alt=\"\" loading=\"lazy\" srcset=\"https:\/\/www.granitsbarbany.com\/wp-content\/uploads\/2020\/07\/JULI-CESAR.jpg 600w, https:\/\/www.granitsbarbany.com\/wp-content\/uploads\/2020\/07\/JULI-CESAR-191x300.jpg 191w\" sizes=\"(max-width: 600px) 100vw, 600px\" \/>\t\t\t\t<\/a>\n\t\t\t<\/div>\n\t\t\t\t<div class=\"eltdf-show-info\">\n            <div class=\"eltdf-show-info-wrapper\">\n                                    <div class=\"eltdf-show-categories-holder\">\n                                                    <a itemprop=\"url\" class=\"eltdf-show-categories\" href=\"https:\/\/www.granitsbarbany.com\/ca\/shows-category\/manuel-cusachs\/\">Manuel Cusachs<\/a>\n                                            <\/div>\n                                                <div class=\"eltdf-show-title-holder\">\n                    <h5 itemprop=\"name\" class=\"eltdf-show-name entry-title\">\n                        <a itemprop=\"url\" href=\"https:\/\/www.granitsbarbany.com\/ca\/obra\/juli-cesar\/\">Juli C\u00e8sar<\/a>\n                    <\/h5>\n                <\/div>\n            <\/div>\n                            <div class=\"eltdf-show-excerpt-holder\">\n                    <span>[vc_row css=&#8221;.vc_custom_1596055518195{padding-top: 40px !important;}&#8221;][vc_column][vc_column_text]Est\u00e0s a Inici \/ Projectes \/\u00a0Artistes \/ Manuel Cusachs \/\u00a0Juli C\u00e8sar[\/vc_column_text][\/vc_column][vc_column width=&#8221;2\/3&#8243; css=&#8221;.vc_custom_1597047650913{padding-top: 30px !important;}&#8221;][\/vc_column][vc_column width=&#8221;1\/3&#8243;][vc_column_text] Autor Manuel Cusachs Any 2002 Empla\u00e7ament Lleida (Catalunya) Material Granit gallec[\/vc_column_text][\/vc_column][\/vc_row]<\/span>\n                <\/div>\n                        <div class=\"eltdf-event-post-read-more-button\">\n                <a itemprop=\"url\" href=\"https:\/\/www.granitsbarbany.com\/ca\/obra\/juli-cesar\/\" target=\"_self\"  class=\"eltdf-btn eltdf-btn-medium eltdf-btn-simple eltdf-blog-list-button\"  >    <span class=\"eltdf-btn-text\">Veure m\u00e9s<\/span>    <\/a>            <\/div>\n\t\t<\/div>\n\t<\/div>\n<\/div>\n<div class=\"eltdf-show eltdf-item-space  show-item has-post-thumbnail hentry show-category-exhibition info-bellow post-3279 type-show-item status-publish hentry show-category-manuel-cusachs info-bellow\">\n\t<div class=\"eltdf-show-inner\">\n\t\t\t\t\t<div class=\"eltdf-show-image\">\n\t\t\t\t<a itemprop=\"url\" href=\"https:\/\/www.granitsbarbany.com\/ca\/obra\/escultures-de-sant-antoni-i-sant-benet\/\" target=\"_self\">\n\t\t\t\t\t<img width=\"600\" height=\"940\" src=\"https:\/\/www.granitsbarbany.com\/wp-content\/uploads\/2020\/07\/st-antoni1.jpg\" class=\"attachment-full size-full\" alt=\"\" loading=\"lazy\" srcset=\"https:\/\/www.granitsbarbany.com\/wp-content\/uploads\/2020\/07\/st-antoni1.jpg 600w, https:\/\/www.granitsbarbany.com\/wp-content\/uploads\/2020\/07\/st-antoni1-191x300.jpg 191w\" sizes=\"(max-width: 600px) 100vw, 600px\" \/>\t\t\t\t<\/a>\n\t\t\t<\/div>\n\t\t\t\t<div class=\"eltdf-show-info\">\n            <div class=\"eltdf-show-info-wrapper\">\n                                    <div class=\"eltdf-show-categories-holder\">\n                                                    <a itemprop=\"url\" class=\"eltdf-show-categories\" href=\"https:\/\/www.granitsbarbany.com\/ca\/shows-category\/manuel-cusachs\/\">Manuel Cusachs<\/a>\n                                            <\/div>\n                                                <div class=\"eltdf-show-title-holder\">\n                    <h5 itemprop=\"name\" class=\"eltdf-show-name entry-title\">\n                        <a itemprop=\"url\" href=\"https:\/\/www.granitsbarbany.com\/ca\/obra\/escultures-de-sant-antoni-i-sant-benet\/\">Escultures de Sant Antoni i Sant Benet<\/a>\n                    <\/h5>\n                <\/div>\n            <\/div>\n                            <div class=\"eltdf-show-excerpt-holder\">\n                    <span>[vc_row css=&#8221;.vc_custom_1596055518195{padding-top: 40px !important;}&#8221;][vc_column][vc_column_text]Est\u00e0s a Inici \/ Projectes \/\u00a0Artistes \/ Manuel Cusachs \/ Escultures de Sant Antoni i Sant Benet[\/vc_column_text][\/vc_column][vc_column width=&#8221;2\/3&#8243; css=&#8221;.vc_custom_1597048646396{padding-top: 30px !important;}&#8221;][\/vc_column][vc_column width=&#8221;1\/3&#8243;][vc_column_text] Autor Manuel Cusachs Any 2012 \/ 2013 Empla\u00e7ament Sagrada Fam\u00edlia (Catalunya) Material Travert\u00ed rom\u00e0[\/vc_column_text][\/vc_column][\/vc_row]<\/span>\n                <\/div>\n                        <div class=\"eltdf-event-post-read-more-button\">\n                <a itemprop=\"url\" href=\"https:\/\/www.granitsbarbany.com\/ca\/obra\/escultures-de-sant-antoni-i-sant-benet\/\" target=\"_self\"  class=\"eltdf-btn eltdf-btn-medium eltdf-btn-simple eltdf-blog-list-button\"  >    <span class=\"eltdf-btn-text\">Veure m\u00e9s<\/span>    <\/a>            <\/div>\n\t\t<\/div>\n\t<\/div>\n<\/div>\n<div class=\"eltdf-show eltdf-item-space  show-item has-post-thumbnail hentry show-category-exhibition info-bellow post-3281 type-show-item status-publish hentry show-category-manuel-cusachs info-bellow\">\n\t<div class=\"eltdf-show-inner\">\n\t\t\t\t\t<div class=\"eltdf-show-image\">\n\t\t\t\t<a itemprop=\"url\" href=\"https:\/\/www.granitsbarbany.com\/ca\/obra\/planxon\/\" target=\"_self\">\n\t\t\t\t\t<img width=\"600\" height=\"940\" src=\"https:\/\/www.granitsbarbany.com\/wp-content\/uploads\/2020\/07\/planxon1.jpg\" class=\"attachment-full size-full\" alt=\"\" loading=\"lazy\" srcset=\"https:\/\/www.granitsbarbany.com\/wp-content\/uploads\/2020\/07\/planxon1.jpg 600w, https:\/\/www.granitsbarbany.com\/wp-content\/uploads\/2020\/07\/planxon1-191x300.jpg 191w\" sizes=\"(max-width: 600px) 100vw, 600px\" \/>\t\t\t\t<\/a>\n\t\t\t<\/div>\n\t\t\t\t<div class=\"eltdf-show-info\">\n            <div class=\"eltdf-show-info-wrapper\">\n                                    <div class=\"eltdf-show-categories-holder\">\n                                                    <a itemprop=\"url\" class=\"eltdf-show-categories\" href=\"https:\/\/www.granitsbarbany.com\/ca\/shows-category\/manuel-cusachs\/\">Manuel Cusachs<\/a>\n                                            <\/div>\n                                                <div class=\"eltdf-show-title-holder\">\n                    <h5 itemprop=\"name\" class=\"eltdf-show-name entry-title\">\n                        <a itemprop=\"url\" href=\"https:\/\/www.granitsbarbany.com\/ca\/obra\/planxon\/\">Planxon<\/a>\n                    <\/h5>\n                <\/div>\n            <\/div>\n                            <div class=\"eltdf-show-excerpt-holder\">\n                    <span>[vc_row css=&#8221;.vc_custom_1596055518195{padding-top: 40px !important;}&#8221;][vc_column][vc_column_text]Est\u00e0s a Inici \/ Projectes \/\u00a0Artistes \/ Manuel Cusachs \/\u00a0Planxon[\/vc_column_text][\/vc_column][vc_column width=&#8221;2\/3&#8243; css=&#8221;.vc_custom_1597048079454{padding-top: 30px !important;}&#8221;][\/vc_column][vc_column width=&#8221;1\/3&#8243;][vc_column_text] Autor Manuel Cusachs Empla\u00e7ament \u00d2rrius (Catalunya) Material Granit. Fou la seva \u00faltima pe\u00e7a amb aquest material.[\/vc_column_text][\/vc_column][\/vc_row]<\/span>\n                <\/div>\n                        <div class=\"eltdf-event-post-read-more-button\">\n                <a itemprop=\"url\" href=\"https:\/\/www.granitsbarbany.com\/ca\/obra\/planxon\/\" target=\"_self\"  class=\"eltdf-btn eltdf-btn-medium eltdf-btn-simple eltdf-blog-list-button\"  >    <span class=\"eltdf-btn-text\">Veure m\u00e9s<\/span>    <\/a>            <\/div>\n\t\t<\/div>\n\t<\/div>\n<\/div>\n<div class=\"eltdf-show eltdf-item-space  show-item has-post-thumbnail hentry show-category-exhibition info-bellow post-3466 type-show-item status-publish hentry show-category-manuel-cusachs info-bellow\">\n\t<div class=\"eltdf-show-inner\">\n\t\t\t\t\t<div class=\"eltdf-show-image\">\n\t\t\t\t<a itemprop=\"url\" href=\"https:\/\/www.granitsbarbany.com\/ca\/obra\/monument-11-setembre\/\" target=\"_self\">\n\t\t\t\t\t<img width=\"600\" height=\"940\" src=\"https:\/\/www.granitsbarbany.com\/wp-content\/uploads\/2020\/08\/monument11setembre.jpg\" class=\"attachment-full size-full\" alt=\"\" loading=\"lazy\" srcset=\"https:\/\/www.granitsbarbany.com\/wp-content\/uploads\/2020\/08\/monument11setembre.jpg 600w, https:\/\/www.granitsbarbany.com\/wp-content\/uploads\/2020\/08\/monument11setembre-191x300.jpg 191w\" sizes=\"(max-width: 600px) 100vw, 600px\" \/>\t\t\t\t<\/a>\n\t\t\t<\/div>\n\t\t\t\t<div class=\"eltdf-show-info\">\n            <div class=\"eltdf-show-info-wrapper\">\n                                    <div class=\"eltdf-show-categories-holder\">\n                                                    <a itemprop=\"url\" class=\"eltdf-show-categories\" href=\"https:\/\/www.granitsbarbany.com\/ca\/shows-category\/manuel-cusachs\/\">Manuel Cusachs<\/a>\n                                            <\/div>\n                                                <div class=\"eltdf-show-title-holder\">\n                    <h5 itemprop=\"name\" class=\"eltdf-show-name entry-title\">\n                        <a itemprop=\"url\" href=\"https:\/\/www.granitsbarbany.com\/ca\/obra\/monument-11-setembre\/\">Monument de l&#8217;Onze de Setembre<\/a>\n                    <\/h5>\n                <\/div>\n            <\/div>\n                            <div class=\"eltdf-show-excerpt-holder\">\n                    <span>[vc_row css=&#8221;.vc_custom_1596055518195{padding-top: 40px !important;}&#8221;][vc_column][vc_column_text]Est\u00e0s a Inici \/ Projectes \/ Artistes\u00a0\/ Manuel Cusachs \/\u00a0Monument de l&#8217;Onze de Setembre[\/vc_column_text][\/vc_column][vc_column width=&#8221;2\/3&#8243; css=&#8221;.vc_custom_1597083169256{padding-top: 30px !important;}&#8221;][\/vc_column][vc_column width=&#8221;1\/3&#8243;][vc_column_text] Autor Manuel Cusachs Any 1995 Empla\u00e7ament Granollers (Catalunya) Material Granit de Tarn, Montju\u00efc i Porri\u00f1o[\/vc_column_text][\/vc_column][\/vc_row]<\/span>\n                <\/div>\n                        <div class=\"eltdf-event-post-read-more-button\">\n                <a itemprop=\"url\" href=\"https:\/\/www.granitsbarbany.com\/ca\/obra\/monument-11-setembre\/\" target=\"_self\"  class=\"eltdf-btn eltdf-btn-medium eltdf-btn-simple eltdf-blog-list-button\"  >    <span class=\"eltdf-btn-text\">Veure m\u00e9s<\/span>    <\/a>            <\/div>\n\t\t<\/div>\n\t<\/div>\n<\/div>\n<div class=\"eltdf-show eltdf-item-space  show-item has-post-thumbnail hentry show-category-exhibition info-bellow post-3499 type-show-item status-publish hentry show-category-manuel-cusachs info-bellow\">\n\t<div class=\"eltdf-show-inner\">\n\t\t\t\t\t<div class=\"eltdf-show-image\">\n\t\t\t\t<a itemprop=\"url\" href=\"https:\/\/www.granitsbarbany.com\/ca\/obra\/monument-als-caiguts\/\" target=\"_self\">\n\t\t\t\t\t<img width=\"600\" height=\"940\" src=\"https:\/\/www.granitsbarbany.com\/wp-content\/uploads\/2020\/08\/monument-caiguts1.jpg\" class=\"attachment-full size-full\" alt=\"\" loading=\"lazy\" srcset=\"https:\/\/www.granitsbarbany.com\/wp-content\/uploads\/2020\/08\/monument-caiguts1.jpg 600w, https:\/\/www.granitsbarbany.com\/wp-content\/uploads\/2020\/08\/monument-caiguts1-191x300.jpg 191w\" sizes=\"(max-width: 600px) 100vw, 600px\" \/>\t\t\t\t<\/a>\n\t\t\t<\/div>\n\t\t\t\t<div class=\"eltdf-show-info\">\n            <div class=\"eltdf-show-info-wrapper\">\n                                    <div class=\"eltdf-show-categories-holder\">\n                                                    <a itemprop=\"url\" class=\"eltdf-show-categories\" href=\"https:\/\/www.granitsbarbany.com\/ca\/shows-category\/manuel-cusachs\/\">Manuel Cusachs<\/a>\n                                            <\/div>\n                                                <div class=\"eltdf-show-title-holder\">\n                    <h5 itemprop=\"name\" class=\"eltdf-show-name entry-title\">\n                        <a itemprop=\"url\" href=\"https:\/\/www.granitsbarbany.com\/ca\/obra\/monument-als-caiguts\/\">Monument als Caiguts<\/a>\n                    <\/h5>\n                <\/div>\n            <\/div>\n                            <div class=\"eltdf-show-excerpt-holder\">\n                    <span>[vc_row css=&#8221;.vc_custom_1596055518195{padding-top: 40px !important;}&#8221;][vc_column][vc_column_text]Est\u00e0s a Inici \/ Projectes \/ Artistes\u00a0\/\u00a0Manuel Cusachs \/\u00a0Monument als Caiguts[\/vc_column_text][\/vc_column][vc_column width=&#8221;2\/3&#8243; css=&#8221;.vc_custom_1597129098376{padding-top: 30px !important;}&#8221;][\/vc_column][vc_column width=&#8221;1\/3&#8243;][vc_column_text] Autor Manuel Cusachs Any 1968 Empla\u00e7ament Matar\u00f3 (Catalunya) Material Granit ull de serp[\/vc_column_text][\/vc_column][\/vc_row]<\/span>\n                <\/div>\n                        <div class=\"eltdf-event-post-read-more-button\">\n                <a itemprop=\"url\" href=\"https:\/\/www.granitsbarbany.com\/ca\/obra\/monument-als-caiguts\/\" target=\"_self\"  class=\"eltdf-btn eltdf-btn-medium eltdf-btn-simple eltdf-blog-list-button\"  >    <span class=\"eltdf-btn-text\">Veure m\u00e9s<\/span>    <\/a>            <\/div>\n\t\t<\/div>\n\t<\/div>\n<\/div>\t<\/div>\n\t<\/div>[vc_column_text]<\/p>\n<h2>Sobre l&#8217;artista:<\/h2>\n<p>Manuel Cusachs i Xivill\u00e9 (Matar\u00f3, 1933 &#8211; 2019) fou un prol\u00edfic escultor catal\u00e0 que va dur a terme peces de gran rellev\u00e0ncia per a institucions com el Monestir de Montserrat, <a class=\"breadcumbs active\" href=\"http:\/\/www.granitsbarbany.com\/basilica-de-la-sagrada-familia\/\" target=\"_blank\" rel=\"noopener\">la Sagrada Fam\u00edlia<\/a>, els jardins de Palau Robert de Barcelona o al Palau de la Generalitat de Catalunya.<\/p>\n<p>Va iniciar la seva formaci\u00f3 art\u00edstica a l\u2019escola de dibuix de Matar\u00f3, la seva ciutat natal. All\u00ed va adquirir una s\u00f2lida formaci\u00f3 en la pintura aix\u00ed com nocions art\u00edstiques. No obstant, despr\u00e9s d\u2019estar en contacte directe amb pedreres del Maresme, finalment va acabar decantant-se professionalment per l\u2019escultura.<\/p>\n<p>L\u2019artista va ampliar els seus estudis a Perugia (It\u00e0lia) i Valldemosa (Mallorca). All\u00e0 es va especialitzar en retrats, en la figura humana i l\u2019escultura religiosa: tem\u00e0tiques que esdevingueren una constant en tota la seva creaci\u00f3.<\/p>\n<p>Ha elaborat nombrosos retrats i monuments de personatges il\u00b7lustres com Josep Pla, Josep Vallverd\u00fa, Salvador Espriu, Josep Maria Feliu, Joan Fuster, Miquel Mart\u00ed i Pol, Joan Coromines o Josep Puig i Cadafalch. Precisament el bust del darrer es pot trobar al pati dels Tarongers del Palau de la Generalitat de Catalunya.<\/p>\n<p>Ha exposat les seves obres arreu del m\u00f3n en ciutats com Boston, Estrasburg o Roma. A m\u00e9s, la seva obra es pot trobar tant en institucions p\u00fabliques com col\u00b7leccions privades d\u2019Europa, EEUU o \u00c0sia.<\/p>\n<p>L\u2019any 2001, Manuel Cusachs va rebre la Creu de Sant Jordi per part de la Generalitat de Catalunya com a distinci\u00f3 per la seva contribuci\u00f3 a l\u2019art catal\u00e0.[\/vc_column_text][\/vc_column][\/vc_row][vc_row row_content_width=&#8221;grid&#8221; disable_background_image=&#8221;&#8221; css=&#8221;.vc_custom_1590484665524{padding-top: 40px !important;padding-bottom: 40px !important;}&#8221; simple_background_image=&#8221;2547&#8243;][vc_column]<div class=\"eltdf-elements-holder   eltdf-two-columns  eltdf-responsive-mode-1024 eltdf-one-column-alignment-left\" ><div class=\"eltdf-eh-item    \"  data-item-class=\"eltdf-eh-custom-1069\" data-1400-1600=\"127px 60px 134px 150px\" data-1025-1399=\"127px 60px 134px 100px\" data-769-1024=\"127px 100px 62px 100px\" data-681-768=\"100px 20px 50px 20px\" data-680=\"80px 10px 60px 10px\">\n\t<div class=\"eltdf-eh-item-inner\">\n\t\t<div class=\"eltdf-eh-item-content eltdf-eh-custom-1069\" style=\"padding: 120px 110px 120px 110px\">\n\t\t\t<div class=\"eltdf-section-title-holder   \" style=\"text-align: left\">\n\t<div class=\"eltdf-st-inner\">\n                    <span class=\"eltdf-st-caption\" style=\"color: #ffffff;margin: 0 0 6px 0\">\n                <span class=\"eltdf-st-caption-inner\" >Seguim en contacte<\/span>\n            <\/span>\n        \t\t\t\t\t<h2 class=\"eltdf-st-title\" style=\"color: #ffffff\">\n    <span class=\"eltdf-st-title-inner\"><span class=\"eltdf-st-side-line-left\" ><\/span>Newsletter<span class=\"eltdf-st-side-line-right\" ><\/span><\/span>\n\t\t\t<\/h2>\n\t\t\t\t\t\t\t<\/div>\n<\/div>[vc_empty_space height=&#8221;4px&#8221;][vc_column_text]<\/p>\n<p style=\"color: #fff;\">Si vols rebre les novetats relatives al nostre equip i la nostra feina, deixa\u2019ns les teves dades per a seguir en contacte per e-mail.<\/p>\n<p>[\/vc_column_text][vc_empty_space height=&#8221;24px&#8221;]\t\t<\/div>\n\t<\/div>\n<\/div><div class=\"eltdf-eh-item    \"  data-item-class=\"eltdf-eh-custom-8067\" data-1400-1600=\"32px 150px 40px 50px\" data-1025-1399=\"0 100px 40px 50px\" data-769-1024=\"0 100px 160px 100px\" data-681-768=\"0 20px 100px 20px\" data-680=\"0 10px 100px 10px\">\n\t<div class=\"eltdf-eh-item-inner\">\n\t\t<div class=\"eltdf-eh-item-content eltdf-eh-custom-8067\" style=\"padding: 80px 120px 40px 80px\">\n\t\t\t<div role=\"form\" class=\"wpcf7\" id=\"wpcf7-f232-o1\" lang=\"ca\" dir=\"ltr\">\n<div class=\"screen-reader-response\"><p role=\"status\" aria-live=\"polite\" aria-atomic=\"true\"><\/p> <ul><\/ul><\/div>\n<form action=\"\/ca\/wp-json\/wp\/v2\/pages\/3297#wpcf7-f232-o1\" method=\"post\" class=\"wpcf7-form init\" novalidate=\"novalidate\" data-status=\"init\">\n<div style=\"display: none;\">\n<input type=\"hidden\" name=\"_wpcf7\" value=\"232\" \/>\n<input type=\"hidden\" name=\"_wpcf7_version\" value=\"5.4.2\" \/>\n<input type=\"hidden\" name=\"_wpcf7_locale\" value=\"ca\" \/>\n<input type=\"hidden\" name=\"_wpcf7_unit_tag\" value=\"wpcf7-f232-o1\" \/>\n<input type=\"hidden\" name=\"_wpcf7_container_post\" value=\"0\" \/>\n<input type=\"hidden\" name=\"_wpcf7_posted_data_hash\" value=\"\" \/>\n<input type=\"hidden\" name=\"_wpcf7_recaptcha_response\" value=\"\" \/>\n<\/div>\n<div class=\"eltdf-contact-form-main\">\n<p><label class=\"btnews-lb\"><span class=\"wpcf7-form-control-wrap your-name\"><input type=\"text\" name=\"your-name\" value=\"\" size=\"40\" class=\"wpcf7-form-control wpcf7-text wpcf7-validates-as-required\" aria-required=\"true\" aria-invalid=\"false\" placeholder=\"Nom\" \/><\/span> <\/label><br \/>\n<label class=\"btnews-lb\"><span class=\"wpcf7-form-control-wrap your-email\"><input type=\"email\" name=\"your-email\" value=\"\" size=\"40\" class=\"wpcf7-form-control wpcf7-text wpcf7-email wpcf7-validates-as-required wpcf7-validates-as-email\" aria-required=\"true\" aria-invalid=\"false\" placeholder=\"E-Mail\" \/><\/span> <\/label><\/p>\n<p><button type=\"submit\" class=\"wpcf7-form-control wpcf7-submit eltdf-btn eltdf-btn-medium eltdf-btn-outline-slit btnews eltdf-btn eltdf-btn-medium eltdf-btn-outline\"><span class=\"eltdf-btn-text\">Subscriu-te<\/span><\/button>\n<\/p><\/div>\n<div class=\"wpcf7-response-output\" aria-hidden=\"true\"><\/div><\/form><\/div>\t\t<\/div>\n\t<\/div>\n<\/div><\/div>[\/vc_column][\/vc_row]<\/p>\n","protected":false},"excerpt":{"rendered":"<p>[vc_row row_content_width=&#8221;grid&#8221; css=&#8221;.vc_custom_1596104169265{padding-top: 80px !important;}&#8221;][vc_column][vc_column_text]Est\u00e0s a Inici \/ Projectes \/\u00a0Artistes \/\u00a0Manuel Cusachs[\/vc_column_text][vc_empty_space height=&#8221;1px&#8221;][\/vc_column][\/vc_row][vc_row row_content_width=&#8221;grid&#8221; css=&#8221;.vc_custom_1596104162782{padding-top: 50px !important;padding-bottom: 80px !important;}&#8221;][vc_column][vc_column_text] Sobre l&#8217;artista: Manuel Cusachs i Xivill\u00e9 (Matar\u00f3, 1933 &#8211; 2019) fou un prol\u00edfic escultor catal\u00e0 que va dur a terme peces [&hellip;]<\/p>\n","protected":false},"author":1,"featured_media":0,"parent":0,"menu_order":0,"comment_status":"closed","ping_status":"closed","template":"full-width.php","meta":{"inline_featured_image":false},"_links":{"self":[{"href":"https:\/\/www.granitsbarbany.com\/ca\/wp-json\/wp\/v2\/pages\/3297"}],"collection":[{"href":"https:\/\/www.granitsbarbany.com\/ca\/wp-json\/wp\/v2\/pages"}],"about":[{"href":"https:\/\/www.granitsbarbany.com\/ca\/wp-json\/wp\/v2\/types\/page"}],"author":[{"embeddable":true,"href":"https:\/\/www.granitsbarbany.com\/ca\/wp-json\/wp\/v2\/users\/1"}],"replies":[{"embeddable":true,"href":"https:\/\/www.granitsbarbany.com\/ca\/wp-json\/wp\/v2\/comments?post=3297"}],"version-history":[{"count":15,"href":"https:\/\/www.granitsbarbany.com\/ca\/wp-json\/wp\/v2\/pages\/3297\/revisions"}],"predecessor-version":[{"id":13572,"href":"https:\/\/www.granitsbarbany.com\/ca\/wp-json\/wp\/v2\/pages\/3297\/revisions\/13572"}],"wp:attachment":[{"href":"https:\/\/www.granitsbarbany.com\/ca\/wp-json\/wp\/v2\/media?parent=3297"}],"curies":[{"name":"wp","href":"https:\/\/api.w.org\/{rel}","templated":true}]}}