{"id":3650,"date":"2020-08-04T22:00:11","date_gmt":"2020-08-04T22:00:11","guid":{"rendered":"http:\/\/www.granitsbarbany.com\/?page_id=3650"},"modified":"2021-06-10T12:36:43","modified_gmt":"2021-06-10T12:36:43","slug":"sanna-volker","status":"publish","type":"page","link":"https:\/\/www.granitsbarbany.com\/ca\/sanna-volker\/","title":{"rendered":"Sanna V\u00f6lker"},"content":{"rendered":"<p>[vc_row row_content_width=&#8221;grid&#8221; css=&#8221;.vc_custom_1596104169265{padding-top: 80px !important;}&#8221;][vc_column][vc_column_text]Est\u00e0s a <a class=\"breadcumbs\" href=\"http:\/\/www.granitsbarbany.com\/\">Inici<\/a> \/ <a class=\"breadcumbs\" href=\"http:\/\/www.granitsbarbany.com\/projectes\/\">Projectes<\/a> \/ <a class=\"breadcumbs\" href=\"http:\/\/www.granitsbarbany.com\/arquitectes-i-dissenyadors\/\">Arquitectes i dissenyadors<\/a> \/\u00a0<a class=\"breadcumbs active\" href=\"#\">Sanna V\u00f6lker<\/a>[\/vc_column_text][vc_empty_space height=&#8221;1px&#8221;][\/vc_column][\/vc_row][vc_row row_content_width=&#8221;grid&#8221; css=&#8221;.vc_custom_1596104162782{padding-top: 50px !important;padding-bottom: 80px !important;}&#8221;][vc_column]<div class=\"eltdf-show-list-holder eltdf-sl-gallery  eltdf-normal-space eltdf-sl-three-columns eltdf-sl-pag-load-more\"  data-type=gallery data-number-of-columns=3 data-space-between-items=normal data-number-of-items=8 data-category=sanna-volker data-title-tag=h5 data-image-proportions=full data-enable-fixed-proportions=no data-show-category=yes data-show-date-range=no data-orderby=date data-order=ASC data-show-single-layout=info-bellow data-show-slider=no data-slider-navigation=no data-slider-pagination=no data-pagination-type=load-more data-slider-autoplay=no data-max-num-pages=1 data-next-page=2>\n\t<div class=\"eltdf-sl-inner eltdf-outer-space \" data-number-of-items=\"3\" data-enable-navigation=\"no\" data-enable-pagination=\"no\" data-enable-autoplay=\"no\">\n\t\t\n<div class=\"eltdf-show eltdf-item-space  show-item has-post-thumbnail hentry show-category-exhibition info-bellow post-3534 type-show-item status-publish hentry show-category-sanna-volker info-bellow\">\n\t<div class=\"eltdf-show-inner\">\n\t\t\t\t\t<div class=\"eltdf-show-image\">\n\t\t\t\t<a itemprop=\"url\" href=\"https:\/\/www.granitsbarbany.com\/ca\/obra\/canelobres\/\" target=\"_self\">\n\t\t\t\t\t<img width=\"600\" height=\"940\" src=\"https:\/\/www.granitsbarbany.com\/wp-content\/uploads\/2020\/08\/canalobres.jpg\" class=\"attachment-full size-full\" alt=\"\" loading=\"lazy\" srcset=\"https:\/\/www.granitsbarbany.com\/wp-content\/uploads\/2020\/08\/canalobres.jpg 600w, https:\/\/www.granitsbarbany.com\/wp-content\/uploads\/2020\/08\/canalobres-191x300.jpg 191w\" sizes=\"(max-width: 600px) 100vw, 600px\" \/>\t\t\t\t<\/a>\n\t\t\t<\/div>\n\t\t\t\t<div class=\"eltdf-show-info\">\n            <div class=\"eltdf-show-info-wrapper\">\n                                    <div class=\"eltdf-show-categories-holder\">\n                                                    <a itemprop=\"url\" class=\"eltdf-show-categories\" href=\"https:\/\/www.granitsbarbany.com\/ca\/shows-category\/sanna-volker\/\">Sanna Volker<\/a>\n                                            <\/div>\n                                                <div class=\"eltdf-show-title-holder\">\n                    <h5 itemprop=\"name\" class=\"eltdf-show-name entry-title\">\n                        <a itemprop=\"url\" href=\"https:\/\/www.granitsbarbany.com\/ca\/obra\/canelobres\/\">Canelobres<\/a>\n                    <\/h5>\n                <\/div>\n            <\/div>\n                            <div class=\"eltdf-show-excerpt-holder\">\n                    <span>[vc_row css=&#8221;.vc_custom_1596055518195{padding-top: 40px !important;}&#8221;][vc_column][vc_column_text]Est\u00e0s a Inici \/ Projectes \/ Arquitectes i dissenyadors \/\u00a0Sanna V\u00f6lker \/ Canelobres[\/vc_column_text][\/vc_column][vc_column width=&#8221;2\/3&#8243; css=&#8221;.vc_custom_1597134125943{padding-top: 30px !important;}&#8221;][\/vc_column][vc_column width=&#8221;1\/3&#8243;][vc_column_text] Autora Sanna V\u00f6lker Any 2017 \/ 2020 Empla\u00e7ament Internacional Material Diversos marbres[\/vc_column_text][\/vc_column][\/vc_row]<\/span>\n                <\/div>\n                        <div class=\"eltdf-event-post-read-more-button\">\n                <a itemprop=\"url\" href=\"https:\/\/www.granitsbarbany.com\/ca\/obra\/canelobres\/\" target=\"_self\"  class=\"eltdf-btn eltdf-btn-medium eltdf-btn-simple eltdf-blog-list-button\"  >    <span class=\"eltdf-btn-text\">Veure m\u00e9s<\/span>    <\/a>            <\/div>\n\t\t<\/div>\n\t<\/div>\n<\/div>\n<div class=\"eltdf-show eltdf-item-space  show-item has-post-thumbnail hentry show-category-exhibition info-bellow post-3538 type-show-item status-publish hentry show-category-sanna-volker info-bellow\">\n\t<div class=\"eltdf-show-inner\">\n\t\t\t\t\t<div class=\"eltdf-show-image\">\n\t\t\t\t<a itemprop=\"url\" href=\"https:\/\/www.granitsbarbany.com\/ca\/obra\/tamboret\/\" target=\"_self\">\n\t\t\t\t\t<img width=\"600\" height=\"940\" src=\"https:\/\/www.granitsbarbany.com\/wp-content\/uploads\/2020\/08\/tamboret-obra.jpg\" class=\"attachment-full size-full\" alt=\"\" loading=\"lazy\" srcset=\"https:\/\/www.granitsbarbany.com\/wp-content\/uploads\/2020\/08\/tamboret-obra.jpg 600w, https:\/\/www.granitsbarbany.com\/wp-content\/uploads\/2020\/08\/tamboret-obra-191x300.jpg 191w\" sizes=\"(max-width: 600px) 100vw, 600px\" \/>\t\t\t\t<\/a>\n\t\t\t<\/div>\n\t\t\t\t<div class=\"eltdf-show-info\">\n            <div class=\"eltdf-show-info-wrapper\">\n                                    <div class=\"eltdf-show-categories-holder\">\n                                                    <a itemprop=\"url\" class=\"eltdf-show-categories\" href=\"https:\/\/www.granitsbarbany.com\/ca\/shows-category\/sanna-volker\/\">Sanna Volker<\/a>\n                                            <\/div>\n                                                <div class=\"eltdf-show-title-holder\">\n                    <h5 itemprop=\"name\" class=\"eltdf-show-name entry-title\">\n                        <a itemprop=\"url\" href=\"https:\/\/www.granitsbarbany.com\/ca\/obra\/tamboret\/\">Tamboret<\/a>\n                    <\/h5>\n                <\/div>\n            <\/div>\n                            <div class=\"eltdf-show-excerpt-holder\">\n                    <span>[vc_row css=&#8221;.vc_custom_1596055518195{padding-top: 40px !important;}&#8221;][vc_column][vc_column_text]Est\u00e0s a Inici \/ Projectes \/ Arquitectes i dissenyadors \/ Sanna V\u00f6lker \/\u00a0Tamboret[\/vc_column_text][\/vc_column][vc_column width=&#8221;2\/3&#8243; css=&#8221;.vc_custom_1597134179265{padding-top: 30px !important;}&#8221;][\/vc_column][vc_column width=&#8221;1\/3&#8243;][vc_column_text] Autora Sanna V\u00f6lker Any 2019 Empla\u00e7ament Internacional Material Travert\u00ed rom\u00e0[\/vc_column_text][\/vc_column][\/vc_row]<\/span>\n                <\/div>\n                        <div class=\"eltdf-event-post-read-more-button\">\n                <a itemprop=\"url\" href=\"https:\/\/www.granitsbarbany.com\/ca\/obra\/tamboret\/\" target=\"_self\"  class=\"eltdf-btn eltdf-btn-medium eltdf-btn-simple eltdf-blog-list-button\"  >    <span class=\"eltdf-btn-text\">Veure m\u00e9s<\/span>    <\/a>            <\/div>\n\t\t<\/div>\n\t<\/div>\n<\/div>\n<div class=\"eltdf-show eltdf-item-space  show-item has-post-thumbnail hentry show-category-exhibition info-bellow post-3540 type-show-item status-publish hentry show-category-sanna-volker info-bellow\">\n\t<div class=\"eltdf-show-inner\">\n\t\t\t\t\t<div class=\"eltdf-show-image\">\n\t\t\t\t<a itemprop=\"url\" href=\"https:\/\/www.granitsbarbany.com\/ca\/obra\/plats-sanna-volker\/\" target=\"_self\">\n\t\t\t\t\t<img width=\"600\" height=\"940\" src=\"https:\/\/www.granitsbarbany.com\/wp-content\/uploads\/2020\/08\/plats-sanna1-bg1.jpg\" class=\"attachment-full size-full\" alt=\"\" loading=\"lazy\" srcset=\"https:\/\/www.granitsbarbany.com\/wp-content\/uploads\/2020\/08\/plats-sanna1-bg1.jpg 600w, https:\/\/www.granitsbarbany.com\/wp-content\/uploads\/2020\/08\/plats-sanna1-bg1-191x300.jpg 191w\" sizes=\"(max-width: 600px) 100vw, 600px\" \/>\t\t\t\t<\/a>\n\t\t\t<\/div>\n\t\t\t\t<div class=\"eltdf-show-info\">\n            <div class=\"eltdf-show-info-wrapper\">\n                                    <div class=\"eltdf-show-categories-holder\">\n                                                    <a itemprop=\"url\" class=\"eltdf-show-categories\" href=\"https:\/\/www.granitsbarbany.com\/ca\/shows-category\/sanna-volker\/\">Sanna Volker<\/a>\n                                            <\/div>\n                                                <div class=\"eltdf-show-title-holder\">\n                    <h5 itemprop=\"name\" class=\"eltdf-show-name entry-title\">\n                        <a itemprop=\"url\" href=\"https:\/\/www.granitsbarbany.com\/ca\/obra\/plats-sanna-volker\/\">Plats<\/a>\n                    <\/h5>\n                <\/div>\n            <\/div>\n                            <div class=\"eltdf-show-excerpt-holder\">\n                    <span>[vc_row css=&#8221;.vc_custom_1596055518195{padding-top: 40px !important;}&#8221;][vc_column][vc_column_text]Est\u00e0s a Inici \/ Projectes \/ Arquitectes i dissenyadors \/ Sanna V\u00f6lker \/\u00a0Plats[\/vc_column_text][\/vc_column][vc_column width=&#8221;2\/3&#8243; css=&#8221;.vc_custom_1597134197265{padding-top: 30px !important;}&#8221;][\/vc_column][vc_column width=&#8221;1\/3&#8243;][vc_column_text] Autora Sanna V\u00f6lker Any 2019 Empla\u00e7ament Internacional Material Balcozy[\/vc_column_text][\/vc_column][\/vc_row]<\/span>\n                <\/div>\n                        <div class=\"eltdf-event-post-read-more-button\">\n                <a itemprop=\"url\" href=\"https:\/\/www.granitsbarbany.com\/ca\/obra\/plats-sanna-volker\/\" target=\"_self\"  class=\"eltdf-btn eltdf-btn-medium eltdf-btn-simple eltdf-blog-list-button\"  >    <span class=\"eltdf-btn-text\">Veure m\u00e9s<\/span>    <\/a>            <\/div>\n\t\t<\/div>\n\t<\/div>\n<\/div>\t<\/div>\n\t<\/div>[vc_column_text]<\/p>\n<h2>Sobre la artista:<\/h2>\n<p>Sanna V\u00f6lker \u00e9s una dissenyadora sueca d\u2019objectes i mobles que actualment desenvolupa la seva activitat sobretot a Barcelona. Els seus dissenys sovint tenen una aparen\u00e7a s\u00f2bria i refinada, i presenten un equilibri fascinant entre harmonia i intriga.<\/p>\n<p>Sanna va estudiar Disseny de Producte a l\u2019Institut Europeu de Disseny (IED) de Barcelona, on va comen\u00e7ar a mostrar inter\u00e8s en el disseny d\u2019elements quotidians com canelobres, taules o portaespelmes.<\/p>\n<p>Molts dels seus treballs presenten geometries pures i detalls molt ben cuidats. Sovint dibuixen refer\u00e8ncies a l\u2019arquitectura i la fotografia, que s\u00f3n disciplines que la inspiren en la est\u00e8tica del seu treball.<\/p>\n<p>El comportament hum\u00e0 i la seva intervenci\u00f3 en la natura s\u00f3n temes que acostumen a apar\u00e8ixer en les seves obres. Un dels aspectes que realcen el treball de Sanna V\u00f6lker \u00e9s el seu inter\u00e8s per l\u2019artesania i la transformaci\u00f3 de materials per acabar donant a lloc peces contempor\u00e0nies.<\/p>\n<p>Actualment combina la seva tasca de dissenyadora amb la de curaci\u00f3 de contingut de temes d\u2019actualitat, com la preservaci\u00f3 de l\u2019artesania, i la doc\u00e8ncia en disseny de productes i mobiliari al mateix IED de Barcelona.<\/p>\n<p>Les seves peces han sigut exposades a ciutats amb projecci\u00f3 internacional com Brussel\u00b7les, Barcelona, Mil\u00e0, Col\u00f2nia o Par\u00eds.[\/vc_column_text][\/vc_column][\/vc_row][vc_row row_content_width=&#8221;grid&#8221; disable_background_image=&#8221;&#8221; css=&#8221;.vc_custom_1590484665524{padding-top: 40px !important;padding-bottom: 40px !important;}&#8221; simple_background_image=&#8221;2547&#8243;][vc_column]<div class=\"eltdf-elements-holder   eltdf-two-columns  eltdf-responsive-mode-1024 eltdf-one-column-alignment-left\" ><div class=\"eltdf-eh-item    \"  data-item-class=\"eltdf-eh-custom-5799\" data-1400-1600=\"127px 60px 134px 150px\" data-1025-1399=\"127px 60px 134px 100px\" data-769-1024=\"127px 100px 62px 100px\" data-681-768=\"100px 20px 50px 20px\" data-680=\"80px 10px 60px 10px\">\n\t<div class=\"eltdf-eh-item-inner\">\n\t\t<div class=\"eltdf-eh-item-content eltdf-eh-custom-5799\" style=\"padding: 120px 110px 120px 110px\">\n\t\t\t<div class=\"eltdf-section-title-holder   \" style=\"text-align: left\">\n\t<div class=\"eltdf-st-inner\">\n                    <span class=\"eltdf-st-caption\" style=\"color: #ffffff;margin: 0 0 6px 0\">\n                <span class=\"eltdf-st-caption-inner\" >Seguim en contacte<\/span>\n            <\/span>\n        \t\t\t\t\t<h2 class=\"eltdf-st-title\" style=\"color: #ffffff\">\n    <span class=\"eltdf-st-title-inner\"><span class=\"eltdf-st-side-line-left\" ><\/span>Newsletter<span class=\"eltdf-st-side-line-right\" ><\/span><\/span>\n\t\t\t<\/h2>\n\t\t\t\t\t\t\t<\/div>\n<\/div>[vc_empty_space height=&#8221;4px&#8221;][vc_column_text]<\/p>\n<p style=\"color: #fff;\">Si vols rebre les novetats relatives al nostre equip i la nostra feina, deixa\u2019ns les teves dades per a seguir en contacte per e-mail.<\/p>\n<p>[\/vc_column_text][vc_empty_space height=&#8221;24px&#8221;]\t\t<\/div>\n\t<\/div>\n<\/div><div class=\"eltdf-eh-item    \"  data-item-class=\"eltdf-eh-custom-3833\" data-1400-1600=\"32px 150px 40px 50px\" data-1025-1399=\"0 100px 40px 50px\" data-769-1024=\"0 100px 160px 100px\" data-681-768=\"0 20px 100px 20px\" data-680=\"0 10px 100px 10px\">\n\t<div class=\"eltdf-eh-item-inner\">\n\t\t<div class=\"eltdf-eh-item-content eltdf-eh-custom-3833\" style=\"padding: 80px 120px 40px 80px\">\n\t\t\t<div role=\"form\" class=\"wpcf7\" id=\"wpcf7-f232-o1\" lang=\"ca\" dir=\"ltr\">\n<div class=\"screen-reader-response\"><p role=\"status\" aria-live=\"polite\" aria-atomic=\"true\"><\/p> <ul><\/ul><\/div>\n<form action=\"\/ca\/wp-json\/wp\/v2\/pages\/3650#wpcf7-f232-o1\" method=\"post\" class=\"wpcf7-form init\" novalidate=\"novalidate\" data-status=\"init\">\n<div style=\"display: none;\">\n<input type=\"hidden\" name=\"_wpcf7\" value=\"232\" \/>\n<input type=\"hidden\" name=\"_wpcf7_version\" value=\"5.4.2\" \/>\n<input type=\"hidden\" name=\"_wpcf7_locale\" value=\"ca\" \/>\n<input type=\"hidden\" name=\"_wpcf7_unit_tag\" value=\"wpcf7-f232-o1\" \/>\n<input type=\"hidden\" name=\"_wpcf7_container_post\" value=\"0\" \/>\n<input type=\"hidden\" name=\"_wpcf7_posted_data_hash\" value=\"\" \/>\n<input type=\"hidden\" name=\"_wpcf7_recaptcha_response\" value=\"\" \/>\n<\/div>\n<div class=\"eltdf-contact-form-main\">\n<p><label class=\"btnews-lb\"><span class=\"wpcf7-form-control-wrap your-name\"><input type=\"text\" name=\"your-name\" value=\"\" size=\"40\" class=\"wpcf7-form-control wpcf7-text wpcf7-validates-as-required\" aria-required=\"true\" aria-invalid=\"false\" placeholder=\"Nom\" \/><\/span> <\/label><br \/>\n<label class=\"btnews-lb\"><span class=\"wpcf7-form-control-wrap your-email\"><input type=\"email\" name=\"your-email\" value=\"\" size=\"40\" class=\"wpcf7-form-control wpcf7-text wpcf7-email wpcf7-validates-as-required wpcf7-validates-as-email\" aria-required=\"true\" aria-invalid=\"false\" placeholder=\"E-Mail\" \/><\/span> <\/label><\/p>\n<p><button type=\"submit\" class=\"wpcf7-form-control wpcf7-submit eltdf-btn eltdf-btn-medium eltdf-btn-outline-slit btnews eltdf-btn eltdf-btn-medium eltdf-btn-outline\"><span class=\"eltdf-btn-text\">Subscriu-te<\/span><\/button>\n<\/p><\/div>\n<div class=\"wpcf7-response-output\" aria-hidden=\"true\"><\/div><\/form><\/div>\t\t<\/div>\n\t<\/div>\n<\/div><\/div>[\/vc_column][\/vc_row]<\/p>\n","protected":false},"excerpt":{"rendered":"<p>[vc_row row_content_width=&#8221;grid&#8221; css=&#8221;.vc_custom_1596104169265{padding-top: 80px !important;}&#8221;][vc_column][vc_column_text]Est\u00e0s a Inici \/ Projectes \/ Arquitectes i dissenyadors \/\u00a0Sanna V\u00f6lker[\/vc_column_text][vc_empty_space height=&#8221;1px&#8221;][\/vc_column][\/vc_row][vc_row row_content_width=&#8221;grid&#8221; css=&#8221;.vc_custom_1596104162782{padding-top: 50px !important;padding-bottom: 80px !important;}&#8221;][vc_column][vc_column_text] Sobre la artista: Sanna V\u00f6lker \u00e9s una dissenyadora sueca d\u2019objectes i mobles que actualment desenvolupa la seva activitat [&hellip;]<\/p>\n","protected":false},"author":1,"featured_media":0,"parent":0,"menu_order":0,"comment_status":"closed","ping_status":"closed","template":"full-width.php","meta":{"inline_featured_image":false},"_links":{"self":[{"href":"https:\/\/www.granitsbarbany.com\/ca\/wp-json\/wp\/v2\/pages\/3650"}],"collection":[{"href":"https:\/\/www.granitsbarbany.com\/ca\/wp-json\/wp\/v2\/pages"}],"about":[{"href":"https:\/\/www.granitsbarbany.com\/ca\/wp-json\/wp\/v2\/types\/page"}],"author":[{"embeddable":true,"href":"https:\/\/www.granitsbarbany.com\/ca\/wp-json\/wp\/v2\/users\/1"}],"replies":[{"embeddable":true,"href":"https:\/\/www.granitsbarbany.com\/ca\/wp-json\/wp\/v2\/comments?post=3650"}],"version-history":[{"count":16,"href":"https:\/\/www.granitsbarbany.com\/ca\/wp-json\/wp\/v2\/pages\/3650\/revisions"}],"predecessor-version":[{"id":13583,"href":"https:\/\/www.granitsbarbany.com\/ca\/wp-json\/wp\/v2\/pages\/3650\/revisions\/13583"}],"wp:attachment":[{"href":"https:\/\/www.granitsbarbany.com\/ca\/wp-json\/wp\/v2\/media?parent=3650"}],"curies":[{"name":"wp","href":"https:\/\/api.w.org\/{rel}","templated":true}]}}