{"id":5110,"date":"2020-09-15T21:44:21","date_gmt":"2020-09-15T21:44:21","guid":{"rendered":"http:\/\/www.granitsbarbany.com\/?page_id=5110"},"modified":"2021-06-10T12:04:16","modified_gmt":"2021-06-10T12:04:16","slug":"etsuro-sotoo","status":"publish","type":"page","link":"https:\/\/www.granitsbarbany.com\/ca\/etsuro-sotoo\/","title":{"rendered":"Etsuro Soto&#8217;o"},"content":{"rendered":"<p>[vc_row row_content_width=&#8221;grid&#8221; css=&#8221;.vc_custom_1596104169265{padding-top: 80px !important;}&#8221;][vc_column][vc_column_text]Est\u00e0s a <a class=\"breadcumbs\" href=\"http:\/\/www.granitsbarbany.com\/\">Inici<\/a> \/ <a class=\"breadcumbs\" href=\"http:\/\/www.granitsbarbany.com\/projectes\/\">Projectes<\/a> \/\u00a0<a class=\"breadcumbs\" href=\"http:\/\/www.granitsbarbany.com\/artistes\/\">Artistes<\/a> \/\u00a0<a class=\"breadcumbs active\" href=\"#\">Etsuro Soto&#8217;o<\/a>[\/vc_column_text][\/vc_column][\/vc_row][vc_row row_content_width=&#8221;grid&#8221; css=&#8221;.vc_custom_1596104162782{padding-top: 50px !important;padding-bottom: 80px !important;}&#8221;][vc_column]<div class=\"eltdf-show-list-holder eltdf-sl-gallery  eltdf-normal-space eltdf-sl-three-columns eltdf-sl-pag-load-more\"  data-type=gallery data-number-of-columns=3 data-space-between-items=normal data-number-of-items=8 data-category=etsuro-sotoo data-title-tag=h5 data-image-proportions=full data-enable-fixed-proportions=no data-show-category=yes data-show-date-range=no data-orderby=date data-order=ASC data-show-single-layout=info-bellow data-show-slider=no data-slider-navigation=no data-slider-pagination=no data-pagination-type=load-more data-slider-autoplay=no data-max-num-pages=1 data-next-page=2>\n\t<div class=\"eltdf-sl-inner eltdf-outer-space \" data-number-of-items=\"3\" data-enable-navigation=\"no\" data-enable-pagination=\"no\" data-enable-autoplay=\"no\">\n\t\t\n<div class=\"eltdf-show eltdf-item-space  show-item has-post-thumbnail hentry show-category-exhibition info-bellow post-5115 type-show-item status-publish hentry show-category-etsuro-sotoo info-bellow\">\n\t<div class=\"eltdf-show-inner\">\n\t\t\t\t\t<div class=\"eltdf-show-image\">\n\t\t\t\t<a itemprop=\"url\" href=\"https:\/\/www.granitsbarbany.com\/ca\/obra\/pica\/\" target=\"_self\">\n\t\t\t\t\t<img width=\"600\" height=\"940\" src=\"https:\/\/www.granitsbarbany.com\/wp-content\/uploads\/2020\/09\/pica1.jpg\" class=\"attachment-full size-full\" alt=\"\" loading=\"lazy\" srcset=\"https:\/\/www.granitsbarbany.com\/wp-content\/uploads\/2020\/09\/pica1.jpg 600w, https:\/\/www.granitsbarbany.com\/wp-content\/uploads\/2020\/09\/pica1-191x300.jpg 191w\" sizes=\"(max-width: 600px) 100vw, 600px\" \/>\t\t\t\t<\/a>\n\t\t\t<\/div>\n\t\t\t\t<div class=\"eltdf-show-info\">\n            <div class=\"eltdf-show-info-wrapper\">\n                                    <div class=\"eltdf-show-categories-holder\">\n                                                    <a itemprop=\"url\" class=\"eltdf-show-categories\" href=\"https:\/\/www.granitsbarbany.com\/ca\/shows-category\/etsuro-sotoo\/\">Etsuro Sotoo<\/a>\n                                            <\/div>\n                                                <div class=\"eltdf-show-title-holder\">\n                    <h5 itemprop=\"name\" class=\"eltdf-show-name entry-title\">\n                        <a itemprop=\"url\" href=\"https:\/\/www.granitsbarbany.com\/ca\/obra\/pica\/\">Pica<\/a>\n                    <\/h5>\n                <\/div>\n            <\/div>\n                            <div class=\"eltdf-show-excerpt-holder\">\n                    <span>[vc_row css=&#8221;.vc_custom_1596055518195{padding-top: 40px !important;}&#8221;][vc_column][vc_column_text]Est\u00e0s a Inici \/ Projectes \/\u00a0Artistes \/ Etsuro Soto&#8217;o \/\u00a0Pica[\/vc_column_text][\/vc_column][vc_column width=&#8221;2\/3&#8243; css=&#8221;.vc_custom_1597058463132{padding-top: 30px !important;}&#8221;][\/vc_column][vc_column width=&#8221;1\/3&#8243;][vc_column_text] Autor Etsuro Soto&#8217;o Any 2019 Empla\u00e7ament Barcelona &#8211; Santa Eul\u00e0lia (Catalunya) Material Pedra d&#8217;Ulldecona[\/vc_column_text][\/vc_column][\/vc_row]<\/span>\n                <\/div>\n                        <div class=\"eltdf-event-post-read-more-button\">\n                <a itemprop=\"url\" href=\"https:\/\/www.granitsbarbany.com\/ca\/obra\/pica\/\" target=\"_self\"  class=\"eltdf-btn eltdf-btn-medium eltdf-btn-simple eltdf-blog-list-button\"  >    <span class=\"eltdf-btn-text\">Veure m\u00e9s<\/span>    <\/a>            <\/div>\n\t\t<\/div>\n\t<\/div>\n<\/div>\n<div class=\"eltdf-show eltdf-item-space  show-item has-post-thumbnail hentry show-category-exhibition info-bellow post-5117 type-show-item status-publish hentry show-category-etsuro-sotoo info-bellow\">\n\t<div class=\"eltdf-show-inner\">\n\t\t\t\t\t<div class=\"eltdf-show-image\">\n\t\t\t\t<a itemprop=\"url\" href=\"https:\/\/www.granitsbarbany.com\/ca\/obra\/agua\/\" target=\"_self\">\n\t\t\t\t\t<img width=\"600\" height=\"940\" src=\"https:\/\/www.granitsbarbany.com\/wp-content\/uploads\/2020\/09\/x-bg1.jpg\" class=\"attachment-full size-full\" alt=\"\" loading=\"lazy\" srcset=\"https:\/\/www.granitsbarbany.com\/wp-content\/uploads\/2020\/09\/x-bg1.jpg 600w, https:\/\/www.granitsbarbany.com\/wp-content\/uploads\/2020\/09\/x-bg1-191x300.jpg 191w\" sizes=\"(max-width: 600px) 100vw, 600px\" \/>\t\t\t\t<\/a>\n\t\t\t<\/div>\n\t\t\t\t<div class=\"eltdf-show-info\">\n            <div class=\"eltdf-show-info-wrapper\">\n                                    <div class=\"eltdf-show-categories-holder\">\n                                                    <a itemprop=\"url\" class=\"eltdf-show-categories\" href=\"https:\/\/www.granitsbarbany.com\/ca\/shows-category\/etsuro-sotoo\/\">Etsuro Sotoo<\/a>\n                                            <\/div>\n                                                <div class=\"eltdf-show-title-holder\">\n                    <h5 itemprop=\"name\" class=\"eltdf-show-name entry-title\">\n                        <a itemprop=\"url\" href=\"https:\/\/www.granitsbarbany.com\/ca\/obra\/agua\/\">Agua \/ Aire<\/a>\n                    <\/h5>\n                <\/div>\n            <\/div>\n                            <div class=\"eltdf-show-excerpt-holder\">\n                    <span>[vc_row css=&#8221;.vc_custom_1596055518195{padding-top: 40px !important;}&#8221;][vc_column][vc_column_text]Est\u00e0s a Inici \/ Projectes \/\u00a0Artistes \/ Etsuro Soto&#8217;o \/ Agua\/Aire[\/vc_column_text][\/vc_column][vc_column width=&#8221;2\/3&#8243; css=&#8221;.vc_custom_1597058463132{padding-top: 30px !important;}&#8221;][\/vc_column][vc_column width=&#8221;1\/3&#8243;][vc_column_text] Autor Etsuro Soto&#8217;o Any 2020 Empla\u00e7ament Barcelona (Catalunya) Material Pedra d&#8217;Ulldecona[\/vc_column_text][\/vc_column][\/vc_row]<\/span>\n                <\/div>\n                        <div class=\"eltdf-event-post-read-more-button\">\n                <a itemprop=\"url\" href=\"https:\/\/www.granitsbarbany.com\/ca\/obra\/agua\/\" target=\"_self\"  class=\"eltdf-btn eltdf-btn-medium eltdf-btn-simple eltdf-blog-list-button\"  >    <span class=\"eltdf-btn-text\">Veure m\u00e9s<\/span>    <\/a>            <\/div>\n\t\t<\/div>\n\t<\/div>\n<\/div>\t<\/div>\n\t<\/div>[vc_empty_space height=&#8221;1px&#8221;][vc_column_text]<\/p>\n<h2>Sobre l&#8217;artista:<\/h2>\n<p>Etsuro Soto&#8217;o \u00e9s un escultor japon\u00e8s nascut a Fukuoka l\u2019any 1953. Conegut en el seu pa\u00eds com el \u201cGaud\u00ed japon\u00e8s\u201d, la seva obra est\u00e0 molt lligada a la <a class=\"breadcumbs active\" href=\"http:\/\/www.granitsbarbany.com\/basilica-de-la-sagrada-familia\/\" target=\"_blank\" rel=\"noopener\">Bas\u00edlica de la Sagrada Fam\u00edlia<\/a>.<\/p>\n<p>Va estudiar Belles Arts a la universitat de Kioto i es va graduar l\u2019any 1977. Un any m\u00e9s tard, ja immers en una intensa tasca docent, va decidir viatjar a Europa perqu\u00e8 reconeixia, \u201c\u00e9s on la cultura de la pedra est\u00e0 m\u00e9s viva\u201d.<\/p>\n<p>La seva aut\u00e8ntica vocaci\u00f3 era treballar manualment amb la mat\u00e8ria, especialment amb la pedra. Un cop va visitar la Sagrada Fam\u00edlia en va quedar tan fascinat que, conscient de la seva vocaci\u00f3 real, va demanar treballar-hi com a picapedrer.<\/p>\n<p>Despr\u00e9s de passar les proves pertinents se li va encomanar la tasca de seguir amb la construcci\u00f3 de la fa\u00e7ana del Naixement, d\u2019acord amb les indicacions d\u2019Antoni Gaud\u00ed. Precisament aquesta fa\u00e7ana ha sigut la \u00fanica que, gr\u00e0cies a la gran tasca de persones com Soto&#8217;o, ha sigut declarada patrimoni mundial per la UNESCO.<\/p>\n<p>Tamb\u00e9 \u00e9s autor d\u2019escultures i monuments arreu de Jap\u00f3 i Catalunya com el monument commemoratiu del 150 aniversari de la companyia Louis Vuitton, a Barber\u00e0 del Vall\u00e8s.<\/p>\n<p>Actualment, a part de dedicar-se a la construcci\u00f3 de la Sagrada Fam\u00edlia, tamb\u00e9 exerceix com a professor visitant en diverses entitats japoneses.[\/vc_column_text][\/vc_column][\/vc_row][vc_row row_content_width=&#8221;grid&#8221; disable_background_image=&#8221;&#8221; css=&#8221;.vc_custom_1590484665524{padding-top: 40px !important;padding-bottom: 40px !important;}&#8221; simple_background_image=&#8221;2547&#8243;][vc_column]<div class=\"eltdf-elements-holder   eltdf-two-columns  eltdf-responsive-mode-1024 eltdf-one-column-alignment-left\" ><div class=\"eltdf-eh-item    \"  data-item-class=\"eltdf-eh-custom-6207\" data-1400-1600=\"127px 60px 134px 150px\" data-1025-1399=\"127px 60px 134px 100px\" data-769-1024=\"127px 100px 62px 100px\" data-681-768=\"100px 20px 50px 20px\" data-680=\"80px 10px 60px 10px\">\n\t<div class=\"eltdf-eh-item-inner\">\n\t\t<div class=\"eltdf-eh-item-content eltdf-eh-custom-6207\" style=\"padding: 120px 110px 120px 110px\">\n\t\t\t<div class=\"eltdf-section-title-holder   \" style=\"text-align: left\">\n\t<div class=\"eltdf-st-inner\">\n                    <span class=\"eltdf-st-caption\" style=\"color: #ffffff;margin: 0 0 6px 0\">\n                <span class=\"eltdf-st-caption-inner\" >Seguim en contacte<\/span>\n            <\/span>\n        \t\t\t\t\t<h2 class=\"eltdf-st-title\" style=\"color: #ffffff\">\n    <span class=\"eltdf-st-title-inner\"><span class=\"eltdf-st-side-line-left\" ><\/span>Newsletter<span class=\"eltdf-st-side-line-right\" ><\/span><\/span>\n\t\t\t<\/h2>\n\t\t\t\t\t\t\t<\/div>\n<\/div>[vc_empty_space height=&#8221;4px&#8221;][vc_column_text]<\/p>\n<p style=\"color: #fff;\">Si vols rebre les novetats relatives al nostre equip i la nostra feina, deixa\u2019ns les teves dades per a seguir en contacte per e-mail.<\/p>\n<p>[\/vc_column_text][vc_empty_space height=&#8221;24px&#8221;]\t\t<\/div>\n\t<\/div>\n<\/div><div class=\"eltdf-eh-item    \"  data-item-class=\"eltdf-eh-custom-3478\" data-1400-1600=\"32px 150px 40px 50px\" data-1025-1399=\"0 100px 40px 50px\" data-769-1024=\"0 100px 160px 100px\" data-681-768=\"0 20px 100px 20px\" data-680=\"0 10px 100px 10px\">\n\t<div class=\"eltdf-eh-item-inner\">\n\t\t<div class=\"eltdf-eh-item-content eltdf-eh-custom-3478\" style=\"padding: 80px 120px 40px 80px\">\n\t\t\t<div role=\"form\" class=\"wpcf7\" id=\"wpcf7-f232-o1\" lang=\"ca\" dir=\"ltr\">\n<div class=\"screen-reader-response\"><p role=\"status\" aria-live=\"polite\" aria-atomic=\"true\"><\/p> <ul><\/ul><\/div>\n<form action=\"\/ca\/wp-json\/wp\/v2\/pages\/5110#wpcf7-f232-o1\" method=\"post\" class=\"wpcf7-form init\" novalidate=\"novalidate\" data-status=\"init\">\n<div style=\"display: none;\">\n<input type=\"hidden\" name=\"_wpcf7\" value=\"232\" \/>\n<input type=\"hidden\" name=\"_wpcf7_version\" value=\"5.4.2\" \/>\n<input type=\"hidden\" name=\"_wpcf7_locale\" value=\"ca\" \/>\n<input type=\"hidden\" name=\"_wpcf7_unit_tag\" value=\"wpcf7-f232-o1\" \/>\n<input type=\"hidden\" name=\"_wpcf7_container_post\" value=\"0\" \/>\n<input type=\"hidden\" name=\"_wpcf7_posted_data_hash\" value=\"\" \/>\n<input type=\"hidden\" name=\"_wpcf7_recaptcha_response\" value=\"\" \/>\n<\/div>\n<div class=\"eltdf-contact-form-main\">\n<p><label class=\"btnews-lb\"><span class=\"wpcf7-form-control-wrap your-name\"><input type=\"text\" name=\"your-name\" value=\"\" size=\"40\" class=\"wpcf7-form-control wpcf7-text wpcf7-validates-as-required\" aria-required=\"true\" aria-invalid=\"false\" placeholder=\"Nom\" \/><\/span> <\/label><br \/>\n<label class=\"btnews-lb\"><span class=\"wpcf7-form-control-wrap your-email\"><input type=\"email\" name=\"your-email\" value=\"\" size=\"40\" class=\"wpcf7-form-control wpcf7-text wpcf7-email wpcf7-validates-as-required wpcf7-validates-as-email\" aria-required=\"true\" aria-invalid=\"false\" placeholder=\"E-Mail\" \/><\/span> <\/label><\/p>\n<p><button type=\"submit\" class=\"wpcf7-form-control wpcf7-submit eltdf-btn eltdf-btn-medium eltdf-btn-outline-slit btnews eltdf-btn eltdf-btn-medium eltdf-btn-outline\"><span class=\"eltdf-btn-text\">Subscriu-te<\/span><\/button>\n<\/p><\/div>\n<div class=\"wpcf7-response-output\" aria-hidden=\"true\"><\/div><\/form><\/div>\t\t<\/div>\n\t<\/div>\n<\/div><\/div>[\/vc_column][\/vc_row]<\/p>\n","protected":false},"excerpt":{"rendered":"<p>[vc_row row_content_width=&#8221;grid&#8221; css=&#8221;.vc_custom_1596104169265{padding-top: 80px !important;}&#8221;][vc_column][vc_column_text]Est\u00e0s a Inici \/ Projectes \/\u00a0Artistes \/\u00a0Etsuro Soto&#8217;o[\/vc_column_text][\/vc_column][\/vc_row][vc_row row_content_width=&#8221;grid&#8221; css=&#8221;.vc_custom_1596104162782{padding-top: 50px !important;padding-bottom: 80px !important;}&#8221;][vc_column][vc_empty_space height=&#8221;1px&#8221;][vc_column_text] Sobre l&#8217;artista: Etsuro Soto&#8217;o \u00e9s un escultor japon\u00e8s nascut a Fukuoka l\u2019any 1953. Conegut en el seu pa\u00eds com el \u201cGaud\u00ed [&hellip;]<\/p>\n","protected":false},"author":1,"featured_media":0,"parent":0,"menu_order":0,"comment_status":"closed","ping_status":"closed","template":"full-width.php","meta":{"inline_featured_image":false},"_links":{"self":[{"href":"https:\/\/www.granitsbarbany.com\/ca\/wp-json\/wp\/v2\/pages\/5110"}],"collection":[{"href":"https:\/\/www.granitsbarbany.com\/ca\/wp-json\/wp\/v2\/pages"}],"about":[{"href":"https:\/\/www.granitsbarbany.com\/ca\/wp-json\/wp\/v2\/types\/page"}],"author":[{"embeddable":true,"href":"https:\/\/www.granitsbarbany.com\/ca\/wp-json\/wp\/v2\/users\/1"}],"replies":[{"embeddable":true,"href":"https:\/\/www.granitsbarbany.com\/ca\/wp-json\/wp\/v2\/comments?post=5110"}],"version-history":[{"count":11,"href":"https:\/\/www.granitsbarbany.com\/ca\/wp-json\/wp\/v2\/pages\/5110\/revisions"}],"predecessor-version":[{"id":13577,"href":"https:\/\/www.granitsbarbany.com\/ca\/wp-json\/wp\/v2\/pages\/5110\/revisions\/13577"}],"wp:attachment":[{"href":"https:\/\/www.granitsbarbany.com\/ca\/wp-json\/wp\/v2\/media?parent=5110"}],"curies":[{"name":"wp","href":"https:\/\/api.w.org\/{rel}","templated":true}]}}