{"id":6691,"date":"2019-09-26T12:47:30","date_gmt":"2019-09-26T12:47:30","guid":{"rendered":"http:\/\/www.granitsbarbany.com\/historia\/"},"modified":"2021-05-26T16:12:23","modified_gmt":"2021-05-26T16:12:23","slug":"history","status":"publish","type":"page","link":"https:\/\/www.granitsbarbany.com\/en\/history\/","title":{"rendered":"Our history"},"content":{"rendered":"<p>[vc_row][vc_column]\n\t\t\t<!-- START historia REVOLUTION SLIDER 6.2.23 --><p class=\"rs-p-wp-fix\"><\/p>\n\t\t\t<rs-module-wrap id=\"rev_slider_17_1_wrapper\" data-source=\"gallery\" style=\"background:#000000;padding:0;margin:0px auto;margin-top:0;margin-bottom:0;\">\n\t\t\t\t<rs-module id=\"rev_slider_17_1\" style=\"\" data-version=\"6.2.23\">\n\t\t\t\t\t<rs-slides>\n\t\t\t\t\t\t<rs-slide data-key=\"rs-58\" data-title=\"New Slide - EN\" data-anim=\"ei:d;eo:d;s:1000;r:0;t:fade;sl:0;\">\n\t\t\t\t\t\t\t<img src=\"\/\/www.granitsbarbany.com\/wp-content\/plugins\/revslider\/public\/assets\/assets\/transparent.png\" title=\"Our history\" class=\"rev-slidebg\" data-no-retina>\n\t\t\t\t\t\t\t<rs-bgvideo \n\t\t\t\t\t\t\t\tdata-video=\"w:100%;h:100%;nse:false;l:true;ptimer:false;\"\n\t\t\t\t\t\t\t\tdata-mp4=\"\/\/www.granitsbarbany.com\/wp-content\/uploads\/2019\/09\/Slider3.mp4\"\n\t\t\t\t\t\t\t><\/rs-bgvideo>\n<!--\n\t\t\t\t\t\t\t--><h1\n\t\t\t\t\t\t\t\tid=\"slider-17-slide-58-layer-0\" \n\t\t\t\t\t\t\t\tclass=\"rs-layer\"\n\t\t\t\t\t\t\t\tdata-type=\"text\"\n\t\t\t\t\t\t\t\tdata-xy=\"x:c;xo:0,4px,0,0;y:m;yo:-5px,0,-34px,0;\"\n\t\t\t\t\t\t\t\tdata-text=\"w:normal,normal,normal,normal;s:51,55,55,40;l:87,60,75,65;ls:13.2px,10px,11px,11px;a:center;\"\n\t\t\t\t\t\t\t\tdata-dim=\"w:auto,709px,436px,436px;\"\n\t\t\t\t\t\t\t\tdata-rsp_o=\"off\"\n\t\t\t\t\t\t\t\tdata-rsp_bd=\"off\"\n\t\t\t\t\t\t\t\tdata-frame_0=\"y:100%;\"\n\t\t\t\t\t\t\t\tdata-frame_1=\"e:power4.out;st:500;sp:1000;sR:500;\"\n\t\t\t\t\t\t\t\tdata-frame_999=\"o:0;st:w;sR:7500;\"\n\t\t\t\t\t\t\t\tstyle=\"z-index:8;font-family:EB Garamond;text-transform:uppercase;\"\n\t\t\t\t\t\t\t>OUR HISTORY \n\t\t\t\t\t\t\t<\/h1><!--\n\n\t\t\t\t\t\t\t--><rs-layer\n\t\t\t\t\t\t\t\tid=\"slider-17-slide-58-layer-3\" \n\t\t\t\t\t\t\t\tdata-type=\"image\"\n\t\t\t\t\t\t\t\tdata-xy=\"x:c;xo:-517px,-417px,-287px,-287px;y:m;yo:-4px,0,-34px,-55px;\"\n\t\t\t\t\t\t\t\tdata-text=\"w:normal;\"\n\t\t\t\t\t\t\t\tdata-dim=\"w:147px,147px,100px,100px;h:['1px','1px','1px','1px'];\"\n\t\t\t\t\t\t\t\tdata-rsp_o=\"off\"\n\t\t\t\t\t\t\t\tdata-rsp_bd=\"off\"\n\t\t\t\t\t\t\t\tdata-frame_0=\"x:100%;\"\n\t\t\t\t\t\t\t\tdata-frame_0_mask=\"u:t;\"\n\t\t\t\t\t\t\t\tdata-frame_1=\"st:500;sp:1000;\"\n\t\t\t\t\t\t\t\tdata-frame_1_mask=\"u:t;\"\n\t\t\t\t\t\t\t\tdata-frame_999=\"o:0;st:w;sR:7500;\"\n\t\t\t\t\t\t\t\tstyle=\"z-index:10;\"\n\t\t\t\t\t\t\t><img src=\"\/\/www.granitsbarbany.com\/wp-content\/uploads\/revslider\/main-home\/h1-rev-img-1.png\" width=\"147\" height=\"1\" data-no-retina> \n\t\t\t\t\t\t\t<\/rs-layer><!--\n\n\t\t\t\t\t\t\t--><rs-layer\n\t\t\t\t\t\t\t\tid=\"slider-17-slide-58-layer-4\" \n\t\t\t\t\t\t\t\tdata-type=\"image\"\n\t\t\t\t\t\t\t\tdata-xy=\"x:c;xo:501px,417px,287px,287px;y:m;yo:-4px,0,-34px,-55px;\"\n\t\t\t\t\t\t\t\tdata-text=\"w:normal;\"\n\t\t\t\t\t\t\t\tdata-dim=\"w:147px,147px,100px,100px;h:['1px','1px','1px','1px'];\"\n\t\t\t\t\t\t\t\tdata-rsp_o=\"off\"\n\t\t\t\t\t\t\t\tdata-rsp_bd=\"off\"\n\t\t\t\t\t\t\t\tdata-frame_0=\"x:-100%;\"\n\t\t\t\t\t\t\t\tdata-frame_0_mask=\"u:t;\"\n\t\t\t\t\t\t\t\tdata-frame_1=\"st:500;sp:1000;\"\n\t\t\t\t\t\t\t\tdata-frame_1_mask=\"u:t;\"\n\t\t\t\t\t\t\t\tdata-frame_999=\"o:0;st:w;sR:7500;\"\n\t\t\t\t\t\t\t\tstyle=\"z-index:9;\"\n\t\t\t\t\t\t\t><img src=\"\/\/www.granitsbarbany.com\/wp-content\/uploads\/revslider\/main-home\/h1-rev-img-1.png\" width=\"147\" height=\"1\" data-no-retina> \n\t\t\t\t\t\t\t<\/rs-layer><!--\n-->\t\t\t\t\t\t<\/rs-slide>\n\t\t\t\t\t<\/rs-slides>\n\t\t\t\t<\/rs-module>\n\t\t\t\t<script type=\"text\/javascript\">\n\t\t\t\t\tsetREVStartSize({c: 'rev_slider_17_1',rl:[1240,1024,778,480],el:[550,600,600,500],gw:[1300,1100,600,550],gh:[550,550,600,500],type:'standard',justify:'',layout:'fullwidth',mh:\"0\"});\n\t\t\t\t\tvar\trevapi17,\n\t\t\t\t\t\ttpj;\n\t\t\t\t\tfunction revinit_revslider171() {\n\t\t\t\t\tjQuery(function() {\n\t\t\t\t\t\ttpj = jQuery;\n\t\t\t\t\t\trevapi17 = tpj(\"#rev_slider_17_1\");\n\t\t\t\t\t\tif(revapi17==undefined || revapi17.revolution == undefined){\n\t\t\t\t\t\t\trevslider_showDoubleJqueryError(\"rev_slider_17_1\");\n\t\t\t\t\t\t}else{\n\t\t\t\t\t\t\trevapi17.revolution({\n\t\t\t\t\t\t\t\tsliderLayout:\"fullwidth\",\n\t\t\t\t\t\t\t\tduration:\"6000ms\",\n\t\t\t\t\t\t\t\tvisibilityLevels:\"1240,1024,778,480\",\n\t\t\t\t\t\t\t\tgridwidth:\"1300,1100,600,550\",\n\t\t\t\t\t\t\t\tgridheight:\"550,550,600,500\",\n\t\t\t\t\t\t\t\tperspective:600,\n\t\t\t\t\t\t\t\tperspectiveType:\"local\",\n\t\t\t\t\t\t\t\teditorheight:\"550,600,600,500\",\n\t\t\t\t\t\t\t\tresponsiveLevels:\"1240,1024,778,480\",\n\t\t\t\t\t\t\t\tprogressBar:{disableProgressBar:true},\n\t\t\t\t\t\t\t\tnavigation: {\n\t\t\t\t\t\t\t\t\tonHoverStop:false\n\t\t\t\t\t\t\t\t},\n\t\t\t\t\t\t\t\tfallbacks: {\n\t\t\t\t\t\t\t\t\tpanZoomDisableOnMobile:true,\n\t\t\t\t\t\t\t\t\tallowHTML5AutoPlayOnAndroid:true\n\t\t\t\t\t\t\t\t},\n\t\t\t\t\t\t\t});\n\t\t\t\t\t\t}\n\t\t\t\t\t\t\n\t\t\t\t\t});\n\t\t\t\t\t} \/\/ End of RevInitScript\n\t\t\t\tvar once_revslider171 = false;\n\t\t\t\tif (document.readyState === \"loading\") {document.addEventListener('readystatechange',function() { if((document.readyState === \"interactive\" || document.readyState === \"complete\") && !once_revslider171 ) { once_revslider171 = true; revinit_revslider171();}});} else {once_revslider171 = true; revinit_revslider171();}\n\t\t\t\t<\/script>\n\t\t\t<\/rs-module-wrap>\n\t\t\t<!-- END REVOLUTION SLIDER -->\n[\/vc_column][\/vc_row][vc_row row_content_width=&#8221;grid&#8221; css=&#8221;.vc_custom_1591612090396{padding-top: 145px !important;padding-bottom: 8px !important;}&#8221; el_class=&#8221;mes-picantpedra&#8221;][vc_column offset=&#8221;vc_col-lg-offset-1 vc_col-lg-10 vc_col-md-offset-0 vc_col-md-12 vc_col-sm-offset-0 vc_col-xs-12&#8243;]<div class=\"eltdf-section-title-holder   eltdf-st-decorative-line\" style=\"text-align: center\">\n\t<div class=\"eltdf-st-inner\">\n        \t\t\t\t\t<h2 class=\"eltdf-st-title\" >\n    <span class=\"eltdf-st-title-inner\"><span class=\"eltdf-st-side-line-left\" ><\/span>More than 130 years breaking stone<span class=\"eltdf-st-side-line-right\" ><\/span><\/span>\n\t\t\t<\/h2>\n\t\t\t\t\t\t\t<\/div>\n<\/div>[vc_empty_space height=&#8221;5px&#8221;][vc_column_text]<\/p>\n<p style=\"text-align: center;\">They say that history must be read in the stones. We write our own, since the passion for stone accompanies us even at meals. So that we carry it in our blood, we carry it in our hands.<\/p>\n<p>[\/vc_column_text][\/vc_column][\/vc_row][vc_row content_placement=&#8221;middle&#8221; row_content_width=&#8221;grid&#8221; el_class=&#8221;eltdf-workflow-custom-alignment&#8221;][vc_column]<div class=\"eltdf-elements-holder   eltdf-one-column  eltdf-responsive-mode-768 eltdf-one-column-alignment-center\" ><div class=\"eltdf-eh-item    \"  data-item-class=\"eltdf-eh-custom-4386\" data-1400-1600=\"0 0 160px 0\" data-1025-1399=\"0 0 160px 0\" data-769-1024=\"0 0 60px 0\" data-681-768=\"0 0 60px 0\" data-680=\"0 0 60px 0\">\n\t<div class=\"eltdf-eh-item-inner\">\n\t\t<div class=\"eltdf-eh-item-content eltdf-eh-custom-4386\" style=\"padding: 0 0 160px 0\">\n\t\t\t<div class=\"eltdf-workflow eltdf-workflow-animate\">\n    <span class=\"alt-line\"><\/span>\n    <span class=\"main-line\" style=\"background-color:#4e4e4e;\"><\/span>\n    <div class=\"eltdf-workflow-item\">\n    <span class=\"line\" style=\"\"><\/span>\n    <div class=\"eltdf-workflow-item-inner\">\n        <div class=\"eltdf-workflow-image\">\n            <img width=\"780\" height=\"1024\" src=\"https:\/\/www.granitsbarbany.com\/wp-content\/uploads\/2020\/06\/besavi.jpg\" class=\"attachment-full size-full\" alt=\"\" loading=\"lazy\" srcset=\"https:\/\/www.granitsbarbany.com\/wp-content\/uploads\/2020\/06\/besavi.jpg 780w, https:\/\/www.granitsbarbany.com\/wp-content\/uploads\/2020\/06\/besavi-229x300.jpg 229w, https:\/\/www.granitsbarbany.com\/wp-content\/uploads\/2020\/06\/besavi-768x1008.jpg 768w\" sizes=\"(max-width: 780px) 100vw, 780px\" \/>        <\/div>\n        <div class=\"eltdf-workflow-text\">\n            <span class=\"circle\" style=\"border-color:#4e4e4e;background-color:#4e4e4e;\"><\/span>\n            <span class=\"circle-line\" style=\"background-color:#4e4e4e;\"><\/span>\n                            <div class=\"year\">1884 - 1962<\/div>\n                        <div class=\"eltdf-workflow-title-text-holder\">\n                                    <div class=\"year-responsive\">1884 - 1962<\/div>\n                                                    <span class=\"eltdf-workflow-caption\">The spark<\/span>\n                                                    <h2>Joan Barbany i Verdaguer<\/h2>\n                                                    <span class=\"text\">Every fire needs a spark. For us, Joan Barbany was that and more.<br \/>\nAt just 10 years old he was already taking his first steps as a stonemason in Marseille. His profession took him around the world, where he picked up skills in places such as Morrocco, France and Argelia.<br \/>\nWhen he came back to his homeland, he started to work in the stone quarries of Montju\u00efc in Barcelona and in Sant Esteve d\u2019Alcoll, where he settled down.<br \/>\nAmong his outstanding works, we can find the monument to Fallen Soldiers in Barcelona, the Column of Canaletes on La Rambla in Barcelona or the Altar in Breda. Also, he was the first Barbany to provide materials for our beloved Sagrada Familia.<\/span>\n                            <\/div>\n        <\/div>\n    <\/div>\n<\/div><div class=\"eltdf-workflow-item\">\n    <span class=\"line\" style=\"\"><\/span>\n    <div class=\"eltdf-workflow-item-inner\">\n        <div class=\"eltdf-workflow-image\">\n            <img width=\"780\" height=\"1024\" src=\"https:\/\/www.granitsbarbany.com\/wp-content\/uploads\/2020\/06\/tiet-pere.jpg\" class=\"attachment-full size-full\" alt=\"\" loading=\"lazy\" srcset=\"https:\/\/www.granitsbarbany.com\/wp-content\/uploads\/2020\/06\/tiet-pere.jpg 780w, https:\/\/www.granitsbarbany.com\/wp-content\/uploads\/2020\/06\/tiet-pere-229x300.jpg 229w, https:\/\/www.granitsbarbany.com\/wp-content\/uploads\/2020\/06\/tiet-pere-768x1008.jpg 768w\" sizes=\"(max-width: 780px) 100vw, 780px\" \/>        <\/div>\n        <div class=\"eltdf-workflow-text\">\n            <span class=\"circle\" style=\"border-color:#4e4e4e;background-color:#4e4e4e;\"><\/span>\n            <span class=\"circle-line\" style=\"background-color:#4e4e4e;\"><\/span>\n                            <div class=\"year\">1911 - 1998<\/div>\n                        <div class=\"eltdf-workflow-title-text-holder\">\n                                    <div class=\"year-responsive\">1911 - 1998<\/div>\n                                                    <span class=\"eltdf-workflow-caption\">From stone to art<\/span>\n                                                    <h2>Pere Barbany i Sabat\u00e9s (Peret)<\/h2>\n                                                    <span class=\"text\">Pere Barbany spent his childhood in Argelia. However, it was not there but in the stone quarry of Sant Esteve d\u2019Alcoll where at a very early age, he began to get his hands dirty.<br \/>\nUnfortunately, a war injury when he was young limited him in some stonemason tasks. That twisted hand and his rebellious nature brought him closer to the artistic and bohemian environment of the time. His skill in the trade excited those around him. And so he developed professional and personal relationships with artists like Manuel Cusachs, Josep Pla and Manolo Hugu\u00e9.<br \/>\nPeret always lived with his brother, bringing a touch of joy to the profession.<\/span>\n                            <\/div>\n        <\/div>\n    <\/div>\n<\/div><div class=\"eltdf-workflow-item\">\n    <span class=\"line\" style=\"\"><\/span>\n    <div class=\"eltdf-workflow-item-inner\">\n        <div class=\"eltdf-workflow-image\">\n            <img width=\"780\" height=\"1024\" src=\"https:\/\/www.granitsbarbany.com\/wp-content\/uploads\/2020\/06\/avi-pitu.jpg\" class=\"attachment-full size-full\" alt=\"\" loading=\"lazy\" srcset=\"https:\/\/www.granitsbarbany.com\/wp-content\/uploads\/2020\/06\/avi-pitu.jpg 780w, https:\/\/www.granitsbarbany.com\/wp-content\/uploads\/2020\/06\/avi-pitu-229x300.jpg 229w, https:\/\/www.granitsbarbany.com\/wp-content\/uploads\/2020\/06\/avi-pitu-768x1008.jpg 768w\" sizes=\"(max-width: 780px) 100vw, 780px\" \/>        <\/div>\n        <div class=\"eltdf-workflow-text\">\n            <span class=\"circle\" style=\"border-color:#4e4e4e;background-color:#4e4e4e;\"><\/span>\n            <span class=\"circle-line\" style=\"background-color:#4e4e4e;\"><\/span>\n                            <div class=\"year\">1925 - 2012<\/div>\n                        <div class=\"eltdf-workflow-title-text-holder\">\n                                    <div class=\"year-responsive\">1925 - 2012<\/div>\n                                                    <span class=\"eltdf-workflow-caption\">The first master craftsman<\/span>\n                                                    <h2>JOSEP BARBANY I SABAT\u00c9S (PITU)<\/h2>\n                                                    <span class=\"text\">In the midst of the outbreak of the Civil War, Josep Barbany, at the age of 10, had his first experience as a stonemason, protecting himself from the war in the Alcoll family quarry.<br \/>\nThanks to his father and brother\u2019s teachings, and over the years he was able to master a profession to a degree only achievable by a few. In 1950, together with Francisca Triad\u00f3 i Roig, they opened the \u00d2rrius quarry.<br \/>\nPitu was a prolific stonemason. Numerous works of sculpture and construction as well as religious work remain in his legacy, including restoration work on the Hospital de Sant Pau, Can Serra and La Carassa in Barcelona, the Churches of Mosqueroles, of Sant Josep and Sant Jaume de Matar\u00f3, Monument to Josep Pla de Palafrugell or the Column in the Courtyard of the Chaplains in Elche.<br \/>\nAll of this work was oficially recognized in 2000 when he recieved the title of Master Craftsman.<\/span>\n                            <\/div>\n        <\/div>\n    <\/div>\n<\/div><div class=\"eltdf-workflow-item\">\n    <span class=\"line\" style=\"\"><\/span>\n    <div class=\"eltdf-workflow-item-inner\">\n        <div class=\"eltdf-workflow-image\">\n            <img width=\"781\" height=\"1024\" src=\"https:\/\/www.granitsbarbany.com\/wp-content\/uploads\/2020\/06\/JORDI_C\u00d2RSEGA.jpg\" class=\"attachment-full size-full\" alt=\"\" loading=\"lazy\" srcset=\"https:\/\/www.granitsbarbany.com\/wp-content\/uploads\/2020\/06\/JORDI_C\u00d2RSEGA.jpg 781w, https:\/\/www.granitsbarbany.com\/wp-content\/uploads\/2020\/06\/JORDI_C\u00d2RSEGA-229x300.jpg 229w, https:\/\/www.granitsbarbany.com\/wp-content\/uploads\/2020\/06\/JORDI_C\u00d2RSEGA-768x1007.jpg 768w\" sizes=\"(max-width: 781px) 100vw, 781px\" \/>        <\/div>\n        <div class=\"eltdf-workflow-text\">\n            <span class=\"circle\" style=\"border-color:#4e4e4e;background-color:#4e4e4e;\"><\/span>\n            <span class=\"circle-line\" style=\"background-color:#4e4e4e;\"><\/span>\n                            <div class=\"year\">1965 -<\/div>\n                        <div class=\"eltdf-workflow-title-text-holder\">\n                                    <div class=\"year-responsive\">1965 -<\/div>\n                                                    <span class=\"eltdf-workflow-caption\">Stone art in the 21st century<\/span>\n                                                    <h2>Jordi Barbany i Triad\u00f3<\/h2>\n                                                    <span class=\"text\">In the trade since the age of 16, Jordi was able to adapt the stonemason methodology to the 21st century and create his own mark on the company.<br \/>\nFrom 1993 on, his wife, Ana Maria Fern\u00e1ndez, joined the family business. In the same year, they made the first sculpture for the Sagrada Familia, a major turning point.<br \/>\nIn 2000, Ana and Jordi founded Granits Barbany S.L. In 2008, they modernized the workshop by renovating the installations with the latest technology.<br \/>\nJordi Barbany has participated in carrying out world-renowned works such as the Sagrada Familia, Santa Maria del Mar or Santa Maria church in Matar\u00f3. Also, he has been involved in many monuments and sculptures like the Aesculapius of Emp\u00faries. In a more artistic aspect, he has collaborated with artists like Jaume Plensa, Adel Abdessemed, Jordi Benito, Llu\u00eds Vent\u00f3s, Manuel Cusachs and Lau Feliu, among others.<br \/>\nIn recognition of his professional career, he recieved the title of Master Craftsman in 2015.<\/span>\n                            <\/div>\n        <\/div>\n    <\/div>\n<\/div><div class=\"eltdf-workflow-item\">\n    <span class=\"line\" style=\"\"><\/span>\n    <div class=\"eltdf-workflow-item-inner\">\n        <div class=\"eltdf-workflow-image\">\n            <img width=\"780\" height=\"1024\" src=\"https:\/\/www.granitsbarbany.com\/wp-content\/uploads\/2020\/06\/arnau-julia.jpg\" class=\"attachment-full size-full\" alt=\"\" loading=\"lazy\" srcset=\"https:\/\/www.granitsbarbany.com\/wp-content\/uploads\/2020\/06\/arnau-julia.jpg 780w, https:\/\/www.granitsbarbany.com\/wp-content\/uploads\/2020\/06\/arnau-julia-229x300.jpg 229w, https:\/\/www.granitsbarbany.com\/wp-content\/uploads\/2020\/06\/arnau-julia-768x1008.jpg 768w\" sizes=\"(max-width: 780px) 100vw, 780px\" \/>        <\/div>\n        <div class=\"eltdf-workflow-text\">\n            <span class=\"circle\" style=\"border-color:#4e4e4e;background-color:#4e4e4e;\"><\/span>\n            <span class=\"circle-line\" style=\"background-color:#4e4e4e;\"><\/span>\n                            <div class=\"year\">1993 \/ 1996 -<\/div>\n                        <div class=\"eltdf-workflow-title-text-holder\">\n                                    <div class=\"year-responsive\">1993 \/ 1996 -<\/div>\n                                                    <span class=\"eltdf-workflow-caption\">The present and the future<\/span>\n                                                    <h2>Arnau i J\u00falia Barbany Fern\u00e1ndez<\/h2>\n                                                    <span class=\"text\">Arnau and J\u00falia, children of Anna and Jordi, 4th generation of the lineage, have lived the craft of stonemason craftsmanship since they were very young.<br \/>\nArnau started his career in \u00d2rrius accompanied by his father Jordi and grandfather Pitu. Currently he is managing the company production where he has the oportunity to evolve profesionally with the latest technology.<br \/>\nHe has been the last member of the dynasty to work for Manuel Cusachs and the sculpture of Sant Antoni Abat. He has also worked for renowned artists like Jaume Plensa, Adel Abdessamed, Llu\u00eds Vent\u00f3s, and young designers such as Max Enrich or Sanna V\u00f6lker.<br \/>\nJulia, like everyone in the lineage, knows first hand the quarry and what surrounds it.<br \/>\nShe studied a double degree in Protocol and International Relations. Also a Master in Sports Management at the Johan Cruyff Institute.<br \/>\nAt Barbany she is responsible for the company\u2019s image and international relations. She is also responsible for promoting and organizing events and business visits to the company.<br \/>\nThey both know that effort is the first condition and the tool involved until the end of the process in creating unique pieces.<\/span>\n                            <\/div>\n        <\/div>\n    <\/div>\n<\/div>    <div class=\"eltdf-workflow-item eltdf-wi-hidden\">\n        <div class=\"eltdf-workflow-item-inner\">\n            <div class=\"eltdf-workflow-text\">\n                <span class=\"circle\"><\/span>\n            <\/div>\n        <\/div>\n    <\/div>\n<\/div>\t\t<\/div>\n\t<\/div>\n<\/div><\/div>[\/vc_column][\/vc_row][vc_row row_content_width=&#8221;grid&#8221; disable_background_image=&#8221;&#8221; css=&#8221;.vc_custom_1590484665524{padding-top: 40px !important;padding-bottom: 40px !important;}&#8221; simple_background_image=&#8221;2547&#8243;][vc_column]<div class=\"eltdf-elements-holder   eltdf-two-columns  eltdf-responsive-mode-1024 eltdf-one-column-alignment-left\" ><div class=\"eltdf-eh-item    \"  data-item-class=\"eltdf-eh-custom-9185\" data-1400-1600=\"127px 60px 134px 150px\" data-1025-1399=\"127px 60px 134px 100px\" data-769-1024=\"127px 100px 62px 100px\" data-681-768=\"100px 20px 50px 20px\" data-680=\"80px 10px 60px 10px\">\n\t<div class=\"eltdf-eh-item-inner\">\n\t\t<div class=\"eltdf-eh-item-content eltdf-eh-custom-9185\" style=\"padding: 120px 110px 120px 110px\">\n\t\t\t<div class=\"eltdf-section-title-holder   \" style=\"text-align: left\">\n\t<div class=\"eltdf-st-inner\">\n                    <span class=\"eltdf-st-caption\" style=\"color: #ffffff;margin: 0 0 6px 0\">\n                <span class=\"eltdf-st-caption-inner\" >Seguim en contacte<\/span>\n            <\/span>\n        \t\t\t\t\t<h2 class=\"eltdf-st-title\" style=\"color: #ffffff\">\n    <span class=\"eltdf-st-title-inner\"><span class=\"eltdf-st-side-line-left\" ><\/span>Newsletter<span class=\"eltdf-st-side-line-right\" ><\/span><\/span>\n\t\t\t<\/h2>\n\t\t\t\t\t\t\t<\/div>\n<\/div>[vc_empty_space height=&#8221;4px&#8221;][vc_column_text]<\/p>\n<p style=\"color: #fff;\">If you want to receive news about our team and work, leave us your details to keep in touch by email.<\/p>\n<p>[\/vc_column_text][vc_empty_space height=&#8221;24px&#8221;]\t\t<\/div>\n\t<\/div>\n<\/div><div class=\"eltdf-eh-item    \"  data-item-class=\"eltdf-eh-custom-7587\" data-1400-1600=\"32px 150px 40px 50px\" data-1025-1399=\"0 100px 40px 50px\" data-769-1024=\"0 100px 160px 100px\" data-681-768=\"0 20px 100px 20px\" data-680=\"0 10px 100px 10px\">\n\t<div class=\"eltdf-eh-item-inner\">\n\t\t<div class=\"eltdf-eh-item-content eltdf-eh-custom-7587\" style=\"padding: 80px 120px 40px 80px\">\n\t\t\t<div role=\"form\" class=\"wpcf7\" id=\"wpcf7-f10214-o1\" lang=\"en-US\" dir=\"ltr\">\n<div class=\"screen-reader-response\"><p role=\"status\" aria-live=\"polite\" aria-atomic=\"true\"><\/p> <ul><\/ul><\/div>\n<form action=\"\/en\/wp-json\/wp\/v2\/pages\/6691#wpcf7-f10214-o1\" method=\"post\" class=\"wpcf7-form init\" novalidate=\"novalidate\" data-status=\"init\">\n<div style=\"display: none;\">\n<input type=\"hidden\" name=\"_wpcf7\" value=\"10214\" \/>\n<input type=\"hidden\" name=\"_wpcf7_version\" value=\"5.4.2\" \/>\n<input type=\"hidden\" name=\"_wpcf7_locale\" value=\"en_US\" \/>\n<input type=\"hidden\" name=\"_wpcf7_unit_tag\" value=\"wpcf7-f10214-o1\" \/>\n<input type=\"hidden\" name=\"_wpcf7_container_post\" value=\"0\" \/>\n<input type=\"hidden\" name=\"_wpcf7_posted_data_hash\" value=\"\" \/>\n<input type=\"hidden\" name=\"_wpcf7_recaptcha_response\" value=\"\" \/>\n<\/div>\n<div class=\"eltdf-contact-form-main\">\n<p><label class=\"btnews-lb\"><span class=\"wpcf7-form-control-wrap your-name\"><input type=\"text\" name=\"your-name\" value=\"\" size=\"40\" class=\"wpcf7-form-control wpcf7-text wpcf7-validates-as-required\" aria-required=\"true\" aria-invalid=\"false\" placeholder=\"Name\" \/><\/span> <\/label><br \/>\n<label class=\"btnews-lb\"><span class=\"wpcf7-form-control-wrap your-email\"><input type=\"email\" name=\"your-email\" value=\"\" size=\"40\" class=\"wpcf7-form-control wpcf7-text wpcf7-email wpcf7-validates-as-required wpcf7-validates-as-email\" aria-required=\"true\" aria-invalid=\"false\" placeholder=\"E-Mail\" \/><\/span> <\/label><\/p>\n<p><button type=\"submit\" class=\"wpcf7-form-control wpcf7-submit eltdf-btn eltdf-btn-medium eltdf-btn-outline-slit btnews eltdf-btn eltdf-btn-medium eltdf-btn-outline\"><span class=\"eltdf-btn-text\">Subscribe<\/span><\/button>\n<\/p><\/div>\n<div class=\"wpcf7-response-output\" aria-hidden=\"true\"><\/div><\/form><\/div>\t\t<\/div>\n\t<\/div>\n<\/div><\/div>[\/vc_column][\/vc_row]<\/p>\n","protected":false},"excerpt":{"rendered":"<p>[vc_row][vc_column][\/vc_column][\/vc_row][vc_row row_content_width=&#8221;grid&#8221; css=&#8221;.vc_custom_1591612090396{padding-top: 145px !important;padding-bottom: 8px !important;}&#8221; el_class=&#8221;mes-picantpedra&#8221;][vc_column offset=&#8221;vc_col-lg-offset-1 vc_col-lg-10 vc_col-md-offset-0 vc_col-md-12 vc_col-sm-offset-0 vc_col-xs-12&#8243;][vc_empty_space height=&#8221;5px&#8221;][vc_column_text] They say that history must be read in the stones. We write our own, since the passion for stone accompanies us even at meals. So [&hellip;]<\/p>\n","protected":false},"author":1,"featured_media":0,"parent":0,"menu_order":0,"comment_status":"closed","ping_status":"closed","template":"full-width.php","meta":{"inline_featured_image":false},"_links":{"self":[{"href":"https:\/\/www.granitsbarbany.com\/en\/wp-json\/wp\/v2\/pages\/6691"}],"collection":[{"href":"https:\/\/www.granitsbarbany.com\/en\/wp-json\/wp\/v2\/pages"}],"about":[{"href":"https:\/\/www.granitsbarbany.com\/en\/wp-json\/wp\/v2\/types\/page"}],"author":[{"embeddable":true,"href":"https:\/\/www.granitsbarbany.com\/en\/wp-json\/wp\/v2\/users\/1"}],"replies":[{"embeddable":true,"href":"https:\/\/www.granitsbarbany.com\/en\/wp-json\/wp\/v2\/comments?post=6691"}],"version-history":[{"count":89,"href":"https:\/\/www.granitsbarbany.com\/en\/wp-json\/wp\/v2\/pages\/6691\/revisions"}],"predecessor-version":[{"id":13477,"href":"https:\/\/www.granitsbarbany.com\/en\/wp-json\/wp\/v2\/pages\/6691\/revisions\/13477"}],"wp:attachment":[{"href":"https:\/\/www.granitsbarbany.com\/en\/wp-json\/wp\/v2\/media?parent=6691"}],"curies":[{"name":"wp","href":"https:\/\/api.w.org\/{rel}","templated":true}]}}