{"id":9256,"date":"2020-05-21T16:39:40","date_gmt":"2020-05-21T16:39:40","guid":{"rendered":"http:\/\/www.granitsbarbany.com\/politica-de-privacitat\/"},"modified":"2020-12-16T13:58:50","modified_gmt":"2020-12-16T13:58:50","slug":"politica-de-privacidad","status":"publish","type":"page","link":"https:\/\/www.granitsbarbany.com\/es\/politica-de-privacidad\/","title":{"rendered":"Pol\u00edtica de privacidad"},"content":{"rendered":"<p>[vc_row css=\u00bb.vc_custom_1603973906510{padding-top: 80px !important;padding-bottom: 80px !important;}\u00bb][vc_column][vc_column_text]<strong>Informaci\u00f3n al usuario<\/strong><\/p>\n<p>El responsable del tratamiento de tus datos personales es Granits Barbany SL. CIF B62137088. Adre\u00e7a postal: c\/ Horts d&#8217;en Mateu, 10-12, 08450, Llinars del Vall\u00e8s (Barcelona).<\/p>\n<p>Aceptando la Pol\u00edtica de privacidad de Granits Barbany das tu consentimiento para enviarte informaci\u00f3n sobre las novedades del portal granitsbarbany.com y tambi\u00e9n las novedades comerciales, comunicaciones informativas y\/o nuevas promociones de sus servicios.<\/p>\n<p>Dispones del derecho a oposici\u00f3n, acceso, rectificaci\u00f3n o cancelaci\u00f3n de tus datos. Para ejercerlo, s\u00f3lo p\u00f3ngase en contacto con nosotros en c\/Horts d&#8217;en Mateu, 10-12, 08450, Llinars del Vall\u00e8s (Barcelona) o por correo electr\u00f3nico: info@granitsbarbany.com.<\/p>\n<p>Granits Barbany, SL, desde ahora RESPONSABLE, es el responsable del tratamiento de los datos personales del usuario y le informa que estos datos ser\u00e1n tratados de conformidad con lo dispuesto en las normativas vigentes en protecci\u00f3n de datos personales, el Reglamento (UE) 2016\/679 de 27 de abril de 2016 (GDPR) relativo a la protecci\u00f3n de las personas f\u00edsicas en lo que respecta al tratamiento de datos personales y a la libre circulaci\u00f3n de estos datos por lo que se le facilita la siguiente informaci\u00f3n del tratamiento:<\/p>\n<p>Finalidad del tratamiento: mantener una relaci\u00f3n comercial con el Usuario.<\/p>\n<p>Las operaciones previstas para realizar el tratamiento son:<\/p>\n<p>&#8211; Remisi\u00f3n de comunicaciones comerciales publicitarias por email, fax, SMS, MMS, comunidades sociales o cualquier otro medio electr\u00f3nico o f\u00edsico, presente o futuro, que posibilite realizar comunicaciones comerciales. Estas comunicaciones ser\u00e1n realizadas por el RESPONSABLE y relacionadas sobre sus productos y servicios, o de sus colaboradores o proveedores con los que \u00e9ste hubiera alcanzado alg\u00fan acuerdo de promoci\u00f3n. En este caso, los terceros nunca tendr\u00e1n acceso a los datos personales.<\/p>\n<p>&#8211; Realizar estudios estad\u00edsticos.<\/p>\n<p>&#8211; Tramitar encargos de solicitudes o cualquier tipo de petici\u00f3n que sea realizada por el usuario a trav\u00e9s de cualquiera de las formas de contacto que se ponen a su disposici\u00f3n.<\/p>\n<p>&#8211; Remitir el bolet\u00edn de noticias de la p\u00e1gina web.<\/p>\n<p><strong>Criterios de conservaci\u00f3n de los datos:<\/strong> se conservar\u00e1n mientras haya un inter\u00e9s mutuo para mantener el fin del tratamiento y cuando ya no sea necesario para tal fin, se suprimir\u00e1n con medidas de seguridad adecuadas para garantizar la seudonimizaci\u00f3n de los datos o la destrucci\u00f3n total de los mismos.<\/p>\n<p><strong>Comunicaci\u00f3n de los datos:<\/strong> No se comunicar\u00e1n los datos a terceros, excepto por obligaci\u00f3n legal.<\/p>\n<p><strong>Derechos que asisten al usuario:<\/strong><\/p>\n<p>&#8211; Derecho a retirar el consentimiento en cualquier momento. &#8211; Derecho de acceso, rectificaci\u00f3n, portabilidad y supresi\u00f3n de sus datos y de la limitaci\u00f3n u oposici\u00f3n a su tratamiento.<\/p>\n<p>&#8211; Derecho a presentar una reclamaci\u00f3n ante la autoridad de control (agpd.es) si considera que el tratamiento no se ajusta a la normativa vigente.<\/p>\n<p><strong>Datos de contacto para ejercer sus derechos:<\/strong><\/p>\n<p>Granits Barbany, SL Direcci\u00f3n postal: c\/ Horts d&#8217;en Mateu, 10-12, 08450, Llinars del Vall\u00e8s (Barcelona) Correo Electr\u00f3nico: info@granitsbarbany.com<\/p>\n<p>Los Usuarios, mediante la marcaci\u00f3n de las casillas correspondientes y entrada de datos en los campos, marcados con un asterisco (*) en el formulario de contacto o presentados en formularios de descarga, aceptan expresamente y de forma libre e inequ\u00edvoca, que sus datos son necesarios para atender su petici\u00f3n, por parte del prestador, siendo voluntaria la inclusi\u00f3n de datos en los campos restantes. El Usuario garantiza que los datos personales facilitados al RESPONSABLE son veraces y se hace responsable de comunicar cualquier modificaci\u00f3n de los mismos.<\/p>\n<p>El responsable informa y garantiza expresamente a los usuarios que sus datos personales no ser\u00e1n cedidos en ning\u00fan caso a terceros, y que siempre que realizara alg\u00fan tipo de cesi\u00f3n de datos personales, se pedir\u00e1 previamente el consentimiento expreso, informado e inequ\u00edvoco por parte de los Usuarios. Todos los datos solicitados a trav\u00e9s del sitio web son obligatorios, ya que son necesarios para la prestaci\u00f3n de un servicio \u00f3ptimo al usuario. En caso de que no sean facilitados todos los datos, no se garantiza que la informaci\u00f3n y servicios facilitados sean completamente ajustados a sus necesidades.<\/p>\n<p><strong>Pol\u00edtica respecto a los datos personales obtenidos a trav\u00e9s de formularios<\/strong><br \/>\nSin perjuicio de lo previsto en lo que se indica en cada uno de los formularios de la web, cuando el usuario facilite sus datos de car\u00e1cter personal est\u00e1 autorizando expresamente Granits Barbany al tratamiento de sus datos personales para las finalidades que se le indiquen y a su incorporaci\u00f3n a las bases de datos de la empresa.<\/p>\n<p>Granits Barbany incorporar\u00e1 los datos facilitados por el usuario en un fichero debidamente legalizado ante la Agencia de Protecci\u00f3n de Datos y establecer\u00e1 las medidas de seguridad t\u00e9cnicas y organizativas para proteger la confidencialidad e integridad de la informaci\u00f3n de acuerdo con lo establecido en la Ley org\u00e1nica 15\/1999, de 13 de diciembre, de protecci\u00f3n de datos de car\u00e1cter personal y la legislaci\u00f3n adicional aplicable.<\/p>\n<p>Al transmitir informaciones a trav\u00e9s de este sitio web:<\/p>\n<p>El usuario declara su consentimiento en el procesamiento de los datos relativos a su persona, como su nombre y funci\u00f3n, su direcci\u00f3n, n\u00famero de tel\u00e9fono, detalles para ponerse en contacto y otros datos personales.<\/p>\n<p>Los datos personales no ser\u00e1n dados a conocer por Granits Barbany a sujetos jur\u00eddicos y personas que no sean de la empresa sin su autorizaci\u00f3n, a excepci\u00f3n de los casos indicados a continuaci\u00f3n.<\/p>\n<p>Datos comerciales: A los efectos de lo dispuesto en la Ley Org\u00e1nica 15\/1999, de 13 de diciembre, de protecci\u00f3n de datos de car\u00e1cter personal y la Ley 34\/2002, de 11 de julio, de servicios de la sociedad de la informaci\u00f3n, y de conformidad con las leyes mencionadas, Granits Barbany informa al usuario de la existencia de un fichero de datos de car\u00e1cter personal creado con los datos aportados por el usuario y, por tanto, obtenidas en la web para Granits Barbany, es responsable, con las finalidades de informaci\u00f3n y prestaci\u00f3n de los servicios ofrecidos en el portal, as\u00ed como la realizaci\u00f3n de actividades promocionales y publicitarias de productos comercializados por Granits Barbany a trav\u00e9s de cualquier medio, incluyendo el env\u00edo de correos electr\u00f3nicos y de mensajes mediante cualquier sistema -incluyendo SMS, UMTS, etc., que puedan servir para hacer ofertas, enviar informaci\u00f3n comercial, de eventos, etc. Sus datos y, en su caso, opiniones, sugerencias, etc. podr\u00e1n ser utilizados para estudios comerciales y \/ o de mercado, adecuando nuestras ofertas a sus preferencias y \/ o necesidades, a partir del estudio y segmentaci\u00f3n de la informaci\u00f3n personal y comercial que figure en nuestros ficheros como consecuencia del su acceso a la web, as\u00ed como para permitir una navegaci\u00f3n personalizada. Dicho fichero se encuentra debidamente inscrito en el Registro General de la Agencia de Protecci\u00f3n de Datos.<\/p>\n<p>El usuario acepta expresamente el tratamiento y la inclusi\u00f3n de los datos recogidos durante la navegaci\u00f3n en la web, o proporcionados mediante la cumplimentaci\u00f3n de cualquier formulario, as\u00ed como las derivadas de la relaci\u00f3n comercial, en el fichero automatizado de datos de car\u00e1cter personal referido en el apartado anterior. Durante el proceso de recogida de datos, y en cada lugar de la web en la que se soliciten dichos datos, el usuario ser\u00e1 informado, mediante un hiperenlace o bien la inclusi\u00f3n de las menciones oportunas en el mismo formulario, del car\u00e1cter obligatorio o no de la recogida de los datos para la entrega de los productos.<\/p>\n<p>El usuario podr\u00e1 ejercer, respecto a los datos recogidos, los derechos reconocidos en la Ley Org\u00e1nica 15\/1999, de 13 de diciembre, de protecci\u00f3n de datos de car\u00e1cter personal, y especialmente los derechos de acceso, rectificaci\u00f3n, cancelaci\u00f3n y oposici\u00f3n, siempre que sea legalmente pertinente, as\u00ed como el de revocaci\u00f3n del consentimiento para la cesi\u00f3n de sus datos o para cualquiera de los usos antes mencionados. Los derechos referidos en el p\u00e1rrafo precedente se podr\u00e1n ejercer mediante solicitud escrita y firmada, enviada por correo postal a la siguiente direcci\u00f3n: Granits Barbany, SL, c \/ Horts d&#8217;en Mateu, 10-12, 08450, Llinars del Vall\u00e8s (Barcelona), o bien a trav\u00e9s de la misma p\u00e1gina web.<\/p>\n<p>Granits Barbany se compromete, en la utilizaci\u00f3n de los datos incluidos en los ficheros referidos m\u00e1s arriba, a respetar su confidencialidad y a usarlos de acuerdo con la finalidad del fichero, as\u00ed como a cumplir su obligaci\u00f3n de guardarlos y a tomar todas las medidas necesarias para evitar su alteraci\u00f3n, p\u00e9rdida, tratamiento o acceso no autorizado.<\/p>\n<p>Los datos incluidos en los ficheros anteriores no ser\u00e1n objeto de cesi\u00f3n a terceros.<\/p>\n<p><strong>Confidencialidad<\/strong><\/p>\n<p>Granits Barbany se compromete a cumplir su obligaci\u00f3n de mantener en secreto los datos de car\u00e1cter personal y su deber de guardarlos de forma confidencial y adoptar\u00e1 las medidas necesarias para evitar su alteraci\u00f3n, p\u00e9rdida, tratamiento o el acceso no autorizado, habida cuenta en todo momento del estado de la tecnolog\u00eda.<\/p>\n<p><strong>Tratamiento de los datos obtenidos a trav\u00e9s de la navegaci\u00f3n<\/strong><\/p>\n<p>Esta web utiliza cookies. Si desea impedir su generaci\u00f3n, ser\u00e1 necesario que desactive esta acci\u00f3n desde el navegador.<\/p>\n<p>Las cookies son un conjunto de datos que un servidor deposita en el navegador del usuario y que puede sollicitar posteriormente para reconocer a lo largo de una serie de visitas. Es decir, se trata de un peque\u00f1o archivo de texto que queda almacenado en el disco duro del ordenador y que sirve para identificar al usuario cuando se conecta nuevamente al sitio web. Su objetivo es registrar la visita del usuario y guardar cierta informaci\u00f3n.<\/p>\n<p>\u00bfQu\u00e9 tipos de cookies hay?<\/p>\n<p>Tomando como base su duraci\u00f3n, las cookies se pueden clasificar en \u00abcookies de sesi\u00f3n\u00bb y en \u00abcookies permanentes\u00bb. Las cookies de sesi\u00f3n se borran del equipo del usuario cuando \u00e9ste abandona el sitio web visitado o cierra el navegador. Normalmente se almacenan en la memoria cach\u00e9 del equipo. Por otra parte, las cookies permanentes se guardan en el disco duro del equipo del usuario de forma permanente o prolongada, por lo que el sitio web que las ha lanzado puede leerlas cada vez que el usuario lo visite de nuevo. La fecha de caducidad de este tipo de cookies es determinada por el sitio web que las lanza.<\/p>\n<p>Adem\u00e1s, Granits Barbany utiliza cookies de anal\u00edtica de Google Analytics. Sirven para identificar de manera an\u00f3nima el visitante y para contabilizar aproximadamente el n\u00famero de visitantes y su tendencia en el tiempo, as\u00ed como para descubrir tambi\u00e9n de manera an\u00f3nima qu\u00e9 contenidos son m\u00e1s consumidos, si es la primera vez que se visita la web o bien si se trata de un usuario recurrente. Estas cookies \u00fanicamente se utilizan con prop\u00f3sitos estad\u00edsticos para optimizar la experiencia de los usuarios al sitio. Se puede encontrar m\u00e1s informaci\u00f3n sobre la pol\u00edtica de privacidad de estas herramientas de anal\u00edtica en Google Analytics.<\/p>\n<p>El usuario puede configurar su navegador para ser avisado de la recepci\u00f3n de cookies y, si lo desea, impedir su instalaci\u00f3n en su equipo. Asimismo, el usuario puede revisar en su navegador qu\u00e9 cookies tiene instaladas y cu\u00e1l es su plazo de caducidad, a la vez que puede eliminarlas. Para ampliar esta informaci\u00f3n, consulte las instrucciones y manuales de su navegador.<\/p>\n<p>En caso de que el usuario no permita el uso de cookies durante su navegaci\u00f3n por este sitio web, Granits Barbany no garantiza que la informaci\u00f3n aparecida durante la navegaci\u00f3n sea exacta, completa o, incluso, que la navegaci\u00f3n sea t\u00e9cnicamente posible o viable.<\/p>\n<p>Actualmente, la mayor\u00eda de navegadores permiten al usuario configurar si desean aceptar cookies y cu\u00e1les. Estos ajustes normalmente se encuentran en las \u00abOpciones\u00bb o \u00abPreferencias\u00bb del men\u00fa del navegador.<\/p>\n<p>Estas son las instrucciones para configurar las cookies en los principales navegadores:<br \/>\nFirefox: Herramientas -&gt; Opciones -&gt; Privacidad -&gt; Historial -&gt; Configuraci\u00f3n personalizada. Para m\u00e1s informaci\u00f3n, puede consultar el apoyo de Mozilla o la Ayuda del navegador.<\/p>\n<p>Chrome: Configuraci\u00f3n -&gt; Mostrar opciones avanzadas -&gt; Privacidad -&gt; Configuraci\u00f3n de contenido. Para m\u00e1s informaci\u00f3n, puede consultar el apoyo de Google o la Ayuda del navegador.<\/p>\n<p>Internet Explorer: Herramientas -&gt; Opciones de Internet -&gt; Privacidad -&gt; Configuraci\u00f3n. Para m\u00e1s informaci\u00f3n, puede consultar el apoyo de Microsoft o la Ayuda del navegador.<\/p>\n<p>Safari: Preferencias -&gt; Seguridad. Para m\u00e1s informaci\u00f3n, puede consultar el apoyo de Apple o la Ayuda del navegador.<\/p>\n<p><strong>Observaciones del usuario y de los colaboradores<\/strong><br \/>\nEl colaborador garantiza que la informaci\u00f3n, el material, los contenidos o las observaciones que no sean sus propios datos personales y que sean facilitados a Granits Barbany a trav\u00e9s de la web, no infringen los derechos de propiedad intelectual o industrial de terceros, ni ninguna otra disposici\u00f3n legal. La informaci\u00f3n, los materiales, contenidos u observaciones de car\u00e1cter no personal que el usuario facilite a Granits Barbany, se considerar\u00e1n no confidenciales, y Granits Barbany se reservar\u00e1 el derecho a usarlas de la forma que considere m\u00e1s adecuada.<\/p>\n<p><strong>Medidas de seguridad<\/strong><br \/>\nDe conformidad con lo dispuesto en las normativas vigentes en protecci\u00f3n de datos personales, el RESPONSABLE est\u00e1 cumpliendo con todas las disposiciones de las normativas GDPR para el tratamiento de los datos personales de su responsabilidad, y manifiestamente con los principios descritos en el art\u00edculo 5 del GDPR, los que son tratados de manera l\u00edcita, leal y transparente en relaci\u00f3n con el interesado y adecuados, pertinentes y limitados a lo necesario en relaci\u00f3n con los fines para los que son tratados.<\/p>\n<p>El RESPONSABLE garantiza que ha implementado pol\u00edticas t\u00e9cnicas y organizativas apropiadas para aplicar las medidas de seguridad que establecen el GDPR para proteger los derechos y libertades de los Usuarios y les ha comunicado la informaci\u00f3n adecuada para que puedan ejercerlos.[\/vc_column_text][\/vc_column][\/vc_row]<\/p>\n","protected":false},"excerpt":{"rendered":"<p>[vc_row css=\u00bb.vc_custom_1603973906510{padding-top: 80px !important;padding-bottom: 80px !important;}\u00bb][vc_column][vc_column_text]Informaci\u00f3n al usuario El responsable del tratamiento de tus datos personales es Granits Barbany SL. CIF B62137088. Adre\u00e7a postal: c\/ Horts d&#8217;en Mateu, 10-12, 08450, Llinars del Vall\u00e8s (Barcelona). Aceptando la Pol\u00edtica de privacidad de [&hellip;]<\/p>\n","protected":false},"author":1,"featured_media":0,"parent":0,"menu_order":0,"comment_status":"closed","ping_status":"open","template":"","meta":{"inline_featured_image":false},"_links":{"self":[{"href":"https:\/\/www.granitsbarbany.com\/es\/wp-json\/wp\/v2\/pages\/9256"}],"collection":[{"href":"https:\/\/www.granitsbarbany.com\/es\/wp-json\/wp\/v2\/pages"}],"about":[{"href":"https:\/\/www.granitsbarbany.com\/es\/wp-json\/wp\/v2\/types\/page"}],"author":[{"embeddable":true,"href":"https:\/\/www.granitsbarbany.com\/es\/wp-json\/wp\/v2\/users\/1"}],"replies":[{"embeddable":true,"href":"https:\/\/www.granitsbarbany.com\/es\/wp-json\/wp\/v2\/comments?post=9256"}],"version-history":[{"count":22,"href":"https:\/\/www.granitsbarbany.com\/es\/wp-json\/wp\/v2\/pages\/9256\/revisions"}],"predecessor-version":[{"id":9533,"href":"https:\/\/www.granitsbarbany.com\/es\/wp-json\/wp\/v2\/pages\/9256\/revisions\/9533"}],"wp:attachment":[{"href":"https:\/\/www.granitsbarbany.com\/es\/wp-json\/wp\/v2\/media?parent=9256"}],"curies":[{"name":"wp","href":"https:\/\/api.w.org\/{rel}","templated":true}]}}